{"id":35497,"date":"2025-05-30T10:19:17","date_gmt":"2025-05-30T13:19:17","guid":{"rendered":"https:\/\/embreex.com.br\/?post_type=product&#038;p=35497"},"modified":"2025-10-29T13:18:57","modified_gmt":"2025-10-29T16:18:57","slug":"esteira-556","status":"publish","type":"product","link":"https:\/\/embreex.com.br\/es\/produto\/esteira-556\/","title":{"rendered":"TROTADORA 556 CLUB"},"content":{"rendered":"<p><\/p>\n<div class=\"mkd-grid-col-4\">\n<h5>PANEL<\/h5>\n<p>programable y multifuncional<\/p>\n<\/div>\n<div class=\"mkd-grid-col-4\">\n<h5>PANTALLA<\/h5>\n<p>6 displays em LED<\/p>\n<\/div>\n<div class=\"mkd-grid-col-4\">\n<h5>FUNCIONES DEL PANEL<\/h5>\n<p>velocidad, inclinaci\u00f3n, cron\u00f3metro, distancia, quema cal\u00f3rica y monitoreo card\u00edaco<\/p>\n<\/div>\n<div style=\"clear: both;\"><\/div>\n<div class=\"mkd-grid-col-4\">\n<h5>PROGRAMAS DE ENTRENAMIENTO<\/h5>\n<p>28<\/p>\n<\/div>\n<div class=\"mkd-grid-col-4\">\n<h5>SISTEMA DE INCLINACI\u00d3N<\/h5>\n<p>eletronica<\/p>\n<\/div>\n<div class=\"mkd-grid-col-4\">\n<h5>INCLINACI\u00d3N<\/h5>\n<p>20 niveles<\/p>\n<\/div>\n<div style=\"clear: both;\"><\/div>\n<div class=\"mkd-grid-col-4\">\n<h5>SISTEMA DE AMORTIGUACI\u00d3N<\/h5>\n<p>cojines el\u00e1sticos<\/p>\n<\/div>\n<div class=\"mkd-grid-col-4\">\n<h5>SISTEMA DE SEGURIDAD<\/h5>\n<p>S\u00cd \u2013 Llave magn\u00e9tica<\/p>\n<\/div>\n<div class=\"mkd-grid-col-4\">\n<h5>LUBRICACI\u00d3N<\/h5>\n<p>peri\u00f3dica (manual)<\/p>\n<\/div>\n<div style=\"clear: both;\"><\/div>\n<div class=\"mkd-grid-col-4\">\n<h5>MONITOREO CARD\u00cdACO<\/h5>\n<p>sensores grip pulse<\/p>\n<\/div>\n<div class=\"mkd-grid-col-4\">\n<h5>MOTOR<\/h5>\n<p>DC 3.0 HP peak power<\/p>\n<\/div>\n<div class=\"mkd-grid-col-4\">\n<h5>VELOCIDAD<\/h5>\n<p>1,0 a 20 km\/h<\/p>\n<\/div>\n<div style=\"clear: both;\"><\/div>\n<div class=\"mkd-grid-col-4\">\n<h5>\u00c1REA DE CARRERAS (CM)<\/h5>\n<p>141 x 52<\/p>\n<\/div>\n<div class=\"mkd-grid-col-4\">\n<h5>ALINEACI\u00d3NDE LONA<\/h5>\n<p>rollos autocentrados<\/p>\n<\/div>\n<div class=\"mkd-grid-col-4\">\n<h5>ESTRUCTURA<\/h5>\n<p>acero al carbono<\/p>\n<\/div>\n<div style=\"clear: both;\"><\/div>\n<div class=\"mkd-grid-col-4\">\n<h5>CARENADO<\/h5>\n<p>ABS de alta resistencia<\/p>\n<\/div>\n<div class=\"mkd-grid-col-4\">\n<h5>CONSOLA<\/h5>\n<p>polietileno de alta densidad<\/p>\n<\/div>\n<div class=\"mkd-grid-col-4\">\n<h5>PINTURA<\/h5>\n<p>electrost\u00e1tica<\/p>\n<\/div>\n<div style=\"clear: both;\"><\/div>\n<div class=\"mkd-grid-col-4\">\n<h5>SOPORTE PARA OBJETO<\/h5>\n<p>2<\/p>\n<\/div>\n<div class=\"mkd-grid-col-4\">\n<h5>PLEGABLE<\/h5>\n<p>S\u00cd<\/p>\n<\/div>\n<div class=\"mkd-grid-col-4\">\n<h5>TRANSPORTE<\/h5>\n<p>ruedas delanteras<\/p>\n<\/div>\n<div style=\"clear: both;\"><\/div>\n<div class=\"mkd-grid-col-4\">\n<h5>GARANT\u00cdA<\/h5>\n<p>hasta 1 a\u00f1os*<\/p>\n<\/div>\n<div class=\"mkd-grid-col-4\">\n<h5><\/h5>\n<\/div>\n<div class=\"mkd-grid-col-4\">\n<h5><\/h5>\n<\/div>\n<div style=\"clear: both;\"><\/div>\n<div class=\"mkd-grid-col-4\">\n<h5><\/h5>\n<\/div>\n<div class=\"mkd-grid-col-4\">\n<h5><\/h5>\n<\/div>\n<div class=\"mkd-grid-col-4\">\n<h5><\/h5>\n<\/div>\n<div style=\"clear: both;\"><\/div>\n<div class=\"mkd-grid-col-4\">\n<h5><\/h5>\n<\/div>\n<div class=\"mkd-grid-col-4\">\n<h5><\/h5>\n<\/div>\n<div class=\"mkd-grid-col-4 bt-pula idioma-portugues\"><\/div>\n<div class=\"mkd-grid-col-4 bt-pula2 idioma-espanhol\"><a href=\"\/esteiras\/\" class=\"bt-manut\">Mantenimiento preventivo<\/a><\/div>\n<div class=\"mkd-grid-col-4\"><\/div>\n<div class=\"mkd-grid-col-4 bt-pula2 idioma-espanhol\"><\/div>\n<div class=\"mkd-grid-col-4\"><\/div>\n<div class=\"mkd-grid-col-4 bt-pula2 idioma-espanhol\"><\/div>\n<p><\/p>","protected":false},"excerpt":{"rendered":"<p>La Trotadora 556 es parte de la L\u00ednea Club de equipos semiprofesionales. Con un dise\u00f1o limpio y paneles intuitivos, los equipos contempor\u00e1neos de la L\u00ednea Club son ideales para condominios, residencias, clubes, hoteles y constructoras. El panel programable y multifuncional en LCD de la cinta de correr 556 Club es autoexplicativo y f\u00e1cil de usar. Presenta funciones de velocidad, inclinaci\u00f3n, distancia, quema de calor\u00edas y monitoreo card\u00edaco\/cron\u00f3metro. Adem\u00e1s, cuenta con 8 accesos directos para mayor practicidad y un controlador central de velocidad.<\/p>\n<p data-start=\"638\" data-end=\"1285\">La Trotadora 556 Club tiene una estructura de acero al carbono con pintura electrost\u00e1tica resistente a la oxidaci\u00f3n, cubiertas de ABS y consola de polietileno de alta densidad que promueven una gran durabilidad. Est\u00e1 equipada con cojines el\u00e1sticos que reducen el impacto en las articulaciones del usuario, proporcionando mayor confort durante la caminata o carrera. El monitoreo card\u00edaco se realiza mediante sensores grip pulse estrat\u00e9gicamente ubicados en los agarres para un f\u00e1cil acceso. Dispone de 20 niveles de inclinaci\u00f3n para ejercicios m\u00e1s intensos y un sistema de seguridad con llave magn\u00e9tica para paradas de emergencia.<\/p>\n<p data-start=\"1287\" data-end=\"1327\">Adem\u00e1s, cuenta con diversas comodidades:<\/p>\n<p data-start=\"1330\" data-end=\"1367\">&#8211; 2 amplios portabotellas y accesorios;<br \/>\n&#8211; Cargador de smartphone por inducci\u00f3n;<br \/>\n&#8211; Bluetooth para conectividad con aplicaciones de fitness y la aplicaci\u00f3n FitShow para operar la cinta a trav\u00e9s del smartphone;<br \/>\n&#8211; Altavoces para reproducci\u00f3n de audio v\u00eda Bluetooth;<br \/>\n&#8211; Pelda\u00f1os antideslizantes a lo largo de toda el \u00e1rea \u00fatil para mayor seguridad;<br \/>\n&#8211; Estructura plegable para un mejor aprovechamiento del espacio de manera pr\u00e1ctica.<\/p>\n<p data-start=\"1756\" data-end=\"1932\">Adem\u00e1s de todas las ventajas que este producto ofrece, puedes contar tambi\u00e9n con la seguridad del Servicio T\u00e9cnico EMBREEX\u00ae, que garantiza el m\u00e1ximo rendimiento de este equipo.<\/p>\n","protected":false},"featured_media":35487,"template":"","meta":[],"product_brand":[],"product_cat":[330],"product_tag":[],"class_list":{"0":"post-35497","1":"product","2":"type-product","3":"status-publish","4":"has-post-thumbnail","6":"product_cat-club","7":"pa_alinhamento-de-lona-rolos-autocentrantes","8":"pa_area-de-corrida-cm-130-x-46-cm","9":"pa_atalhos-de-comandos-360","10":"pa_carenagem-abs-de-alta-resistencia","11":"pa_categoria-esteiras","12":"pa_console-polietileno-de-alta-densidade","13":"pa_display-lcd-47","14":"pa_dobravel-sim","15":"pa_estrutura-aco-carbono","16":"pa_finalidade-residencial","17":"pa_finalidade-semiprofissional","18":"pa_funcoes-do-painel-velocidade-cronometro-distancia-queima-calorica-e-monitoramento-cardiaco","19":"pa_garantia-ate-1-ano","20":"pa_inclinacao-0-a-5","21":"pa_lubrificacao-periodica-manual","22":"pa_monitoramento-cardiaco-sensores-grip-pulse","23":"pa_motor-2-hp","24":"pa_painel-programavel-e-multifuncional","25":"pa_pintura-eletrostatica","26":"pa_porta-objetos-354","27":"pa_programas-de-treinamento-359","28":"pa_sistema-de-amortecimento-coxins-elasticos","29":"pa_sistema-de-inclinacao-manual","30":"pa_sistema-de-seguranca-sim-chave-magnetica","31":"pa_tipo-de-treino-cardiovascular-aerobico","32":"pa_transporte-rodas-dianteiras","33":"pa_velocidade-10-a-16-km-h","35":"first","36":"instock","37":"product-type-simple"},"_links":{"self":[{"href":"https:\/\/embreex.com.br\/es\/wp-json\/wp\/v2\/product\/35497","targetHints":{"allow":["GET"]}}],"collection":[{"href":"https:\/\/embreex.com.br\/es\/wp-json\/wp\/v2\/product"}],"about":[{"href":"https:\/\/embreex.com.br\/es\/wp-json\/wp\/v2\/types\/product"}],"wp:featuredmedia":[{"embeddable":true,"href":"https:\/\/embreex.com.br\/es\/wp-json\/wp\/v2\/media\/35487"}],"wp:attachment":[{"href":"https:\/\/embreex.com.br\/es\/wp-json\/wp\/v2\/media?parent=35497"}],"wp:term":[{"taxonomy":"product_brand","embeddable":true,"href":"https:\/\/embreex.com.br\/es\/wp-json\/wp\/v2\/product_brand?post=35497"},{"taxonomy":"product_cat","embeddable":true,"href":"https:\/\/embreex.com.br\/es\/wp-json\/wp\/v2\/product_cat?post=35497"},{"taxonomy":"product_tag","embeddable":true,"href":"https:\/\/embreex.com.br\/es\/wp-json\/wp\/v2\/product_tag?post=35497"}],"curies":[{"name":"wp","href":"https:\/\/api.w.org\/{rel}","templated":true}]}}