{"id":34776,"date":"2025-01-22T07:40:49","date_gmt":"2025-01-22T10:40:49","guid":{"rendered":"https:\/\/embreex.com.br\/?post_type=product&#038;p=34776"},"modified":"2025-08-20T14:25:43","modified_gmt":"2025-08-20T17:25:43","slug":"spinning-bike-344-smart","status":"publish","type":"product","link":"https:\/\/embreex.com.br\/es\/produto\/spinning-bike-344-smart\/","title":{"rendered":"SPINNING BIKE 344 SMART"},"content":{"rendered":"<p><\/p>\n<div class=\"mkd-grid-col-4\">\n<h5>SISTEMA DE TRANSMISI\u00d3N<\/h5>\n<p>cintur\u00f3n<\/p>\n<\/div>\n<div class=\"mkd-grid-col-4\">\n<h5>PESO VOLANTE INERCIA<\/h5>\n<p>22,5 kg de hierro fundido<\/p>\n<\/div>\n<div class=\"mkd-grid-col-4\">\n<h5>SISTEMA DE FRENADO<\/h5>\n<p>axial por fricci\u00f3n<\/p>\n<\/div>\n<div style=\"clear: both;\"><\/div>\n<div class=\"mkd-grid-col-4\">\n<h5>MOVIMIENTO CENTRAL<\/h5>\n<p>eje con rodamiento<\/p>\n<\/div>\n<div class=\"mkd-grid-col-4\">\n<h5>CARENADO<\/h5>\n<p>ABS de alta resistencia<\/p>\n<\/div>\n<div class=\"mkd-grid-col-4\">\n<h5>MANILLAR<\/h5>\n<p>tacto texturizado con protecci\u00f3n anti hongos<\/p>\n<\/div>\n<div style=\"clear: both;\"><\/div>\n<div class=\"mkd-grid-col-4\">\n<h5>ASIENTO<\/h5>\n<p>anat\u00f3mico y suave<\/p>\n<\/div>\n<div class=\"mkd-grid-col-4\">\n<h5>AJUSTE DE ALTURA DEL MANILLAR<\/h5>\n<p>amplia variaci\u00f3n de altura<\/p>\n<\/div>\n<div class=\"mkd-grid-col-4\">\n<h5>AJUSTE DE DISTANCIA DEL MANILLAR<\/h5>\n<p>_<\/p>\n<\/div>\n<div style=\"clear: both;\"><\/div>\n<div class=\"mkd-grid-col-4\">\n<h5>AJUSTE DE ALTURA DEL ASIENTO<\/h5>\n<p>amplia variaci\u00f3n de altura<\/p>\n<\/div>\n<div class=\"mkd-grid-col-4\">\n<h5>AJUSTE DE DISTANCIA DEL ASIENTO<\/h5>\n<p>amplia variaci\u00f3n de distancia<\/p>\n<\/div>\n<div class=\"mkd-grid-col-4\">\n<h5>ESTRUCTURA<\/h5>\n<p>acero al carbono con pintura electrost\u00e1tica doble<\/p>\n<\/div>\n<div style=\"clear: both;\"><\/div>\n<div class=\"mkd-grid-col-4\">\n<h5>ZAPATAS<\/h5>\n<p>4 zapatas ajustables<\/p>\n<\/div>\n<div class=\"mkd-grid-col-4\">\n<h5>PEDALES<\/h5>\n<p>antideslizantes y asas de seguridad<\/p>\n<\/div>\n<div class=\"mkd-grid-col-4\">\n<h5>SISTEMA EMERGENCIA<\/h5>\n<p>pomo de f\u00e1cil acceso<\/p>\n<\/div>\n<div style=\"clear: both;\"><\/div>\n<div class=\"mkd-grid-col-4\">\n<h5>TRANSPORTE<\/h5>\n<p>ruedas delanteras<\/p>\n<\/div>\n<div class=\"mkd-grid-col-4\">\n<h5>GARANT\u00cdA<\/h5>\n<p>hasta 3 a\u00f1os*<\/p>\n<\/div>\n<div class=\"mkd-grid-col-4\">\n<h5><\/h5>\n<\/div>\n<div style=\"clear: both;\"><\/div>\n<div class=\"mkd-grid-col-4\">\n<h5><\/h5>\n<\/div>\n<div class=\"mkd-grid-col-4\">\n<h5><\/h5>\n<\/div>\n<div class=\"mkd-grid-col-4\">\n<h5><\/h5>\n<\/div>\n<div style=\"clear: both;\"><\/div>\n<div class=\"mkd-grid-col-4\">\n<h5><\/h5>\n<\/div>\n<div class=\"mkd-grid-col-4\">\n<h5><\/h5>\n<\/div>\n<div class=\"mkd-grid-col-4\">\n<h5><\/h5>\n<\/div>\n<div style=\"clear: both;\"><\/div>\n<div class=\"mkd-grid-col-4\">\n<h5><\/h5>\n<\/div>\n<div class=\"mkd-grid-col-4\">\n<h5><\/h5>\n<\/div>\n<div class=\"mkd-grid-col-4\">\n<h5><\/h5>\n<\/div>\n<div style=\"clear: both;\"><\/div>\n<div class=\"mkd-grid-col-4\">\n<h5><\/h5>\n<\/div>\n<div class=\"mkd-grid-col-4\">\n<h5><\/h5>\n<\/div>\n<div style=\"clear: both;\"><\/div>\n<div class=\"mkd-grid-col-4 bt-pula idioma-portugues\"><a href=\"http:\/\/embreex.com.br\/wp-content\/uploads\/2024\/12\/344.pdf\" class=\"bt-manut\">manual do produto<\/a><\/div>\n<div class=\"mkd-grid-col-4 bt-pula2 idioma-espanhol\"><a href=\"http:\/\/embreex.com.br\/wp-content\/uploads\/2024\/12\/344.pdf\" class=\"bt-manut\">manual de producto<\/a><\/div>\n<div class=\"mkd-grid-col-4 bt-pula2 idioma-portugues\"><a href=\"\/manutencao-bikes-2\/\" class=\"bt-manut\">manuten\u00e7\u00e3o preventiva<\/a><\/div>\n<div class=\"mkd-grid-col-4 bt-pula2 idioma-espanhol\"><a href=\"\/manutencao-bikes-2\/\" class=\"bt-manut\">Mantenimiento preventivo<\/a><\/div>\n<div class=\"mkd-grid-col-4 bt-pula2 idioma-ingles\"><a href=\"\/manutencao-bikes-2\/\" class=\"bt-manut\">Preventive Maintenance<\/a><\/div>\n<div style=\"clear: both;\"><\/div>\n<p><\/p>","protected":false},"excerpt":{"rendered":"<p>El Spinning Bike 344 Smart forma parte de la L\u00ednea Premium de equipos profesionales desarrollados especialmente para las intensas rutinas de los grandes gimnasios.<br \/>\nCon volante de inercia de 22,5 kg de hierro fundido y varios niveles de resistencia, el Spinning Bike 344 es ideal para clases grupales en los gimnasios.<br \/>\nEl Spinning Bike 344 Smart es adaptable a todos los perfiles de los estudiantes, ya que tiene un amplio ajuste de la altura y de la distancia del asiento y amplio ajuste de la altura del manillar.<br \/>\nA spinning bike 344 Smart cuenta con sensor de cadencia y tecnolog\u00eda Bluetooth para conectividad con diversas aplicaciones de fitness, adem\u00e1s de soporte para smartphones estrat\u00e9gicamente posicionado.<br \/>\nPara una mayor comodidad, tiene un asiento anat\u00f3mico en PU y portabotellas de f\u00e1cil acceso.<br \/>\nEl manillar tiene tacto texturizado y formato que permite amplias variaciones de uso.<br \/>\nLos pedales son autoequilibrados y tienen asas de seguridad para mayor confianza en entrenamientos avanzados.<br \/>\nEl Spinning Bike 344 Smart tiene un sistema de frenado de seguridad que puede activarse mediante una manija de f\u00e1cil acceso que promueve la parada del equipo en caso de emergencia.<br \/>\nSu estructura de acero al carbono con pintura electrost\u00e1tica previene la oxidaci\u00f3n.<br \/>\nAdem\u00e1s de todas las ventajas que este producto ofrece, usted a\u00fan puede contar con la seguridad de la Asistencia T\u00e9cnica EMBREEX\u00ae, que garantiza el m\u00e1ximo rendimiento de este equipo.<br \/>\nEl eficiente sistema de frenado axial puede activarse mediante un bot\u00f3n de f\u00e1cil acceso que promueve la parada inmediata del equipo en caso de emergencia.<br \/>\nSu estructura de acero al carbono con pintura electrost\u00e1tica previene la oxidaci\u00f3n.<br \/>\nEl Spinning Bike 344 Smart Premium cuenta con volante de inercia de 20 kgde hierro fundido con acabado Hard Chrome para una gran durabilidad.<br \/>\nAdem\u00e1s de todas las ventajas que este producto ofrece, usted a\u00fan puede contar con la seguridad de la Asistencia T\u00e9cnica EMBREEX\u00ae, que garantiza el m\u00e1ximo rendimiento de este equipo.<\/p>\n","protected":false},"featured_media":34585,"template":"","meta":[],"product_brand":[],"product_cat":[15],"product_tag":[],"class_list":{"0":"post-34776","1":"product","2":"type-product","3":"status-publish","4":"has-post-thumbnail","6":"product_cat-linha-premium","7":"pa_banco-anatomico-em-pu-e-impermeavel","8":"pa_carenagem-abs-de-alta-resistencia","9":"pa_categoria-spinning-bike","10":"pa_estrutura-aco-carbono-com-pintura-eletrostatica","11":"pa_finalidade-profissional","12":"pa_garantia-ate-3-anos","13":"pa_guidao-toque-texturizado-e-formato-que-permite-amplas-variacoes-de-utilizacao","14":"pa_movimento-central-eixo-com-rolamento","15":"pa_pedais-auto-balanceados-com-clip-para-sapatilhas-e-alcas-de-seguranca","16":"pa_peso-volante-de-inercia-20-kg-de-ferro-fundido-com-acabamento-hard-chrome","17":"pa_reg-de-altura-do-banco-ampla-variacao-de-altura-por-knob","18":"pa_reg-de-altura-do-guidao-ampla-variacao-de-altura-por-knob","19":"pa_reg-de-distancia-do-banco-micro-regulagem","20":"pa_reg-de-distancia-do-guidao-micro-regulagem","21":"pa_sapatas-4-sapatas-ajustaveis","22":"pa_sistema-de-emergencia-manipulo-de-facil-acesso-para-parada-imediata","23":"pa_sistema-de-frenagem-axial-por-friccao","24":"pa_sistema-de-transmissao-correia","25":"pa_tipo-de-treino-cardiovascular-aerobico","26":"pa_transporte-rodas-dianteiras","28":"first","29":"instock","30":"featured","31":"product-type-simple"},"_links":{"self":[{"href":"https:\/\/embreex.com.br\/es\/wp-json\/wp\/v2\/product\/34776","targetHints":{"allow":["GET"]}}],"collection":[{"href":"https:\/\/embreex.com.br\/es\/wp-json\/wp\/v2\/product"}],"about":[{"href":"https:\/\/embreex.com.br\/es\/wp-json\/wp\/v2\/types\/product"}],"wp:featuredmedia":[{"embeddable":true,"href":"https:\/\/embreex.com.br\/es\/wp-json\/wp\/v2\/media\/34585"}],"wp:attachment":[{"href":"https:\/\/embreex.com.br\/es\/wp-json\/wp\/v2\/media?parent=34776"}],"wp:term":[{"taxonomy":"product_brand","embeddable":true,"href":"https:\/\/embreex.com.br\/es\/wp-json\/wp\/v2\/product_brand?post=34776"},{"taxonomy":"product_cat","embeddable":true,"href":"https:\/\/embreex.com.br\/es\/wp-json\/wp\/v2\/product_cat?post=34776"},{"taxonomy":"product_tag","embeddable":true,"href":"https:\/\/embreex.com.br\/es\/wp-json\/wp\/v2\/product_tag?post=34776"}],"curies":[{"name":"wp","href":"https:\/\/api.w.org\/{rel}","templated":true}]}}