{"id":34179,"date":"2024-09-17T16:09:04","date_gmt":"2024-09-17T19:09:04","guid":{"rendered":"https:\/\/embreex.com.br\/?post_type=product&#038;p=34179"},"modified":"2025-08-20T14:29:36","modified_gmt":"2025-08-20T17:29:36","slug":"esteira-820exi-5-1","status":"publish","type":"product","link":"https:\/\/embreex.com.br\/es\/produto\/esteira-820exi-5-1\/","title":{"rendered":"TROTADORA 820EXi 5.1"},"content":{"rendered":"<p><\/p>\n<div class=\"mkd-grid-col-4\">\n<h5>PANEL<\/h5>\n<p>programable y multifuncional<\/p>\n<\/div>\n<div class=\"mkd-grid-col-4\">\n<h5>PANTALLA<\/h5>\n<p>LCD 7&#8243;<\/p>\n<\/div>\n<div class=\"mkd-grid-col-4\">\n<h5>FUNCIONES DEL PANEL<\/h5>\n<p>velocidad, cron\u00f3metro, distancia, quema cal\u00f3rica, monitoreo card\u00edaco y inclinaci\u00f3n<\/p>\n<\/div>\n<div style=\"clear: both;\"><\/div>\n<div class=\"mkd-grid-col-4\">\n<h5>PROGRAMAS DE ENTRENAMIENTO<\/h5>\n<p>59<\/p>\n<\/div>\n<div class=\"mkd-grid-col-4\">\n<h5>ATAJOS DE COMANDO<\/h5>\n<p>12<\/p>\n<\/div>\n<div class=\"mkd-grid-col-4\">\n<h5>SISTEMA DE INCLINACI\u00d3N<\/h5>\n<p>electr\u00f3nico<\/p>\n<\/div>\n<div style=\"clear: both;\"><\/div>\n<div class=\"mkd-grid-col-4\">\n<h5>INCLINACI\u00d3N<\/h5>\n<p>del 0% al 15%<\/p>\n<\/div>\n<div class=\"mkd-grid-col-4\">\n<h5>SISTEMA DE AMORTIGUACI\u00d3N<\/h5>\n<p>Soft Deck Shock Absorber System\u00ae<\/p>\n<\/div>\n<div class=\"mkd-grid-col-4\">\n<h5>SISTEMA DE SEGURIDAD<\/h5>\n<p>S\u00cd &#8211; Bot\u00f3n de emergencia de f\u00e1cil acceso, estrat\u00e9gicamente posicionado en el centro de la consola, pr\u00f3ximo al usuario<\/p>\n<\/div>\n<div style=\"clear: both;\"><\/div>\n<div class=\"mkd-grid-col-4\">\n<h5>LUBRICACI\u00d3N<\/h5>\n<p>permanente &#8211; Everlub o peri\u00f3dica<\/p>\n<\/div>\n<div class=\"mkd-grid-col-4\">\n<h5>MONITOREO CARD\u00cdACO<\/h5>\n<p>telemetr\u00eda (receptor de cintur\u00f3n tor\u00e1cico) y sensores grip pulse<\/p>\n<\/div>\n<div class=\"mkd-grid-col-4\">\n<h5>MOTOR<\/h5>\n<p>AC 5.1 HP peak power<\/p>\n<\/div>\n<div style=\"clear: both;\"><\/div>\n<div class=\"mkd-grid-col-4\">\n<h5>VELOCIDAD<\/h5>\n<p>1,2 a 25 km\/h<\/p>\n<\/div>\n<div class=\"mkd-grid-col-4\">\n<h5>\u00c1REA DE CARRERAS (CM)<\/h5>\n<p>157 x 54<\/p>\n<\/div>\n<div class=\"mkd-grid-col-4\">\n<h5>ALINEACI\u00d3N DE LONA<\/h5>\n<p>rollos autocentrados<\/p>\n<\/div>\n<div style=\"clear: both;\"><\/div>\n<div class=\"mkd-grid-col-4\">\n<h5>ESTRUCTURA<\/h5>\n<p>acero al carbono y aluminio anodizado<\/p>\n<\/div>\n<div class=\"mkd-grid-col-4\">\n<h5>CARENADO<\/h5>\n<p>ABS de alta resistencia<\/p>\n<\/div>\n<div class=\"mkd-grid-col-4\">\n<h5>CONSOLA<\/h5>\n<p>polietileno de alta densidad<\/p>\n<\/div>\n<div style=\"clear: both;\"><\/div>\n<div class=\"mkd-grid-col-4\">\n<h5>PINTURA<\/h5>\n<p>electrost\u00e1tica<\/p>\n<\/div>\n<div class=\"mkd-grid-col-4\">\n<h5>SOPORTE PARA BOTELLAS<\/h5>\n<p>2<\/p>\n<\/div>\n<div class=\"mkd-grid-col-4\">\n<h5>SOPORTE PARA OBJETO<\/h5>\n<p>2<\/p>\n<\/div>\n<div style=\"clear: both;\"><\/div>\n<div class=\"mkd-grid-col-4\">\n<h5>ENTRADA USB<\/h5>\n<p>S\u00cd<\/p>\n<\/div>\n<div class=\"mkd-grid-col-4\">\n<h5>TRANSPORTE<\/h5>\n<p>ruedas delanteras y asa trasera<\/p>\n<\/div>\n<div class=\"mkd-grid-col-4\">\n<h5>GARANT\u00cdA<\/h5>\n<p>hasta 5 a\u00f1os*<\/p>\n<\/div>\n<div style=\"clear: both;\"><\/div>\n<div class=\"mkd-grid-col-4\">\n<h5><\/h5>\n<\/div>\n<div class=\"mkd-grid-col-4\">\n<h5><\/h5>\n<\/div>\n<div class=\"mkd-grid-col-4\">\n<h5><\/h5>\n<\/div>\n<div style=\"clear: both;\"><\/div>\n<div class=\"mkd-grid-col-4\">\n<h5><\/h5>\n<\/div>\n<div class=\"mkd-grid-col-4\">\n<h5><\/h5>\n<\/div>\n<div style=\"clear: both;\"><\/div>\n<div class=\"mkd-grid-col-4 bt-pula idioma-portugues\"><a href=\"http:\/\/embreex.com.br\/wp-content\/uploads\/2019\/08\/800EX-EXi-31.002.68_170619-1.pdf\" class=\"bt-manut\">manual do produto<\/a><\/div>\n<div class=\"mkd-grid-col-4 bt-pula2 idioma-espanhol\"><a href=\"http:\/\/embreex.com.br\/wp-content\/uploads\/2019\/08\/820-EX_EXi_Espanhol_080719-1.pdf\" class=\"bt-manut\">manual de producto<\/a><\/div>\n<div class=\"mkd-grid-col-4 bt-pula2 idioma-portugues\"><a href=\"\/esteiras\/\" class=\"bt-manut\">manuten\u00e7\u00e3o preventiva<\/a><\/div>\n<div class=\"mkd-grid-col-4 bt-pula2 idioma-espanhol\"><a href=\"\/esteiras\/\" class=\"bt-manut\">Mantenimiento preventivo<\/a><\/div>\n<div class=\"mkd-grid-col-4 bt-pula2 idioma-ingles\"><a href=\"\/esteiras\/\" class=\"bt-manut\">Preventive Maintenance<\/a><\/div>\n<div style=\"clear: both;\"><\/div>\n<p><\/p>","protected":false},"excerpt":{"rendered":"<p>La Trotadora 820EXi 5.1 forma parte de la L\u00ednea Premium de equipos profesionales y fue desarrollada especialmente para los gimnasios que buscan alta tecnolog\u00eda aliada a alto rendimiento.<br \/>\nCon el dise\u00f1o contempor\u00e1neo y tecnolog\u00eda de punta y el motor 5.1 HP peak power, la Trotadora 820EXi 5.1 es la combinaci\u00f3n perfecta de estilo y rendimiento.<br \/>\nSu estructura tiene materiales diferenciados, como aluminio anodizado, acero al carbono con pintura electrost\u00e1tica resistente a la oxidaci\u00f3n y polietileno de alta densidad, que proporcionan un acabado superior y una gran durabilidad.<br \/>\nLa Trotadora 820EXi 5.1 Premium tiene varios diferenciales para garantizar el mejor rendimiento de sus usuarios, ya sean atletas profesionales o principiantes:<br \/>\n&#8211; amplia \u00e1rea de carreras(157 x 54cm) para que usted camine o corra sin preocuparse;<br \/>\n&#8211; inclinaci\u00f3n electr\u00f3nica del 0 al 15%;<br \/>\n&#8211; 59 programas de entrenamiento exclusivos, todos con indicadores de sonido y gr\u00e1ficos electr\u00f3nicos en pantalla LCD de 7 pulgadas para f\u00e1cil monitoreo del ejercicio;<br \/>\n&#8211; exclusivo panel confunci\u00f3n especial para recargar Smartphones;<br \/>\n&#8211; 12 atajos de comando de velocidad e inclinaci\u00f3n y programas de entrenamiento para una mayor practicidad;<br \/>\n&#8211; el exclusivo Soft Deck Shock Absorber System\u00ae: sistema de amortiguaci\u00f3n que proporciona una mayor comodidad durante el entrenamiento y promueve una gran reducci\u00f3n del impacto en las articulaciones de todos los atletas;<br \/>\n&#8211; panel con gr\u00e1fico de referencia card\u00edaca y quema cal\u00f3rica;<br \/>\n&#8211; agarradores de manos anat\u00f3micos y de f\u00e1cil higiene;<br \/>\n&#8211; 2 soportes para botellas y 2 amplios soportes para objetos;<br \/>\n&#8211; estribos antideslizantes a lo largo de todael \u00e1rea \u00fatil para una mayor seguridad.<br \/>\nAdem\u00e1s de todas las ventajas que este producto ofrece, usted a\u00fan puede contar con la seguridad de la Asistencia T\u00e9cnica EMBREEX\u00ae, que garantiza el m\u00e1ximo rendimiento de este equipo.<\/p>\n","protected":false},"featured_media":32279,"template":"","meta":[],"product_brand":[],"product_cat":[15],"product_tag":[],"class_list":{"0":"post-34179","1":"product","2":"type-product","3":"status-publish","4":"has-post-thumbnail","6":"product_cat-linha-premium","7":"pa_alinhamento-de-lona-rolos-autocentrantes","8":"pa_area-de-corrida-cm-157-x-54","9":"pa_atalhos-de-comandos-402","10":"pa_carenagem-abs-de-alta-resistencia","11":"pa_categoria-esteiras","12":"pa_console-polietileno-de-alta-densidade","13":"pa_display-lcd-7","14":"pa_entrada-usb-sim","15":"pa_estrutura-aco-carbono-e-aluminio-anodizado","16":"pa_finalidade-profissional","17":"pa_finalidade-semiprofissional","18":"pa_funcoes-do-painel-velocidade-cronometro-distancia-queima-calorica-monitoramento-cardiaco","19":"pa_garantia-ate-5-anos","20":"pa_inclinacao-0-a-15","21":"pa_lubrificacao-anual-lubrex-pro-ou-periodica","22":"pa_monitoramento-cardiaco-telemetria-receptor-de-cinta-toracica-e-sensores-grip-pulse","23":"pa_motor-ac-4-0-hp-peak-power","24":"pa_painel-programavel-e-multifuncional","25":"pa_pintura-eletrostatica","26":"pa_porta-objetos-354","27":"pa_porta-squeeze-353","28":"pa_programas-de-treinamento-424","29":"pa_sistema-de-amortecimento-soft-deck-shock-absorber-system","30":"pa_sistema-de-inclinacao-eletronico","31":"pa_sistema-de-seguranca-sim-botao-de-emergencia-de-facil-acesso","32":"pa_tipo-de-treino-cardiovascular-aerobico","33":"pa_transporte-rodas-dianteiras-e-alca-traseira","34":"pa_velocidade-12-a-20-km-h","36":"first","37":"instock","38":"featured","39":"product-type-simple"},"_links":{"self":[{"href":"https:\/\/embreex.com.br\/es\/wp-json\/wp\/v2\/product\/34179","targetHints":{"allow":["GET"]}}],"collection":[{"href":"https:\/\/embreex.com.br\/es\/wp-json\/wp\/v2\/product"}],"about":[{"href":"https:\/\/embreex.com.br\/es\/wp-json\/wp\/v2\/types\/product"}],"wp:featuredmedia":[{"embeddable":true,"href":"https:\/\/embreex.com.br\/es\/wp-json\/wp\/v2\/media\/32279"}],"wp:attachment":[{"href":"https:\/\/embreex.com.br\/es\/wp-json\/wp\/v2\/media?parent=34179"}],"wp:term":[{"taxonomy":"product_brand","embeddable":true,"href":"https:\/\/embreex.com.br\/es\/wp-json\/wp\/v2\/product_brand?post=34179"},{"taxonomy":"product_cat","embeddable":true,"href":"https:\/\/embreex.com.br\/es\/wp-json\/wp\/v2\/product_cat?post=34179"},{"taxonomy":"product_tag","embeddable":true,"href":"https:\/\/embreex.com.br\/es\/wp-json\/wp\/v2\/product_tag?post=34179"}],"curies":[{"name":"wp","href":"https:\/\/api.w.org\/{rel}","templated":true}]}}