{"id":33533,"date":"2024-05-17T09:16:33","date_gmt":"2024-05-17T12:16:33","guid":{"rendered":"https:\/\/embreex.com.br\/?post_type=product&#038;p=33533"},"modified":"2025-08-20T14:44:14","modified_gmt":"2025-08-20T17:44:14","slug":"eliptico-212mx","status":"publish","type":"product","link":"https:\/\/embreex.com.br\/es\/produto\/eliptico-212mx\/","title":{"rendered":"EL\u00cdPTICO 212MX"},"content":{"rendered":"<p><\/p>\n<div class=\"mkd-grid-col-4\">\n<h5>PANEL<\/h5>\n<p>programable y multifuncional<\/p>\n<\/div>\n<div class=\"mkd-grid-col-4\">\n<h5>PANTALLA<\/h5>\n<p>LCD 5,5&#8243; y retroiluminaci\u00f3n azul, de f\u00e1cil operaci\u00f3n<\/p>\n<\/div>\n<div class=\"mkd-grid-col-4\">\n<h5>FUNCIONES DEL PANEL<\/h5>\n<p>velocidad, cron\u00f3metro, distancia, quema cal\u00f3rica, potencia, nivel de resistencia y monitoreo card\u00edaco<\/p>\n<\/div>\n<div style=\"clear: both;\"><\/div>\n<div class=\"mkd-grid-col-4\">\n<h5>PROGRAMAS DE ENTRENAMIENTO<\/h5>\n<p>16<\/p>\n<\/div>\n<div class=\"mkd-grid-col-4\">\n<h5>MONITOREO CARD\u00cdACO<\/h5>\n<p>sensores grip pulse estrat\u00e9gicamente posicionados en el agarrador de manos central (opcional telemetr\u00eda)<\/p>\n<\/div>\n<div class=\"mkd-grid-col-4\">\n<h5>SISTEMA DE RESISTENCIA<\/h5>\n<p>electromagn\u00e9tico<\/p>\n<\/div>\n<div style=\"clear: both;\"><\/div>\n<div class=\"mkd-grid-col-4\">\n<h5>NIVELES DE RESISTENCIA<\/h5>\n<p>16<\/p>\n<\/div>\n<div class=\"mkd-grid-col-4\">\n<h5>SISTEMA DE TRANSMISI\u00d3N<\/h5>\n<p>correa<\/p>\n<\/div>\n<div class=\"mkd-grid-col-4\">\n<h5>ESTRUCTURA<\/h5>\n<p>acero al carbono<\/p>\n<\/div>\n<div style=\"clear: both;\"><\/div>\n<div class=\"mkd-grid-col-4\">\n<h5>CARENADO<\/h5>\n<p>ABS de alta resistencia<\/p>\n<\/div>\n<div class=\"mkd-grid-col-4\">\n<h5>PINTURA<\/h5>\n<p>electrost\u00e1tica<\/p>\n<\/div>\n<div class=\"mkd-grid-col-4\">\n<h5>SOPORTE PARA BOTELLAS<\/h5>\n<p>1<\/p>\n<\/div>\n<div style=\"clear: both;\"><\/div>\n<div class=\"mkd-grid-col-4\">\n<h5>SOPORTE PARA OBJETO<\/h5>\n<p>2<\/p>\n<\/div>\n<div class=\"mkd-grid-col-4\">\n<h5>DIMENSIONES DEL PEDAL (L x An x Al)<\/h5>\n<p>33 x 12 x 2,5 cm<\/p>\n<\/div>\n<div class=\"mkd-grid-col-4\">\n<h5>TRANSPORTE<\/h5>\n<p>ruedas delanteras<\/p>\n<\/div>\n<div style=\"clear: both;\"><\/div>\n<div class=\"mkd-grid-col-4\">\n<h5>GARANT\u00cdA<\/h5>\n<p>hasta 3 a\u00f1os*<\/p>\n<\/div>\n<div class=\"mkd-grid-col-4\">\n<h5><\/h5>\n<\/div>\n<div class=\"mkd-grid-col-4\">\n<h5><\/h5>\n<\/div>\n<div style=\"clear: both;\"><\/div>\n<div class=\"mkd-grid-col-4\">\n<h5><\/h5>\n<\/div>\n<div class=\"mkd-grid-col-4\">\n<h5><\/h5>\n<\/div>\n<div class=\"mkd-grid-col-4\">\n<h5><\/h5>\n<\/div>\n<div style=\"clear: both;\"><\/div>\n<div class=\"mkd-grid-col-4\">\n<h5><\/h5>\n<\/div>\n<div class=\"mkd-grid-col-4\">\n<h5><\/h5>\n<\/div>\n<div class=\"mkd-grid-col-4\">\n<h5><\/h5>\n<\/div>\n<div style=\"clear: both;\"><\/div>\n<div class=\"mkd-grid-col-4\">\n<h5><\/h5>\n<\/div>\n<div class=\"mkd-grid-col-4\">\n<h5><\/h5>\n<\/div>\n<div class=\"mkd-grid-col-4\">\n<h5><\/h5>\n<\/div>\n<div style=\"clear: both;\"><\/div>\n<div class=\"mkd-grid-col-4\">\n<h5><\/h5>\n<\/div>\n<div class=\"mkd-grid-col-4\">\n<h5><\/h5>\n<\/div>\n<div style=\"clear: both;\"><\/div>\n<div class=\"mkd-grid-col-4 bt-pula idioma-portugues\"><a href=\"\/wp-content\/uploads\/wpallimport\/files\/manuais\/PT\/212 MX.pdf\" class=\"bt-manut\">manual do produto<\/a><\/div>\n<div class=\"mkd-grid-col-4 bt-pula2 idioma-espanhol\"><a href=\"\/wp-content\/uploads\/wpallimport\/files\/manuais\/PT\/212 MX.pdf\" class=\"bt-manut\">manual de producto<\/a><\/div>\n<div class=\"mkd-grid-col-4 bt-pula2 idioma-portugues\"><a href=\"\/Elipticos\/\" class=\"bt-manut\">manuten\u00e7\u00e3o preventiva<\/a><\/div>\n<div class=\"mkd-grid-col-4 bt-pula2 idioma-espanhol\"><a href=\"\/Elipticos\/\" class=\"bt-manut\">Mantenimiento preventivo<\/a><\/div>\n<div class=\"mkd-grid-col-4 bt-pula2 idioma-ingles\"><a href=\"\/Elipticos\/\" class=\"bt-manut\">Preventive Maintenance<\/a><\/div>\n<div style=\"clear: both;\"><\/div>\n<p><\/p>","protected":false},"excerpt":{"rendered":"<p>El El\u00edptico 212C forma parte de la L\u00ednea Premium de equipos profesionales desarrollados especialmente para las rutinas intensas de grandes gimnasios. Son equipos contempor\u00e1neos de alt\u00edsimo rendimiento producidos con tecnolog\u00eda de punta.<br \/>\nEl El\u00edptico 212C tiene una estructura robusta con un dise\u00f1o limpio y elegante.<br \/>\nSu biomec\u00e1nica eficiente promueve el movimiento perfecto, eliminando el riesgo de lesiones y haciendo que el entrenamiento sea placentero. Adem\u00e1s de proporcionar resultados r\u00e1pidos de quema de grasa y calor\u00edas.<br \/>\nTiene estructura de acero al carbono con pintura electrost\u00e1tica resistente a la oxidaci\u00f3n, carenados de polietileno de alta densidad y consola ABS de alta resistencia, lo que promueve una gran durabilidad.<br \/>\nSu sistema de resistencia electromagn\u00e9tico tiene 16 niveles que permiten varias intensidades de entrenamiento.<br \/>\nEl monitoreo card\u00edaco se puede realizar de dos maneras: a trav\u00e9s de los sensores grip pulse estrat\u00e9gicamente posicionados en el agarrador de manos centraly por la telemetr\u00eda, a trav\u00e9s del uso del cintur\u00f3n tor\u00e1cico (opcional).<br \/>\nLos pedales son amplios y suaves para una mayor comodidad y seguridad en el entrenamiento.<br \/>\nEl El\u00edptico 212C permite varias formas de uso: con los miembros superiores apoyados en el agarrador demano central, con los miembros superiores en movimiento utilizando las astas m\u00f3viles, o a\u00fan, en entrenamiento avanzado, es posible ejercitarse sin el apoyo de los miembros superiores.<br \/>\nEl El\u00edptico212C tiene un panel LCD f\u00e1cil de usar con pantalla de 5,5 pulgadas y retroiluminaci\u00f3n azul, funciones de velocidad, cron\u00f3metro, distancia, quema cal\u00f3rica, potencia, nivel de resistencia y monitoreo card\u00edaco.<br \/>\nAdem\u00e1s, cuenta con diversas facilidades, entre ellas:<br \/>\n&#8211; amplio soporte para objetos y 2 soportes de f\u00e1cil acceso para botellas;<br \/>\n&#8211; agarradores de manos texturizados con protecci\u00f3n antif\u00fangica para mayor comodidad e higiene;<br \/>\n&#8211; brazos articulados con rodamientos para una mayor suavidad de los movimientos;<br \/>\n&#8211; exclusivo carenado de f\u00e1cil remoci\u00f3n para una mayor agilidad en el mantenimiento;<br \/>\n&#8211; gr\u00e1fico de referencia de frecuencia card\u00edaca y quema cal\u00f3rica para ayudar en el entrenamiento.<br \/>\nEl El\u00edptico 212C es un equipo indispensable en los reconocidos gimnasios que buscan productos contempor\u00e1neos y eficientes.<br \/>\nAdem\u00e1s de todas las ventajas que este producto ofrece, usted a\u00fan puede contar con la seguridad de la Asistencia T\u00e9cnica EMBREEX\u00ae, que garantiza el m\u00e1ximo rendimiento de este equipo.<\/p>\n","protected":false},"featured_media":33531,"template":"","meta":[],"product_brand":[],"product_cat":[15],"product_tag":[],"class_list":{"0":"post-33533","1":"product","2":"type-product","3":"status-publish","4":"has-post-thumbnail","6":"product_cat-linha-premium","7":"pa_carenagem-abs-de-alta-resistencia","8":"pa_categoria-elipticos","9":"pa_dimensoes-do-pedal-33-x-12-x-25-cm","10":"pa_display-lcd-55-com-backlight-azul-de-facil-operacao","11":"pa_estrutura-aco-carbono","12":"pa_finalidade-profissional","13":"pa_finalidade-semiprofissional","14":"pa_funcoes-do-painel-velocidade-cronometro-distancia-queima-calorica-potencia-nivel-de-resistencia-e-monitoramento-cardiaco","15":"pa_garantia-ate-3-anos","16":"pa_monitoramento-cardiaco-sensores-grip-pulse-estrategicamente-posicionados-no-pega-mao-central-opcional-telemetria","17":"pa_niveis-de-resistencia-443","18":"pa_painel-programavel-e-multifuncional","19":"pa_pintura-eletrostatica","20":"pa_porta-objetos-354","21":"pa_porta-squeeze-444","22":"pa_programas-de-treinamento-440","23":"pa_sistema-de-resistencia-eletromagnetico","24":"pa_sistema-de-transmissao-correia","25":"pa_tipo-de-treino-cardiovascular-aerobico","26":"pa_transporte-rodas-dianteiras","28":"first","29":"instock","30":"product-type-simple"},"_links":{"self":[{"href":"https:\/\/embreex.com.br\/es\/wp-json\/wp\/v2\/product\/33533","targetHints":{"allow":["GET"]}}],"collection":[{"href":"https:\/\/embreex.com.br\/es\/wp-json\/wp\/v2\/product"}],"about":[{"href":"https:\/\/embreex.com.br\/es\/wp-json\/wp\/v2\/types\/product"}],"wp:featuredmedia":[{"embeddable":true,"href":"https:\/\/embreex.com.br\/es\/wp-json\/wp\/v2\/media\/33531"}],"wp:attachment":[{"href":"https:\/\/embreex.com.br\/es\/wp-json\/wp\/v2\/media?parent=33533"}],"wp:term":[{"taxonomy":"product_brand","embeddable":true,"href":"https:\/\/embreex.com.br\/es\/wp-json\/wp\/v2\/product_brand?post=33533"},{"taxonomy":"product_cat","embeddable":true,"href":"https:\/\/embreex.com.br\/es\/wp-json\/wp\/v2\/product_cat?post=33533"},{"taxonomy":"product_tag","embeddable":true,"href":"https:\/\/embreex.com.br\/es\/wp-json\/wp\/v2\/product_tag?post=33533"}],"curies":[{"name":"wp","href":"https:\/\/api.w.org\/{rel}","templated":true}]}}