{"id":32352,"date":"2023-09-04T13:45:56","date_gmt":"2023-09-04T16:45:56","guid":{"rendered":"https:\/\/embreex.com.br\/?post_type=product&#038;p=32352"},"modified":"2025-02-24T11:30:09","modified_gmt":"2025-02-24T14:30:09","slug":"esteira-860","status":"publish","type":"product","link":"https:\/\/embreex.com.br\/es\/produto\/esteira-860\/","title":{"rendered":"TROTADORA 860"},"content":{"rendered":"<p><\/p>\n<div class=\"mkd-grid-col-4\">\n<h5>PANEL<\/h5>\n<p>programable y multifuncional<\/p>\n<\/div>\n<div class=\"mkd-grid-col-4\">\n<h5>PANTALLA<\/h5>\n<p align=\"justify\"><span style=\"font-size: medium;\"><span lang=\"es-ES-u-co-trad\">06 displays LED<\/span><\/span><\/p>\n<\/div>\n<div class=\"mkd-grid-col-4\">\n<h5>FUNCIONES DEL PANEL<\/h5>\n<p>velocidad, cron\u00f3metro, distancia, quema cal\u00f3rica, monitoreo card\u00edaco y inclinaci\u00f3n<\/p>\n<\/div>\n<div style=\"clear: both;\"><\/div>\n<div class=\"mkd-grid-col-4\">\n<h5>PROGRAMAS DE ENTRENAMIENTO<\/h5>\n<p>26<\/p>\n<\/div>\n<div class=\"mkd-grid-col-4\">\n<h5>ATAJOS DE COMANDO<\/h5>\n<p>12<\/p>\n<\/div>\n<div class=\"mkd-grid-col-4\">\n<h5>SISTEMA DE INCLINACI\u00d3N<\/h5>\n<p>electr\u00f3nico<\/p>\n<\/div>\n<div style=\"clear: both;\"><\/div>\n<div class=\"mkd-grid-col-4\">\n<h5>INCLINACI\u00d3N<\/h5>\n<p>del 0% al 20%<\/p>\n<\/div>\n<div class=\"mkd-grid-col-4\">\n<h5>SISTEMA DE AMORTIGUACI\u00d3N<\/h5>\n<p>Soft Deck Shock Absorber System\u00ae<\/p>\n<\/div>\n<div class=\"mkd-grid-col-4\">\n<h5>SISTEMA DE SEGURIDAD<\/h5>\n<p>S\u00cd &#8211; Bot\u00f3n de emergencia de f\u00e1cil acceso, estrat\u00e9gicamente posicionado en el centro de la consola, pr\u00f3ximo al usuario<\/p>\n<\/div>\n<div style=\"clear: both;\"><\/div>\n<div class=\"mkd-grid-col-4\">\n<h5>LUBRICACI\u00d3N<\/h5>\n<p>anual-Lubrex Pro\u00ae o peri\u00f3dica<\/p>\n<\/div>\n<div class=\"mkd-grid-col-4\">\n<h5>MONITOREO CARD\u00cdACO<\/h5>\n<p>telemetr\u00eda (receptor de cintur\u00f3n tor\u00e1cico) y sensores grip pulse<\/p>\n<\/div>\n<div class=\"mkd-grid-col-4\">\n<h5>MOTOR<\/h5>\n<p>AC 4,6 HP peak power<\/p>\n<\/div>\n<div style=\"clear: both;\"><\/div>\n<div class=\"mkd-grid-col-4\">\n<h5>VELOCIDAD<\/h5>\n<p>1,2 a 22 km\/h<\/p>\n<\/div>\n<div class=\"mkd-grid-col-4\">\n<h5>\u00c1REA DE CARRERAS (CM)<\/h5>\n<p>157 x 57<\/p>\n<\/div>\n<div class=\"mkd-grid-col-4\">\n<h5>ALINEACI\u00d3N DE LONA<\/h5>\n<p>rollos autocentrados<\/p>\n<\/div>\n<div style=\"clear: both;\"><\/div>\n<div class=\"mkd-grid-col-4\">\n<h5>ESTRUCTURA<\/h5>\n<p>acero al carbono y aluminio anodizado<\/p>\n<\/div>\n<div class=\"mkd-grid-col-4\">\n<h5>CARENADO<\/h5>\n<p>ABS de alta resistencia<\/p>\n<\/div>\n<div class=\"mkd-grid-col-4\">\n<h5>CONSOLA<\/h5>\n<p>polietileno de alta densidad<\/p>\n<\/div>\n<div style=\"clear: both;\"><\/div>\n<div class=\"mkd-grid-col-4\">\n<h5>PINTURA<\/h5>\n<p>electrost\u00e1tica<\/p>\n<\/div>\n<div class=\"mkd-grid-col-4\">\n<h5>SOPORTE PARA BOTELLAS<\/h5>\n<p>2<\/p>\n<\/div>\n<div class=\"mkd-grid-col-4\">\n<h5>SOPORTE PARA OBJETO<\/h5>\n<p>2<\/p>\n<\/div>\n<div style=\"clear: both;\"><\/div>\n<div class=\"mkd-grid-col-4\">\n<h5>REPRODUCTOR DE MP3<\/h5>\n<p>S\u00cd<\/p>\n<\/div>\n<div class=\"mkd-grid-col-4\">\n<h5>ALTAVOCES<\/h5>\n<p>S\u00cd<\/p>\n<\/div>\n<div class=\"mkd-grid-col-4\">\n<h5>VENTILADOR DIRECCIONAL<\/h5>\n<p>S\u00cd<\/p>\n<\/div>\n<div style=\"clear: both;\"><\/div>\n<div class=\"mkd-grid-col-4\">\n<h5>ENTRADA USB<\/h5>\n<p>S\u00cd<\/p>\n<\/div>\n<div class=\"mkd-grid-col-4\">\n<h5>TRANSPORTE<\/h5>\n<p>ruedas delanteras y asa trasera<\/p>\n<\/div>\n<div class=\"mkd-grid-col-4\">\n<h5>GARANT\u00cdA<\/h5>\n<p>hasta 5 a\u00f1os*<\/p>\n<\/div>\n<div style=\"clear: both;\"><\/div>\n<div class=\"mkd-grid-col-4\">\n<h5><\/h5>\n<\/div>\n<div class=\"mkd-grid-col-4\">\n<h5><\/h5>\n<\/div>\n<div class=\"mkd-grid-col-4\">\n<h5><\/h5>\n<\/div>\n<div style=\"clear: both;\"><\/div>\n<div class=\"mkd-grid-col-4\">\n<h5><\/h5>\n<\/div>\n<div class=\"mkd-grid-col-4\">\n<h5><\/h5>\n<\/div>\n<div style=\"clear: both;\"><\/div>\n<div class=\"mkd-grid-col-4 bt-pula idioma-portugues\"><a href=\"https:\/\/embreex.com.br\/wp-content\/uploads\/2019\/08\/860-31.002.73_2020.pdf\" class=\"bt-manut\">manual do produto<\/a><\/div>\n<div class=\"mkd-grid-col-4 bt-pula2 idioma-espanhol\"><a href=\"https:\/\/embreex.com.br\/wp-content\/uploads\/2019\/08\/860_Espanhol_090719.pdf\" class=\"bt-manut\">manual de producto<\/a><\/div>\n<div class=\"mkd-grid-col-4 bt-pula2 idioma-portugues\"><a href=\"\/esteiras\/\" class=\"bt-manut\">manuten\u00e7\u00e3o preventiva<\/a><\/div>\n<div class=\"mkd-grid-col-4 bt-pula2 idioma-espanhol\"><a href=\"\/esteiras\/\" class=\"bt-manut\">Mantenimiento preventivo<\/a><\/div>\n<div class=\"mkd-grid-col-4 bt-pula2 idioma-ingles\"><a href=\"\/esteiras\/\" class=\"bt-manut\">Preventive Maintenance<\/a><\/div>\n<div style=\"clear: both;\"><\/div>\n<p><\/p>","protected":false},"excerpt":{"rendered":"<p>La Trotadora 860 forma parte de la L\u00ednea Premium de equipos profesionales y fue desarrollada especialmente para las rutinas intensas de grandes gimnasios.<br \/>\nCon un dise\u00f1o contempor\u00e1neo y tecnolog\u00eda de punta, la Trotadora 860 es la combinaci\u00f3n perfecta de robustez, estilo y alto rendimiento.<br \/>\nSu estructura tiene materiales diferenciados,como aluminio anodizado, acero al carbono con pintura electrost\u00e1tica resistente a la oxidaci\u00f3n y polietileno de alta densidad, que proporcionan un acabado superior y una gran durabilidad.<br \/>\nLa Trotadora 860 Premium tiene varios diferenciales para garantizar el mejor rendimiento de sus usuarios, ya sean atletas profesionales o principiantes:<br \/>\n-el \u00e1rea de carreras m\u00e1s grande de la categor\u00eda (157 x 57cm) para que usted camine o corra sin preocuparse;<br \/>\n-la mayor inclinaci\u00f3n electr\u00f3nica de la categor\u00eda (del 0% al 20%);<br \/>\n-12 atajos de comando de velocidad e inclinaci\u00f3n para una mayor practicidad;<br \/>\n&#8211; el exclusivo Soft Deck Shock Absorber System\u00ae: sistema de amortiguaci\u00f3n que proporciona una mayor comodidad durante el entrenamiento y promueve una gran reducci\u00f3n del impacto en las articulaciones de todos los atletas;<br \/>\n-Tecnolog\u00eda inal\u00e1mbrica Bluetooth y reproductor de MP3 con altavoces de alta potencia y entrada de auriculares, para que usted pueda escuchar sus listas de reproducci\u00f3n favoritas durante el entrenamiento;<br \/>\n&#8211; panel programable y multifuncional con 6 pantallas LED;<br \/>\n-ventilador de alta potenciadireccional;<br \/>\n&#8211; agarradores de manos anat\u00f3micos y con acabado suave, promoviendo una mayor comodidad;<br \/>\n&#8211; 2 soportes para botellas y 2 amplios soportes para accesorios;<br \/>\n&#8211; apoyo de manos frontal adicional con sensores de monitoreocard\u00edaco y bot\u00f3n de emergencia que proporciona mayor comodidad y seguridad;<br \/>\n-4 zapatas ajustables al piso para una nivelaci\u00f3n perfecta de la trotadora.<br \/>\nAdem\u00e1s de todas las ventajas que este producto ofrece, usted a\u00fan puede contar con la seguridad de la Asistencia T\u00e9cnicaEMBREEX, que garantiza el m\u00e1ximo rendimiento de este equipo.<\/p>\n","protected":false},"featured_media":34238,"template":"","meta":[],"product_brand":[],"product_cat":[15],"product_tag":[],"class_list":{"0":"post-32352","1":"product","2":"type-product","3":"status-publish","4":"has-post-thumbnail","6":"product_cat-linha-premium","7":"pa_alinhamento-de-lona-rolos-autocentrantes","8":"pa_area-de-corrida-cm-157-x-54","9":"pa_atalhos-de-comandos-402","10":"pa_carenagem-abs-de-alta-resistencia","11":"pa_categoria-esteiras","12":"pa_console-polietileno-de-alta-densidade","13":"pa_display-lcd-7","14":"pa_entrada-usb-sim","15":"pa_estrutura-aco-carbono-e-aluminio-anodizado","16":"pa_finalidade-profissional","17":"pa_finalidade-semiprofissional","18":"pa_funcoes-do-painel-velocidade-cronometro-distancia-queima-calorica-monitoramento-cardiaco","19":"pa_garantia-ate-5-anos","20":"pa_inclinacao-0-a-15","21":"pa_lubrificacao-anual-lubrex-pro-ou-periodica","22":"pa_monitoramento-cardiaco-telemetria-receptor-de-cinta-toracica-e-sensores-grip-pulse","23":"pa_motor-ac-4-0-hp-peak-power","24":"pa_painel-programavel-e-multifuncional","25":"pa_pintura-eletrostatica","26":"pa_porta-objetos-354","27":"pa_porta-squeeze-353","28":"pa_programas-de-treinamento-424","29":"pa_sistema-de-amortecimento-soft-deck-shock-absorber-system","30":"pa_sistema-de-inclinacao-eletronico","31":"pa_sistema-de-seguranca-sim-botao-de-emergencia-de-facil-acesso","32":"pa_tipo-de-treino-cardiovascular-aerobico","33":"pa_transporte-rodas-dianteiras-e-alca-traseira","34":"pa_velocidade-12-a-20-km-h","36":"first","37":"instock","38":"product-type-simple"},"_links":{"self":[{"href":"https:\/\/embreex.com.br\/es\/wp-json\/wp\/v2\/product\/32352","targetHints":{"allow":["GET"]}}],"collection":[{"href":"https:\/\/embreex.com.br\/es\/wp-json\/wp\/v2\/product"}],"about":[{"href":"https:\/\/embreex.com.br\/es\/wp-json\/wp\/v2\/types\/product"}],"wp:featuredmedia":[{"embeddable":true,"href":"https:\/\/embreex.com.br\/es\/wp-json\/wp\/v2\/media\/34238"}],"wp:attachment":[{"href":"https:\/\/embreex.com.br\/es\/wp-json\/wp\/v2\/media?parent=32352"}],"wp:term":[{"taxonomy":"product_brand","embeddable":true,"href":"https:\/\/embreex.com.br\/es\/wp-json\/wp\/v2\/product_brand?post=32352"},{"taxonomy":"product_cat","embeddable":true,"href":"https:\/\/embreex.com.br\/es\/wp-json\/wp\/v2\/product_cat?post=32352"},{"taxonomy":"product_tag","embeddable":true,"href":"https:\/\/embreex.com.br\/es\/wp-json\/wp\/v2\/product_tag?post=32352"}],"curies":[{"name":"wp","href":"https:\/\/api.w.org\/{rel}","templated":true}]}}