{"id":29395,"date":"2022-02-01T14:11:46","date_gmt":"2022-02-01T17:11:46","guid":{"rendered":"http:\/\/embreex.com.br\/?post_type=product&#038;p=29395"},"modified":"2025-08-20T14:48:58","modified_gmt":"2025-08-20T17:48:58","slug":"esteira-540","status":"publish","type":"product","link":"https:\/\/embreex.com.br\/es\/produto\/esteira-540\/","title":{"rendered":"TROTADORA 540"},"content":{"rendered":"<p><\/p>\n<div class=\"mkd-grid-col-4\">\n<h5>PANEL<\/h5>\n<p>LED multifuncional<\/p>\n<\/div>\n<div class=\"mkd-grid-col-4\">\n<h5>SISTEMA DE SEGURIDAD<\/h5>\n<p>S\u00cd \u2013 Llave magn\u00e9tica<\/p>\n<\/div>\n<div class=\"mkd-grid-col-4\">\n<h5>LUBRICACI\u00d3N<\/h5>\n<p>peri\u00f3dica (manual)<\/p>\n<\/div>\n<div class=\"mkd-grid-col-4\">\n<h5>MOTOR<\/h5>\n<p>1.0 HP<\/p>\n<\/div>\n<div class=\"mkd-grid-col-4\">\n<h5>VELOCIDAD<\/h5>\n<p>1,0 a 10 Km\/h<\/p>\n<\/div>\n<div class=\"mkd-grid-col-4\">\n<h5>\u00c1REA DE CARRERAS (CM)<\/h5>\n<p>102 x 40 cm<\/p>\n<\/div>\n<div class=\"mkd-grid-col-4\">\n<h5>ESTRUCTURA<\/h5>\n<p>acero al carbono<\/p>\n<\/div>\n<div class=\"mkd-grid-col-4\">\n<h5>PINTURA<\/h5>\n<p>electrost\u00e1tica<\/p>\n<\/div>\n<div class=\"mkd-grid-col-4\">\n<h5>PLEGABLE<\/h5>\n<p>S\u00cd<\/p>\n<\/div>\n<div class=\"mkd-grid-col-4\">\n<h5>TRANSPORTE<\/h5>\n<p>ruedas delanteras<\/p>\n<\/div>\n<div class=\"mkd-grid-col-4\">\n<h5>GARANT\u00cdA<\/h5>\n<p>hasta 1 a\u00f1os*<\/p>\n<\/div>\n<div class=\"mkd-grid-col-4\">\n<h5>FUNCIONES DEL PANEL<\/h5>\n<p>velocidad, cron\u00f3metro, distancia y quema cal\u00f3rica<\/p>\n<\/div>\n<div style=\"clear: both;\"><\/div>\n<div class=\"mkd-grid-col-4 bt-pula idioma-portugues\"><a href=\"\/wp-content\/uploads\/wpallimport\/files\/manuais\/PT\/544 - 31-001-65_13.pdf\" class=\"bt-manut\">manual do produto<\/a><\/div>\n<div class=\"mkd-grid-col-4 bt-pula2 idioma-portugues\"><a href=\"\/esteiras\/\" class=\"bt-manut\">manuten\u00e7\u00e3o preventiva<\/a><\/div>\n<div class=\"mkd-grid-col-4 bt-pula2 idioma-espanhol\"><a href=\"\/esteiras\/\" class=\"bt-manut\">Mantenimiento preventivo<\/a><\/div>\n<div class=\"mkd-grid-col-4 bt-pula2 idioma-ingles\"><a href=\"\/esteiras\/\" class=\"bt-manut\">Preventive Maintenance<\/a><\/div>\n<div style=\"clear: both;\"><\/div>\n<p><\/p>","protected":false},"excerpt":{"rendered":"<p>La Trotadora 540 forma parte de la L\u00ednea Home de equipos residenciales.<br \/>\nCompacta, elegante y con varias comodidades, la caminadora 546 es ideal para quienes buscan una caminadora residencial con calidad y comodidad.<br \/>\nElla posee todos los recursos necesarios para el monitoreo completo del entrenamiento en la comodidad de su hogar.<br \/>\nEl panel multifuncional e intuitivo tiene pantalla LED y es f\u00e1cil de usar. Presenta funciones de velocidad, cron\u00f3metro, distancia y quema cal\u00f3rica.<br \/>\nLa Trotadora posee estructura de acero al carbono con pintura electrost\u00e1tica resistente a la oxidaci\u00f3n, carenados ABS de alta resistencia y consola de polietileno de alta densidad, materiales que promueven una gran durabilidad.<br \/>\nLa Trotadora 540 posee sistema de seguridad con llave magn\u00e9tica para paradas de emergencia. Adem\u00e1s, posee las comodidades:<br \/>\n\u2013 estribos antideslizantes a lo largo de toda el \u00e1rea utilizable para mayor seguridad;<br \/>\n\u2013 lona texturizada con marca visible para mayor seguridad;<br \/>\n\u2013 ruedas de transporte.<br \/>\nAdem\u00e1s de todas las ventajas que este producto ofrece, usted a\u00fan puede contar con la seguridad de la Asistencia T\u00e9cnica EMBREEX\u00ae, que garantiza el m\u00e1ximo rendimiento de este equipo.<\/p>\n","protected":false},"featured_media":32261,"template":"","meta":[],"product_brand":[],"product_cat":[329],"product_tag":[],"class_list":{"0":"post-29395","1":"product","2":"type-product","3":"status-publish","4":"has-post-thumbnail","6":"product_cat-home","7":"pa_alinhamento-de-lona-rolos-autocentrantes","8":"pa_area-de-corrida-cm-128-x-42-cm","9":"pa_carenagem-abs-de-alta-resistencia","10":"pa_categoria-esteiras","11":"pa_console-polietileno-de-alta-densidade","12":"pa_display-lcd-55","13":"pa_dobravel-sim","14":"pa_estrutura-aco-carbono","15":"pa_finalidade-residencial","16":"pa_funcoes-do-painel-velocidade-cronometro-distancia-queima-calorica-e-monitoramento-cardiaco","17":"pa_garantia-ate-1-ano","18":"pa_inclinacao-0-a-5","19":"pa_lubrificacao-periodica-manual","20":"pa_monitoramento-cardiaco-sensores-grip-pulse","21":"pa_motor-1-5-hp","22":"pa_painel-programavel-e-multifuncional","23":"pa_pintura-eletrostatica","24":"pa_porta-objetos-354","25":"pa_porta-squeeze-353","26":"pa_programas-de-treinamento-473","27":"pa_sistema-de-amortecimento-coxins-elasticos","28":"pa_sistema-de-inclinacao-manual","29":"pa_sistema-de-seguranca-sim","30":"pa_tipo-de-treino-cardiovascular-aerobico","31":"pa_transporte-rodas-dianteiras","32":"pa_velocidade-10-a-12-km-h","34":"first","35":"instock","36":"featured","37":"product-type-simple"},"_links":{"self":[{"href":"https:\/\/embreex.com.br\/es\/wp-json\/wp\/v2\/product\/29395","targetHints":{"allow":["GET"]}}],"collection":[{"href":"https:\/\/embreex.com.br\/es\/wp-json\/wp\/v2\/product"}],"about":[{"href":"https:\/\/embreex.com.br\/es\/wp-json\/wp\/v2\/types\/product"}],"wp:featuredmedia":[{"embeddable":true,"href":"https:\/\/embreex.com.br\/es\/wp-json\/wp\/v2\/media\/32261"}],"wp:attachment":[{"href":"https:\/\/embreex.com.br\/es\/wp-json\/wp\/v2\/media?parent=29395"}],"wp:term":[{"taxonomy":"product_brand","embeddable":true,"href":"https:\/\/embreex.com.br\/es\/wp-json\/wp\/v2\/product_brand?post=29395"},{"taxonomy":"product_cat","embeddable":true,"href":"https:\/\/embreex.com.br\/es\/wp-json\/wp\/v2\/product_cat?post=29395"},{"taxonomy":"product_tag","embeddable":true,"href":"https:\/\/embreex.com.br\/es\/wp-json\/wp\/v2\/product_tag?post=29395"}],"curies":[{"name":"wp","href":"https:\/\/api.w.org\/{rel}","templated":true}]}}