{"id":24256,"date":"2020-06-09T09:54:13","date_gmt":"2020-06-09T12:54:13","guid":{"rendered":"http:\/\/embreex.com.br\/?post_type=product&#038;p=24256"},"modified":"2025-08-20T15:19:03","modified_gmt":"2025-08-20T18:19:03","slug":"esteira-568bx-1-8","status":"publish","type":"product","link":"https:\/\/embreex.com.br\/es\/produto\/esteira-568bx-1-8\/","title":{"rendered":"TROTADORA 568BX 1.8"},"content":{"rendered":"<p><\/p>\n<div class=\"mkd-grid-col-4\">\n<h5>PANEL<\/h5>\n<p>multifuncional<\/p>\n<\/div>\n<div class=\"mkd-grid-col-4\">\n<h5>PANTALLA<\/h5>\n<p>5 pantallas LCD<\/p>\n<\/div>\n<div class=\"mkd-grid-col-4\">\n<h5>FUNCIONES DEL PANEL<\/h5>\n<p>velocidad, cron\u00f3metro, distancia, quema cal\u00f3rica y monitoreo card\u00edaco<\/p>\n<\/div>\n<div style=\"clear: both;\"><\/div>\n<div class=\"mkd-grid-col-4\">\n<h5>SISTEMA DE AMORTIGUACI\u00d3N<\/h5>\n<p>cojines el\u00e1sticos<\/p>\n<\/div>\n<div class=\"mkd-grid-col-4\">\n<h5>SISTEMA DE SEGURIDAD<\/h5>\n<p>S\u00cd &#8211; Llave magn\u00e9tica<\/p>\n<\/div>\n<div class=\"mkd-grid-col-4\">\n<h5>LUBRICACI\u00d3N<\/h5>\n<p>peri\u00f3dica (por tubo conductivo)<\/p>\n<\/div>\n<div style=\"clear: both;\"><\/div>\n<div class=\"mkd-grid-col-4\">\n<h5>MONITOREO CARD\u00cdACO<\/h5>\n<p>sensores grip pulse estrat\u00e9gicamente posicionados en los agarradores de manos<\/p>\n<\/div>\n<div class=\"mkd-grid-col-4\">\n<h5>MOTOR<\/h5>\n<p>AC 1.8 HP peak power<\/p>\n<\/div>\n<div class=\"mkd-grid-col-4\">\n<h5>VELOCIDAD<\/h5>\n<p>1,0 a 14 km\/h<\/p>\n<\/div>\n<div style=\"clear: both;\"><\/div>\n<div class=\"mkd-grid-col-4\">\n<h5>\u00c1REA DE CARRERAS (CM)<\/h5>\n<p>144 x 50<\/p>\n<\/div>\n<div class=\"mkd-grid-col-4\">\n<h5>ALINEACI\u00d3N DE LONA<\/h5>\n<p>rollos autocentrados<\/p>\n<\/div>\n<div class=\"mkd-grid-col-4\">\n<h5>ESTRUCTURA<\/h5>\n<p>acero al carbono<\/p>\n<\/div>\n<div style=\"clear: both;\"><\/div>\n<div class=\"mkd-grid-col-4\">\n<h5>CARENADO<\/h5>\n<p>ABS de alta resistencia<\/p>\n<\/div>\n<div class=\"mkd-grid-col-4\">\n<h5>CONSOLA<\/h5>\n<p>ABS de alta resistencia<\/p>\n<\/div>\n<div class=\"mkd-grid-col-4\">\n<h5>PINTURA<\/h5>\n<p>electrost\u00e1tica<\/p>\n<\/div>\n<div style=\"clear: both;\"><\/div>\n<div class=\"mkd-grid-col-4\">\n<h5>SOPORTE PARA BOTELLAS<\/h5>\n<p>2<\/p>\n<\/div>\n<div class=\"mkd-grid-col-4\">\n<h5>SOPORTE PARA OBJETO<\/h5>\n<p>2<\/p>\n<\/div>\n<div class=\"mkd-grid-col-4\">\n<h5>TRANSPORTE<\/h5>\n<p>ruedas delanteras y asa trasera<\/p>\n<\/div>\n<div style=\"clear: both;\"><\/div>\n<div class=\"mkd-grid-col-4\">\n<h5>GARANT\u00cdA<\/h5>\n<p>hasta 3 a\u00f1os*<\/p>\n<\/div>\n<div class=\"mkd-grid-col-4\">\n<h5><\/h5>\n<\/div>\n<div class=\"mkd-grid-col-4\">\n<h5><\/h5>\n<\/div>\n<div style=\"clear: both;\"><\/div>\n<div class=\"mkd-grid-col-4\">\n<h5><\/h5>\n<\/div>\n<div class=\"mkd-grid-col-4\">\n<h5><\/h5>\n<\/div>\n<div class=\"mkd-grid-col-4\">\n<h5><\/h5>\n<\/div>\n<div style=\"clear: both;\"><\/div>\n<div class=\"mkd-grid-col-4\">\n<h5><\/h5>\n<\/div>\n<div class=\"mkd-grid-col-4\">\n<h5><\/h5>\n<\/div>\n<div class=\"mkd-grid-col-4\">\n<h5><\/h5>\n<\/div>\n<div style=\"clear: both;\"><\/div>\n<div class=\"mkd-grid-col-4\">\n<h5><\/h5>\n<\/div>\n<div class=\"mkd-grid-col-4\">\n<h5><\/h5>\n<\/div>\n<div style=\"clear: both;\"><\/div>\n<div class=\"mkd-grid-col-4 bt-pula idioma-portugues\"><a href=\"\/wp-content\/uploads\/wpallimport\/files\/manuais\/PT\/566BX-31.002.25_1706.pdf\" class=\"bt-manut\">manual do produto<\/a><\/div>\n<div class=\"mkd-grid-col-4 bt-pula2 idioma-espanhol\"><a href=\"\/wp-content\/uploads\/wpallimport\/files\/manuais\/ESP\/566BX_Espanhol_050719.pdf\" class=\"bt-manut\">manual de producto<\/a><\/div>\n<div class=\"mkd-grid-col-4 bt-pula2 idioma-portugues\"><a href=\"\/esteiras\/\" class=\"bt-manut\">manuten\u00e7\u00e3o preventiva<\/a><\/div>\n<div class=\"mkd-grid-col-4 bt-pula2 idioma-espanhol\"><a href=\"\/esteiras\/\" class=\"bt-manut\">Mantenimiento preventivo<\/a><\/div>\n<div class=\"mkd-grid-col-4 bt-pula2 idioma-ingles\"><a href=\"\/esteiras\/\" class=\"bt-manut\">Preventive Maintenance<\/a><\/div>\n<div style=\"clear: both;\"><\/div>\n<p><\/p>","protected":false},"excerpt":{"rendered":"<p>Las Trotadoras 568BX forman parte de la L\u00ednea Premium de equipos profesionales.<br \/>\nSon sin\u00f3nimos de eficiencia y alta durabilidad. Su estructura es de acero al carbono con pintura electrost\u00e1tica y carenado ABS de alta resistencia.<br \/>\nTienen un dise\u00f1o limpio y minimalista, requiriendo poco espacio para la instalaci\u00f3n.<br \/>\n\u00a1Todo esto junto con el bajo costo de adquisici\u00f3n y mantenimiento hace de las Trotadoras 568BX la inversi\u00f3n m\u00e1s rentable para los gimnasios!<br \/>\nLa Trotadora 568BX 1.8 posee panel programable completo, motor de AC 1.8 HP peak power y todos los requisitos necesariosa un equipo profesional de alta calidad.<br \/>\nAdem\u00e1s, cuenta con varios diferenciales de seguridad y confort para promover el mejor rendimiento de sus usuarios:<br \/>\n&#8211; el \u00e1rea de carreras m\u00e1s grande de la categor\u00eda (144 x 50cm) para que usted camine o corra sin preocuparse;<br \/>\n&#8211; sistema de amortiguaci\u00f3n que proporciona una mayor comodidad durante el entrenamiento y promueve una gran reducci\u00f3n del impacto en las articulaciones;<br \/>\n&#8211; agarradores de manos anat\u00f3micos y de f\u00e1cil higiene;<br \/>\n&#8211; amplio soporte para botellas y objetos;<br \/>\n&#8211; estribos antideslizantes a lo largo de toda el \u00e1rea \u00fatil para una mayor seguridad.<\/p>\n","protected":false},"featured_media":32271,"template":"","meta":[],"product_brand":[],"product_cat":[15],"product_tag":[],"class_list":{"0":"post-24256","1":"product","2":"type-product","3":"status-publish","4":"has-post-thumbnail","6":"product_cat-linha-premium","7":"pa_alinhamento-de-lona-rolos-autocentrantes","8":"pa_area-de-corrida-cm-144-x-50","9":"pa_carenagem-abs-de-alta-resistencia","10":"pa_categoria-esteiras","11":"pa_console-abs-de-alta-resistencia","12":"pa_display-5-displays-lcd","13":"pa_estrutura-aco-carbono","14":"pa_finalidade-profissional","15":"pa_finalidade-residencial","16":"pa_finalidade-semiprofissional","17":"pa_funcoes-do-painel-velocidade-cronometro-distancia-queima-calorica-e-monitoramento-cardiaco","18":"pa_garantia-ate-3-anos","19":"pa_lubrificacao-periodica-por-tubo-condutor","20":"pa_monitoramento-cardiaco-sensores-grip-pulse-estrategicamente-posicionados-nos-pega-maos","21":"pa_motor-ac-3-0-hp-peak-power","22":"pa_painel-multifuncional","23":"pa_pintura-eletrostatica","24":"pa_porta-objetos-354","25":"pa_porta-squeeze-353","26":"pa_sistema-de-amortecimento-coxins-elasticos","27":"pa_sistema-de-seguranca-sim-chave-magnetica","28":"pa_tipo-de-treino-cardiovascular-aerobico","29":"pa_transporte-rodas-dianteiras-e-alca-traseira","30":"pa_velocidade-10-a-18-km-h","32":"first","33":"instock","34":"featured","35":"product-type-simple"},"_links":{"self":[{"href":"https:\/\/embreex.com.br\/es\/wp-json\/wp\/v2\/product\/24256","targetHints":{"allow":["GET"]}}],"collection":[{"href":"https:\/\/embreex.com.br\/es\/wp-json\/wp\/v2\/product"}],"about":[{"href":"https:\/\/embreex.com.br\/es\/wp-json\/wp\/v2\/types\/product"}],"wp:featuredmedia":[{"embeddable":true,"href":"https:\/\/embreex.com.br\/es\/wp-json\/wp\/v2\/media\/32271"}],"wp:attachment":[{"href":"https:\/\/embreex.com.br\/es\/wp-json\/wp\/v2\/media?parent=24256"}],"wp:term":[{"taxonomy":"product_brand","embeddable":true,"href":"https:\/\/embreex.com.br\/es\/wp-json\/wp\/v2\/product_brand?post=24256"},{"taxonomy":"product_cat","embeddable":true,"href":"https:\/\/embreex.com.br\/es\/wp-json\/wp\/v2\/product_cat?post=24256"},{"taxonomy":"product_tag","embeddable":true,"href":"https:\/\/embreex.com.br\/es\/wp-json\/wp\/v2\/product_tag?post=24256"}],"curies":[{"name":"wp","href":"https:\/\/api.w.org\/{rel}","templated":true}]}}