{"id":22143,"date":"2019-11-08T12:04:02","date_gmt":"2019-11-08T14:04:02","guid":{"rendered":"http:\/\/embreex.com.br\/product\/pbxsmith-machine-ebx154enxsmith-machine-ebx154esxsmith-machine-ebx-154fimx\/"},"modified":"2023-08-25T15:24:23","modified_gmt":"2023-08-25T18:24:23","slug":"smith-machine","status":"publish","type":"product","link":"https:\/\/embreex.com.br\/es\/produto\/smith-machine\/","title":{"rendered":"SMITH MACHINE EBX 154"},"content":{"rendered":"<p><\/p>\n<div class=\"mkd-grid-col-4\">\n<h5>ESTRUCTURA<\/h5>\n<p>acero<\/p>\n<\/div>\n<div class=\"mkd-grid-col-4\">\n<h5>ESTRUCTURA ESPESOR<\/h5>\n<p>3 a 4,75 mm<\/p>\n<\/div>\n<div class=\"mkd-grid-col-4\">\n<h5>PINTURA<\/h5>\n<p>electrost\u00e1tica<\/p>\n<\/div>\n<div style=\"clear: both;\"><\/div>\n<div class=\"mkd-grid-col-4\">\n<h5>SOPORTE PARA ARANDELAS<\/h5>\n<p>08 soporte para arandela en acero inoxidable<\/p>\n<\/div>\n<div class=\"mkd-grid-col-4\">\n<h5>CARGA<\/h5>\n<p>250 kg<\/p>\n<\/div>\n<div class=\"mkd-grid-col-4\">\n<h5>BARRA<\/h5>\n<p>en acero cromado<\/p>\n<\/div>\n<div style=\"clear: both;\"><\/div>\n<div class=\"mkd-grid-col-4\">\n<h5>AJUSTES<\/h5>\n<p>18 regulagens de altura<\/p>\n<\/div>\n<div class=\"mkd-grid-col-4\">\n<h5>GARANT\u00cdA<\/h5>\n<p>hasta 3 a\u00f1os*<\/p>\n<\/div>\n<div class=\"mkd-grid-col-4\">\n<h5><\/h5>\n<\/div>\n<div style=\"clear: both;\"><\/div>\n<div class=\"mkd-grid-col-4\">\n<h5><\/h5>\n<\/div>\n<div class=\"mkd-grid-col-4\">\n<h5><\/h5>\n<\/div>\n<div class=\"mkd-grid-col-4\">\n<h5><\/h5>\n<\/div>\n<div style=\"clear: both;\"><\/div>\n<div class=\"mkd-grid-col-4\">\n<h5><\/h5>\n<\/div>\n<div class=\"mkd-grid-col-4\">\n<h5><\/h5>\n<\/div>\n<div class=\"mkd-grid-col-4\">\n<h5><\/h5>\n<\/div>\n<div style=\"clear: both;\"><\/div>\n<div class=\"mkd-grid-col-4\">\n<h5><\/h5>\n<\/div>\n<div class=\"mkd-grid-col-4\">\n<h5><\/h5>\n<\/div>\n<div style=\"clear: both;\"><\/div>\n<div class=\"mkd-grid-col-4 bt-pula2 idioma-portugues\"><a href=\"\/forca\/\" class=\"bt-manut\">manuten\u00e7\u00e3o preventiva<\/a><\/div>\n<div class=\"mkd-grid-col-4 bt-pula2 idioma-espanhol\"><a href=\"\/forca\/\" class=\"bt-manut\">Mantenimiento preventivo<\/a><\/div>\n<div class=\"mkd-grid-col-4 bt-pula2 idioma-ingles\"><a href=\"\/forca\/\" class=\"bt-manut\">Preventive Maintenance<\/a><\/div>\n<div style=\"clear: both;\"><\/div>\n<p><\/p>","protected":false},"excerpt":{"rendered":"<p>El \u201cEBX154 &#8211; Smith Machine\u201d forma parte de la l\u00ednea EBX Fuerza de los equipos profesionales de Peso Libre, con est\u00e1ndar de calidad internacional.<br \/>\nSon equipos robustos con un dise\u00f1o contempor\u00e1neo y una biomec\u00e1nica avanzada para entrenamientos de fuerza m\u00e1s eficientes y seguros.<br \/>\nTodos los detalles de la l\u00ednea EBX Fuerza Peso Libre fueron proyectados para mejorar la experiencia del usu\u00e1rio y la efic\u00e1cia del entrenamiento, generando resultados superiores.<br \/>\nPoseen una estructura en acero de carbono con espesor de 3mm a 4,75mm, con pintura electroest\u00e1tica antioxidante y tapas con acabado inyectadas para una mayor fjaci\u00f3n.<br \/>\nCon ajustes intuitivos y 18 reguladores de altura, el \u201cEBX 154 \u2013 Smith Machine\u201d es facilmente adaptable a los m\u00e1s diversos perfiles de usu\u00e1rios, promoviendo entrenamientos com mayor comodidad y seguridad.<br \/>\nCuenta con 08 arandelas en acero inoxidable, que se pueden usar con adaptadores de arandelas ol\u00edmpicas (se venden por separado). Las arandelas ol\u00edmpicas de f\u00e1brica son art\u00edculos opcionales.<br \/>\nAdem\u00e1s de todas las ventajas que este producto ofrece, usted puede contar tamb\u00eden con la seguridad de la Asistencia T\u00e9cnica EMBREEX\u00ae, que garantiza el pleno funcionamiento de este equipo.<\/p>\n","protected":false},"featured_media":32292,"template":"","meta":[],"product_brand":[],"product_cat":[526],"product_tag":[],"class_list":{"0":"post-22143","1":"product","2":"type-product","3":"status-publish","4":"has-post-thumbnail","6":"product_cat-forca-peso-livre","7":"pa_categoria-forca-peso-livre","8":"pa_finalidade-profissional","9":"pa_tipo-de-treino-treino-de-forca","11":"first","12":"instock","13":"product-type-simple"},"_links":{"self":[{"href":"https:\/\/embreex.com.br\/es\/wp-json\/wp\/v2\/product\/22143","targetHints":{"allow":["GET"]}}],"collection":[{"href":"https:\/\/embreex.com.br\/es\/wp-json\/wp\/v2\/product"}],"about":[{"href":"https:\/\/embreex.com.br\/es\/wp-json\/wp\/v2\/types\/product"}],"wp:featuredmedia":[{"embeddable":true,"href":"https:\/\/embreex.com.br\/es\/wp-json\/wp\/v2\/media\/32292"}],"wp:attachment":[{"href":"https:\/\/embreex.com.br\/es\/wp-json\/wp\/v2\/media?parent=22143"}],"wp:term":[{"taxonomy":"product_brand","embeddable":true,"href":"https:\/\/embreex.com.br\/es\/wp-json\/wp\/v2\/product_brand?post=22143"},{"taxonomy":"product_cat","embeddable":true,"href":"https:\/\/embreex.com.br\/es\/wp-json\/wp\/v2\/product_cat?post=22143"},{"taxonomy":"product_tag","embeddable":true,"href":"https:\/\/embreex.com.br\/es\/wp-json\/wp\/v2\/product_tag?post=22143"}],"curies":[{"name":"wp","href":"https:\/\/api.w.org\/{rel}","templated":true}]}}