{"id":22141,"date":"2019-11-08T12:04:02","date_gmt":"2019-11-08T14:04:02","guid":{"rendered":"http:\/\/embreex.com.br\/product\/pbxhack-squat-45o-ebx153enxhack-squat-45o-ebx153esxhack-squat-45o-ebx-153fimx\/"},"modified":"2025-02-24T11:32:30","modified_gmt":"2025-02-24T14:32:30","slug":"hack-squat-45","status":"publish","type":"product","link":"https:\/\/embreex.com.br\/es\/produto\/hack-squat-45\/","title":{"rendered":"HACK SQUAT 45\u00ba EBX 153"},"content":{"rendered":"<p><\/p>\n<div class=\"mkd-grid-col-4\">\n<h5>ESTRUCTURA<\/h5>\n<p>acero<\/p>\n<\/div>\n<div class=\"mkd-grid-col-4\">\n<h5>ESTRUCTURA ESPESOR<\/h5>\n<p>3 a 4,75 mm<\/p>\n<\/div>\n<div class=\"mkd-grid-col-4\">\n<h5>PINTURA<\/h5>\n<p>electrost\u00e1tica<\/p>\n<\/div>\n<div style=\"clear: both;\"><\/div>\n<div class=\"mkd-grid-col-4\">\n<h5>SOPORTE PARA ARANDELAS<\/h5>\n<p>04 soporte para arandela en acero inoxidable<\/p>\n<\/div>\n<div class=\"mkd-grid-col-4\">\n<h5>CARGA<\/h5>\n<p>290 kg<\/p>\n<\/div>\n<div class=\"mkd-grid-col-4\">\n<h5>TAPICER\u00cdA<\/h5>\n<p>asiento y respaldo anat\u00f3micos en PU<\/p>\n<\/div>\n<div style=\"clear: both;\"><\/div>\n<div class=\"mkd-grid-col-4\">\n<h5>RECUBRIMIENTO ASIENTO<\/h5>\n<p>cuero ecol\u00f3gico imperme\u00e1ble<\/p>\n<\/div>\n<div class=\"mkd-grid-col-4\">\n<h5>EMPU\u00d1ADURAS<\/h5>\n<p>en acero, con revesitimiento suave y molduras en alum\u00ednio<\/p>\n<\/div>\n<div class=\"mkd-grid-col-4\">\n<h5>AJUSTES<\/h5>\n<p>3 reguladores de altura inciial<\/p>\n<\/div>\n<div style=\"clear: both;\"><\/div>\n<div class=\"mkd-grid-col-4\">\n<h5>APOYO PARA LOS PI\u00c9S<\/h5>\n<p>plataforma \u00e1mplia y antideslizante<\/p>\n<\/div>\n<div class=\"mkd-grid-col-4\">\n<h5>GARANTIA<\/h5>\n<p>hasta 3 a\u00f1os*<\/p>\n<\/div>\n<div class=\"mkd-grid-col-4\">\n<h5><\/h5>\n<\/div>\n<div style=\"clear: both;\"><\/div>\n<div class=\"mkd-grid-col-4\">\n<h5><\/h5>\n<\/div>\n<div class=\"mkd-grid-col-4\">\n<h5><\/h5>\n<\/div>\n<div class=\"mkd-grid-col-4\">\n<h5><\/h5>\n<\/div>\n<div style=\"clear: both;\"><\/div>\n<div class=\"mkd-grid-col-4\">\n<h5><\/h5>\n<\/div>\n<div class=\"mkd-grid-col-4\">\n<h5><\/h5>\n<\/div>\n<div style=\"clear: both;\"><\/div>\n<div class=\"mkd-grid-col-4 bt-pula2 idioma-portugues\"><a href=\"\/forca\/\" class=\"bt-manut\">manuten\u00e7\u00e3o preventiva<\/a><\/div>\n<div class=\"mkd-grid-col-4 bt-pula2 idioma-espanhol\"><a href=\"\/forca\/\" class=\"bt-manut\">Mantenimiento preventivo<\/a><\/div>\n<div class=\"mkd-grid-col-4 bt-pula2 idioma-ingles\"><a href=\"\/forca\/\" class=\"bt-manut\">Preventive Maintenance<\/a><\/div>\n<div style=\"clear: both;\"><\/div>\n<p><\/p>","protected":false},"excerpt":{"rendered":"<p>El \u201cEBX153 &#8211; Hack Squat 45\u00ba\u201d forma parte de la l\u00ednea EBX Fuerza de los equipos profesionales de Peso Libre, con est\u00e1ndar de calidad internacional.<br \/>\nSon equipos robustos con un dise\u00f1o contempor\u00e1neo y una biomec\u00e1nica avanzada para entrenamientos de fuerza m\u00e1s eficientes y seguros.<br \/>\nTodos los detalles de la l\u00ednea EBX Fuerza Peso Libre fueron proyectados para mejorar la experiencia del usu\u00e1rio y la efic\u00e1cia del entrenamiento, generando resultados superiores.<br \/>\nPoseen una estructura en acero de carbono con espesor de 3mm a 4,75mm, con pintura electroest\u00e1tica antioxidante y tapas con acabado inyectadas para una mayor fjaci\u00f3n.<br \/>\nCon ajustes intuitivos, de f\u00e1cil aceso y de manejo pr\u00e1ctico, los equipos EBX Fuerza Peso Libre son facilmente adaptables a los m\u00e1s diversos perfiles de usu\u00e1rios.<br \/>\nLos asientos y respaldos en moldes exclusivos son anat\u00f3micos, de espuma inyectada de poliuretano expandido con densidad controlada y sin costuras en la parte delantera, lo que garantiza la m\u00e1xima comodidad y durabilidad.<br \/>\nCuentan con forros de cuero ecol\u00f3gico imperme\u00e1ble, lo que facilita la limpieza.<br \/>\nLas empu\u00f1aduras son de acero inoxidable com revestimiento en caucho de nitr\u00edlo resistente y de alta densidad. Son suaves al tacto y poseen acabado en alum\u00ednio.<br \/>\nEl \u201cEBX153 &#8211; Hack Squat 45\u00ba cuenta com un respaldo bien amplio y c\u00f3modo, con apoyos de hombros bien dimensionados para la estabilidad total del usu\u00e1rio durante el entrenamiento, inclusive con cargas elevadas.<br \/>\nLa plataforma del reposapi\u00e9s es amplia y antideslizante para mayor seguridad.<br \/>\nCuenta con 04 arandelas en acero inoxidable, que se pueden usar con adaptadores de arandelas ol\u00edmpicas (se venden por separado). Las arandelas ol\u00edmpicas de f\u00e1brica son art\u00edculos opcionales.<br \/>\nAdem\u00e1s de todas las ventajas que este producto ofrece, usted puede contar tamb\u00eden con la seguridad de la Asistencia T\u00e9cnica EMBREEX\u00ae, que garantiza el pleno funcionamiento de este equipo.<\/p>\n","protected":false},"featured_media":32288,"template":"","meta":[],"product_brand":[],"product_cat":[526],"product_tag":[],"class_list":{"0":"post-22141","1":"product","2":"type-product","3":"status-publish","4":"has-post-thumbnail","6":"product_cat-forca-peso-livre","7":"pa_categoria-forca-peso-livre","8":"pa_finalidade-profissional","9":"pa_tipo-de-treino-treino-de-forca","11":"first","12":"instock","13":"product-type-simple"},"_links":{"self":[{"href":"https:\/\/embreex.com.br\/es\/wp-json\/wp\/v2\/product\/22141","targetHints":{"allow":["GET"]}}],"collection":[{"href":"https:\/\/embreex.com.br\/es\/wp-json\/wp\/v2\/product"}],"about":[{"href":"https:\/\/embreex.com.br\/es\/wp-json\/wp\/v2\/types\/product"}],"wp:featuredmedia":[{"embeddable":true,"href":"https:\/\/embreex.com.br\/es\/wp-json\/wp\/v2\/media\/32288"}],"wp:attachment":[{"href":"https:\/\/embreex.com.br\/es\/wp-json\/wp\/v2\/media?parent=22141"}],"wp:term":[{"taxonomy":"product_brand","embeddable":true,"href":"https:\/\/embreex.com.br\/es\/wp-json\/wp\/v2\/product_brand?post=22141"},{"taxonomy":"product_cat","embeddable":true,"href":"https:\/\/embreex.com.br\/es\/wp-json\/wp\/v2\/product_cat?post=22141"},{"taxonomy":"product_tag","embeddable":true,"href":"https:\/\/embreex.com.br\/es\/wp-json\/wp\/v2\/product_tag?post=22141"}],"curies":[{"name":"wp","href":"https:\/\/api.w.org\/{rel}","templated":true}]}}