{"id":20673,"date":"2019-08-19T18:37:04","date_gmt":"2019-08-19T21:37:04","guid":{"rendered":"http:\/\/embreex.com.br\/product\/gluteo-ebx115\/"},"modified":"2025-02-24T11:43:55","modified_gmt":"2025-02-24T14:43:55","slug":"gluteo-ebx115","status":"publish","type":"product","link":"https:\/\/embreex.com.br\/es\/produto\/gluteo-ebx115\/","title":{"rendered":"GL\u00daTEOS EBX115"},"content":{"rendered":"<p><\/p>\n<div class=\"mkd-grid-col-4\">\n<h5>ESTRUCTURA<\/h5>\n<p>acero al carbono<\/p>\n<\/div>\n<div class=\"mkd-grid-col-4\">\n<h5>PINTURA<\/h5>\n<p>electrost\u00e1tica<\/p>\n<\/div>\n<div class=\"mkd-grid-col-4\">\n<h5>ARANDELAS<\/h5>\n<p>en acero con identificadores de carga<\/p>\n<\/div>\n<div style=\"clear: both;\"><\/div>\n<div class=\"mkd-grid-col-4\">\n<h5>SISTEMA DE TRANSMISI\u00d3N<\/h5>\n<p>poleas de aluminio y rodamientos blindados que garantizan movimientos suaves<\/p>\n<\/div>\n<div class=\"mkd-grid-col-4\">\n<h5>CABLE DE ACERO<\/h5>\n<p>6mm de espesor y tratamiento termopl\u00e1stico en nylon<\/p>\n<\/div>\n<div class=\"mkd-grid-col-4\">\n<h5>CARGA<\/h5>\n<p>hasta 100kg<\/p>\n<\/div>\n<div style=\"clear: both;\"><\/div>\n<div class=\"mkd-grid-col-4\">\n<h5>GUIA DE PESOS<\/h5>\n<p>acero cromado macizo<\/p>\n<\/div>\n<div class=\"mkd-grid-col-4\">\n<h5>VARILLA SELECTORA DE CARGA<\/h5>\n<p>v\u00e1stago selector de carga en acero con revestimiento antioxidante y sujetador el\u00e1stico que evita p\u00e9rdida del perno<\/p>\n<\/div>\n<div class=\"mkd-grid-col-4\">\n<h5>SISTEMA DE SELECI\u00d3N DE CARGA<\/h5>\n<p>sistema de ajuste de f\u00e1cil manipulaci\u00f3n en acero inoxidable con guanteletes anat\u00f3micos<\/p>\n<\/div>\n<div style=\"clear: both;\"><\/div>\n<div class=\"mkd-grid-col-4\">\n<h5>APOYO PARA LOS BRAZOS<\/h5>\n<p>espumado en cuero ecol\u00f3gico<\/p>\n<\/div>\n<div class=\"mkd-grid-col-4\">\n<h5>TOMA MANOS<\/h5>\n<p>con toque suave y acabados imperme\u00e1bles<\/p>\n<\/div>\n<div class=\"mkd-grid-col-4\">\n<h5>APOYO PARA LOS PI\u00c9S<\/h5>\n<p>acero de carbono con revestimiento antideslizante para mayor seguridad<\/p>\n<\/div>\n<div style=\"clear: both;\"><\/div>\n<div class=\"mkd-grid-col-4\">\n<h5>SOPORTE PARA BOTELLAS<\/h5>\n<p>S\u00cd<\/p>\n<\/div>\n<div class=\"mkd-grid-col-4\">\n<h5>SOPORTE PARA TOALLA<\/h5>\n<p>S\u00cd<\/p>\n<\/div>\n<div class=\"mkd-grid-col-4\">\n<h5>SOPORTE PARA CELULAR<\/h5>\n<p>S\u00cd<\/p>\n<\/div>\n<div style=\"clear: both;\"><\/div>\n<div class=\"mkd-grid-col-4\">\n<h5>GARANT\u00cdA<\/h5>\n<p>hasta 3 a\u00f1os*<\/p>\n<\/div>\n<div class=\"mkd-grid-col-4\">\n<h5><\/h5>\n<\/div>\n<div style=\"clear: both;\"><\/div>\n<div class=\"mkd-grid-col-4 bt-pula2 idioma-portugues\"><a href=\"\/forca\/\" class=\"bt-manut\">manuten\u00e7\u00e3o preventiva<\/a><\/div>\n<div class=\"mkd-grid-col-4 bt-pula2 idioma-espanhol\"><a href=\"\/forca\/\" class=\"bt-manut\">Mantenimiento preventivo<\/a><\/div>\n<div class=\"mkd-grid-col-4 bt-pula2 idioma-ingles\"><a href=\"\/forca\/\" class=\"bt-manut\">Preventive Maintenance<\/a><\/div>\n<div style=\"clear: both;\"><\/div>\n<p><\/p>","protected":false},"excerpt":{"rendered":"<p>El \u00abSingle station EBX115 &#8211; Gl\u00fateos\u00bb forma parte de la l\u00ednea EBX Fuerza de equipamientos profesionales.<br \/>\nSon equipamientos robustos con dese\u00f1o contempor\u00e1neo y biomec\u00e1nica avanzada para entrenamientos de fuerza m\u00e1s seguros y eficientes.<br \/>\nTodos los detalles de la l\u00ednea EBX Fuerza fueron proyectados para mejorar la experiencia del usu\u00e1rio y la efic\u00e1cia del entrenamiento, generando resultados superiores.<br \/>\nPoseen una estructura oblonga en acero de carbono con espesor de 3 a 8mm de pintura electroest\u00e1tica perlada que promueven sostificaci\u00f3n y grande durabilidad.<br \/>\nLos equipamientos EBX Fuerza cuentan con un sistema de transmisi\u00f3n de poleas de aluminio y cojinetes blindados que garantizan movimientos m\u00e1s suaves y los diferencian de los dem\u00e1s equipamientos del mercado.<br \/>\nPoseen bloques de pesos en acero con 5KG cada uno, bien identificados, que permiten aumentar la carga de forma gradual, perfecto para inciantes y atletas en recuperaci\u00f3n.<br \/>\nCon ajustes intuitivos bien identificados, de f\u00e1cil acceso y de pr\u00e1ctica manipulaci\u00f3n, los equipamientos EBX Fuerza son facilmente adapt\u00e1bles a los mas diversos perfiles de los usu\u00e1rios.<br \/>\nTodos los equipamientos de la l\u00ednea poseen instrucciones claras y bien localizadas de utilizaci\u00f3n y identificaci\u00f3n de los m\u00fasculos requeridos en los entrenamientos, facilitando para los usu\u00e1rios con poca experiencia.<br \/>\nLos asientos anat\u00f3micos y respaldos son de espuma inyectada en poliuretano expandido con densidad controlada para mayor comodidad y poseen revesitimiento en cuero ecol\u00f3gico con costura reforzada que garantizan la durabilidad.<br \/>\nLa torre de peso posee una altura adecuada para proporcionar una mejor visi\u00f3n del ambiente.<br \/>\nEste equipamiento ofrece todav\u00eda diferentes comodidades, tales como:<br \/>\n&#8211; apoyo para pi\u00e9s en acero de carbono con revesitimiento antiderrapante para mayor seguridad<br \/>\n&#8211; selecci\u00f3n de carga en acero con manija anat\u00f3mica y revestimiento antioxidante<br \/>\n&#8211; prendedor el\u00e1stico que evita la perdida del v\u00e1stago selector<br \/>\n&#8211; porta coktelera<br \/>\n&#8211; porta toalla<br \/>\n&#8211; porta objetos<br \/>\nAdem\u00e1s de todas las ventajas que este producto ofrece, usted puede contar todav\u00eda con la seguridad de la asistencia t\u00e9cnica EMBREEX\u00ae,que garantiza el funcionamiento pleno y el m\u00e1ximo desempe\u00f1o de este equipamiento.<\/p>\n","protected":false},"featured_media":32280,"template":"","meta":[],"product_brand":[],"product_cat":[331],"product_tag":[],"class_list":{"0":"post-20673","1":"product","2":"type-product","3":"status-publish","4":"has-post-thumbnail","6":"product_cat-ebx","7":"pa_anilhas-em-aco-com-identificadores-de-carga","8":"pa_apoio-para-os-bracos-espumado-em-couro-ecologico","9":"pa_apoio-para-os-pes-aco-carbono-com-revestimento-antiderrapante-para-maior-seguranca","10":"pa_cabo-de-aco-6mm-de-espessura-e-tratamento-termoplastico-em-nylon","11":"pa_carga-ate-100kg","12":"pa_categoria-forca-single-station","13":"pa_estrutura-aco-carbono","14":"pa_finalidade-profissional","15":"pa_garantia-ate-3-anos","16":"pa_guia-dos-pesos-aco-cromado-macico","17":"pa_haste-seletora-de-carga-barra-em-aco-com-revestimento-antioxidante-e-prendedor-elastico-que-evita-a-perda-do-pino","18":"pa_pega-maos-com-toque-macio-e-acabamento-impermeavel","19":"pa_pintura-eletrostatica","20":"pa_porta-celular-sim","21":"pa_porta-squeeze-sim","22":"pa_porta-toalha-sim","23":"pa_sistema-de-selecao-de-carga-sistema-de-ajuste-de-facil-manuseio-em-aco-inoxidavel-com-manoplas-anatomicas","24":"pa_sistema-de-transmissao-polias-de-aluminio-e-rolamentos-blindados-para-movimentos-mais-macios","25":"pa_tipo-de-treino-treino-de-forca","27":"first","28":"instock","29":"product-type-simple"},"_links":{"self":[{"href":"https:\/\/embreex.com.br\/es\/wp-json\/wp\/v2\/product\/20673","targetHints":{"allow":["GET"]}}],"collection":[{"href":"https:\/\/embreex.com.br\/es\/wp-json\/wp\/v2\/product"}],"about":[{"href":"https:\/\/embreex.com.br\/es\/wp-json\/wp\/v2\/types\/product"}],"wp:featuredmedia":[{"embeddable":true,"href":"https:\/\/embreex.com.br\/es\/wp-json\/wp\/v2\/media\/32280"}],"wp:attachment":[{"href":"https:\/\/embreex.com.br\/es\/wp-json\/wp\/v2\/media?parent=20673"}],"wp:term":[{"taxonomy":"product_brand","embeddable":true,"href":"https:\/\/embreex.com.br\/es\/wp-json\/wp\/v2\/product_brand?post=20673"},{"taxonomy":"product_cat","embeddable":true,"href":"https:\/\/embreex.com.br\/es\/wp-json\/wp\/v2\/product_cat?post=20673"},{"taxonomy":"product_tag","embeddable":true,"href":"https:\/\/embreex.com.br\/es\/wp-json\/wp\/v2\/product_tag?post=20673"}],"curies":[{"name":"wp","href":"https:\/\/api.w.org\/{rel}","templated":true}]}}