{"id":20594,"date":"2019-08-19T18:17:16","date_gmt":"2019-08-19T21:17:16","guid":{"rendered":"http:\/\/embreex.com.br\/product\/multiestacao-415\/"},"modified":"2025-02-24T11:55:48","modified_gmt":"2025-02-24T14:55:48","slug":"multiestacao-415","status":"publish","type":"product","link":"https:\/\/embreex.com.br\/es\/produto\/multiestacao-415\/","title":{"rendered":"MULTIESTACI\u00d3N 415"},"content":{"rendered":"<p><\/p>\n<div class=\"mkd-grid-col-4\">\n<h5>CANTIDAD DE ESTACIONES<\/h5>\n<p>4 estaciones de ejerc\u00edcios<\/p>\n<\/div>\n<div class=\"mkd-grid-col-4\">\n<h5>UTILIZACI\u00d3N SIMULT\u00c1NEA<\/h5>\n<p>hasta 3 usu\u00e1rios<\/p>\n<\/div>\n<div class=\"mkd-grid-col-4\">\n<h5>CANTIDAD DE EJERC\u00cdCIOS<\/h5>\n<p>29 ejerc\u00edcios<\/p>\n<\/div>\n<div style=\"clear: both;\"><\/div>\n<div class=\"mkd-grid-col-4\">\n<h5>ESTRUCTURA<\/h5>\n<p>acero al carbono<\/p>\n<\/div>\n<div class=\"mkd-grid-col-4\">\n<h5>PINTURA<\/h5>\n<p>electrost\u00e1tica<\/p>\n<\/div>\n<div class=\"mkd-grid-col-4\">\n<h5>ARANDELAS<\/h5>\n<p>plastificadas para reducir el sonido de impacto y evitar la oxidaci\u00f3n<\/p>\n<\/div>\n<div style=\"clear: both;\"><\/div>\n<div class=\"mkd-grid-col-4\">\n<h5>SISTEMA DE TRANSMISI\u00d3N<\/h5>\n<p>poleas con rulemanes internos para movimentos m\u00e1s suaves y agradables<\/p>\n<\/div>\n<div class=\"mkd-grid-col-4\">\n<h5>CABLE DE ACERO<\/h5>\n<p>5mm de espesor y tratamiento termopl\u00e1stico en nylon<\/p>\n<\/div>\n<div class=\"mkd-grid-col-4\">\n<h5>COLUMNAS DE PESO<\/h5>\n<p>2 columnas con carga de hasta 85 kg cada una<\/p>\n<\/div>\n<div style=\"clear: both;\"><\/div>\n<div class=\"mkd-grid-col-4\">\n<h5>GUIA DE PESOS<\/h5>\n<p>guia de la torre de peso en acero cromado con sistema flexible de auto-ali\u00f1amento de las varillas<\/p>\n<\/div>\n<div class=\"mkd-grid-col-4\">\n<h5>VARILLA SELECTORA DE CARGA<\/h5>\n<p>barra en acero cromado<\/p>\n<\/div>\n<div class=\"mkd-grid-col-4\">\n<h5>SISTEMA DE SELECI\u00d3N DE CARGA<\/h5>\n<p>sistema de ajuste de f\u00e1cil manipulaci\u00f3n en acero inoxidable con manijas anatomicas<\/p>\n<\/div>\n<div style=\"clear: both;\"><\/div>\n<div class=\"mkd-grid-col-4\">\n<h5>ASIENTO<\/h5>\n<p>reposa cabezas y asientos espumados en cuero ecol\u00f3gico con regulaciones<\/p>\n<\/div>\n<div class=\"mkd-grid-col-4\">\n<h5>TOMA MANOS<\/h5>\n<p>con un toque texturizado y acabamiento impermeable<\/p>\n<\/div>\n<div class=\"mkd-grid-col-4\">\n<h5>APOYO PARA MANOS Y PI\u00c9S<\/h5>\n<p>en polietileno de alta densidade<\/p>\n<\/div>\n<div style=\"clear: both;\"><\/div>\n<div class=\"mkd-grid-col-4\">\n<h5>GARANT\u00cdA<\/h5>\n<p>hasta 1 a\u00f1os*<\/p>\n<\/div>\n<div class=\"mkd-grid-col-4\">\n<h5><\/h5>\n<\/div>\n<div class=\"mkd-grid-col-4\">\n<h5><\/h5>\n<\/div>\n<div style=\"clear: both;\"><\/div>\n<div class=\"mkd-grid-col-4\">\n<h5><\/h5>\n<\/div>\n<div class=\"mkd-grid-col-4\">\n<h5><\/h5>\n<\/div>\n<div class=\"mkd-grid-col-4\">\n<h5><\/h5>\n<\/div>\n<div style=\"clear: both;\"><\/div>\n<div class=\"mkd-grid-col-4\">\n<h5><\/h5>\n<\/div>\n<div class=\"mkd-grid-col-4\">\n<h5><\/h5>\n<\/div>\n<div class=\"mkd-grid-col-4\">\n<h5><\/h5>\n<\/div>\n<div style=\"clear: both;\"><\/div>\n<div class=\"mkd-grid-col-4\">\n<h5><\/h5>\n<\/div>\n<div class=\"mkd-grid-col-4\">\n<h5><\/h5>\n<\/div>\n<div class=\"mkd-grid-col-4\">\n<h5><\/h5>\n<\/div>\n<div style=\"clear: both;\"><\/div>\n<div class=\"mkd-grid-col-4\">\n<h5><\/h5>\n<\/div>\n<div class=\"mkd-grid-col-4\">\n<h5><\/h5>\n<\/div>\n<div style=\"clear: both;\"><\/div>\n<div class=\"mkd-grid-col-4 bt-pula idioma-portugues\"><a class=\"bt-manut\" href=\"\/wp-content\/uploads\/wpallimport\/files\/manuais\/PT\/415_110619.pdf\">manual do produto<\/a><\/div>\n<div class=\"mkd-grid-col-4 bt-pula2 idioma-portugues\"><a class=\"bt-manut\" href=\"\/forca\/\">manuten\u00e7\u00e3o preventiva<\/a><\/div>\n<div class=\"mkd-grid-col-4 bt-pula2 idioma-espanhol\"><a class=\"bt-manut\" href=\"\/forca\/\">Mantenimiento preventivo<\/a><\/div>\n<div class=\"mkd-grid-col-4 bt-pula2 idioma-ingles\"><a class=\"bt-manut\" href=\"\/forca\/\">Preventive Maintenance<\/a><\/div>\n<div style=\"clear: both;\"><\/div>\n<p><\/p>","protected":false},"excerpt":{"rendered":"<p>La Multiestaci\u00f3n 415 forma parte de la L\u00ednea Club de equipos semiprofesionales.<br \/>\nEs una central de entrenamiento vers\u00e1til y eficiente que ofrece 30 opciones de entrenamiento, y puede ser utilizada por 3 personas simult\u00e1neamente.<br \/>\nTiene estructura y carenado de acero al carbonocon pintura electrost\u00e1tica antioxidante y cable de acero de 5mm con tratamiento termopl\u00e1stico de nylon para mayor resistencia.<br \/>\nLa Multiestaci\u00f3n 415 tiene un sistema de transmisi\u00f3n de poleas con rodamiento interno que asegura movimientos suaves y agradables.<br \/>\nDispone de un sistema flexible autoalineable de las astas que evita el bloqueo de las pesas.<br \/>\nLas arandelas tienen un acabado plastificado que impide la oxidaci\u00f3n y reduce el sonido de impacto.<br \/>\nEl selector de carga de acero inoxidable tiene guanteletes anat\u00f3micos para una mayor comodidad.<br \/>\nTiene asiento y respaldo espumados y c\u00f3modoscon pr\u00e1cticosajustes de altura y distancia (LegPress). Poseen acabado de cuero ecol\u00f3gico para mayor durabilidad.<br \/>\nLos agarradores de mano tienen tacto texturizado y acabado impermeable para una f\u00e1cil higiene.<br \/>\nAdem\u00e1s de todas las ventajas que este producto ofrece, usted a\u00fan puede contar con la seguridad de la Asistencia T\u00e9cnica EMBREEX\u00ae, que garantiza el m\u00e1ximo rendimiento de este equipo.<\/p>\n","protected":false},"featured_media":25670,"template":"","meta":[],"product_brand":[],"product_cat":[330],"product_tag":[],"class_list":{"0":"post-20594","1":"product","2":"type-product","3":"status-publish","4":"has-post-thumbnail","6":"product_cat-club","7":"pa_anilhas-plastificadas-para-reduzir-o-som-de-impacto-e-impedir-a-oxidacao","8":"pa_apoio-para-maos-e-pes-em-polietileno-de-alta-densidade","9":"pa_assento-encostos-e-assentos-espumados-em-couro-ecologico-com-regulagens","10":"pa_cabo-de-aco-5mm-de-espessura-e-tratamento-termoplastico-em-nylon","11":"pa_categoria-forca-multi-station","12":"pa_colunas-de-peso-2-colunas-com-com-carga-de-ate-85-kg-cada","13":"pa_estrutura-aco-carbono","14":"pa_finalidade-semiprofissional","15":"pa_garantia-ate-1-ano","16":"pa_guia-dos-pesos-guia-da-torre-de-peso-em-aco-cromado-com-sistema-flexivel-de-auto-alinhamento-das-hastes","17":"pa_haste-seletora-de-carga-barra-em-aco-cromada","18":"pa_pega-maos-com-toque-texturizado-e-acabamento-impermeavel","19":"pa_pintura-eletrostatica","20":"pa_quantidade-de-estacoes-4-estacoes-de-exercicios","21":"pa_quantidade-de-exercicios-29-exercicios","22":"pa_sistema-de-transmissao-polias-com-rolamento-interno-para-movimentos-macios-e-agradaveis","23":"pa_tipo-de-treino-treino-de-forca","24":"pa_utilizacao-simultanea-ate-3-usuarios","26":"first","27":"instock","28":"product-type-simple"},"_links":{"self":[{"href":"https:\/\/embreex.com.br\/es\/wp-json\/wp\/v2\/product\/20594","targetHints":{"allow":["GET"]}}],"collection":[{"href":"https:\/\/embreex.com.br\/es\/wp-json\/wp\/v2\/product"}],"about":[{"href":"https:\/\/embreex.com.br\/es\/wp-json\/wp\/v2\/types\/product"}],"wp:featuredmedia":[{"embeddable":true,"href":"https:\/\/embreex.com.br\/es\/wp-json\/wp\/v2\/media\/25670"}],"wp:attachment":[{"href":"https:\/\/embreex.com.br\/es\/wp-json\/wp\/v2\/media?parent=20594"}],"wp:term":[{"taxonomy":"product_brand","embeddable":true,"href":"https:\/\/embreex.com.br\/es\/wp-json\/wp\/v2\/product_brand?post=20594"},{"taxonomy":"product_cat","embeddable":true,"href":"https:\/\/embreex.com.br\/es\/wp-json\/wp\/v2\/product_cat?post=20594"},{"taxonomy":"product_tag","embeddable":true,"href":"https:\/\/embreex.com.br\/es\/wp-json\/wp\/v2\/product_tag?post=20594"}],"curies":[{"name":"wp","href":"https:\/\/api.w.org\/{rel}","templated":true}]}}