{"id":20589,"date":"2019-08-19T18:16:22","date_gmt":"2019-08-19T21:16:22","guid":{"rendered":"http:\/\/embreex.com.br\/product\/bike-315\/"},"modified":"2025-08-20T15:13:19","modified_gmt":"2025-08-20T18:13:19","slug":"bike-315","status":"publish","type":"product","link":"https:\/\/embreex.com.br\/es\/produto\/bike-315\/","title":{"rendered":"BIKE 315"},"content":{"rendered":"<p><\/p>\n<div class=\"mkd-grid-col-4\">\n<h5>SISTEMA DE TRANSMISI\u00d3N<\/h5>\n<p>correa<\/p>\n<\/div>\n<div class=\"mkd-grid-col-4\">\n<h5>PESO VOLANTE INERCIA<\/h5>\n<p>20 kg de hierro fundido con acabado Hard Chrome<\/p>\n<\/div>\n<div class=\"mkd-grid-col-4\">\n<h5>SISTEMA DE FRENADO<\/h5>\n<p>axial por fricci\u00f3n<\/p>\n<\/div>\n<div style=\"clear: both;\"><\/div>\n<div class=\"mkd-grid-col-4\">\n<h5>MOVIMIENTO CENTRAL<\/h5>\n<p>eje con rodamiento<\/p>\n<\/div>\n<div class=\"mkd-grid-col-4\">\n<h5>CARENADO<\/h5>\n<p>ABS de alta resistencia<\/p>\n<\/div>\n<div class=\"mkd-grid-col-4\">\n<h5>MANILLAR<\/h5>\n<p>tacto texturizado y formato que permite amplias variaciones en el uso<\/p>\n<\/div>\n<div style=\"clear: both;\"><\/div>\n<div class=\"mkd-grid-col-4\">\n<h5>ASIENTO<\/h5>\n<p>anat\u00f3mico y c\u00f3modo<\/p>\n<\/div>\n<div class=\"mkd-grid-col-4\">\n<h5>AJUSTE DE ALTURA DEL MANILLAR<\/h5>\n<p>amplia variaci\u00f3n de altura, por perilla<\/p>\n<\/div>\n<div class=\"mkd-grid-col-4\">\n<h5>AJUSTE DE DISTANCIA DEL MANILLAR<\/h5>\n<p>micro regulaci\u00f3n<\/p>\n<\/div>\n<div style=\"clear: both;\"><\/div>\n<div class=\"mkd-grid-col-4\">\n<h5>AJUSTE DE ALTURA DEL ASIENTO<\/h5>\n<p>amplia variaci\u00f3n de altura, por perilla<\/p>\n<\/div>\n<div class=\"mkd-grid-col-4\">\n<h5>AJUSTE DE DISTANCIA DEL ASIENTO<\/h5>\n<p>micro regulaci\u00f3n<\/p>\n<\/div>\n<div class=\"mkd-grid-col-4\">\n<h5>ESTRUCTURA<\/h5>\n<p>acero al carbono con pintura electrost\u00e1tica<\/p>\n<\/div>\n<div style=\"clear: both;\"><\/div>\n<div class=\"mkd-grid-col-4\">\n<h5>ZAPATAS<\/h5>\n<p>4 zapatas ajustables<\/p>\n<\/div>\n<div class=\"mkd-grid-col-4\">\n<h5>PEDALES<\/h5>\n<p>con asas de seguridad<\/p>\n<\/div>\n<div class=\"mkd-grid-col-4\">\n<h5>SISTEMA EMERGENCIA<\/h5>\n<p>pomo de f\u00e1cil acceso para parada inmediata<\/p>\n<\/div>\n<div style=\"clear: both;\"><\/div>\n<div class=\"mkd-grid-col-4\">\n<h5>TRANSPORTE<\/h5>\n<p>ruedas delanteras<\/p>\n<\/div>\n<div class=\"mkd-grid-col-4\">\n<h5>GARANT\u00cdA<\/h5>\n<p>hasta 3 a\u00f1os*<\/p>\n<\/div>\n<div class=\"mkd-grid-col-4\">\n<h5><\/h5>\n<\/div>\n<div style=\"clear: both;\"><\/div>\n<div class=\"mkd-grid-col-4\">\n<h5><\/h5>\n<\/div>\n<div class=\"mkd-grid-col-4\">\n<h5><\/h5>\n<\/div>\n<div class=\"mkd-grid-col-4\">\n<h5><\/h5>\n<\/div>\n<div style=\"clear: both;\"><\/div>\n<div class=\"mkd-grid-col-4\">\n<h5><\/h5>\n<\/div>\n<div class=\"mkd-grid-col-4\">\n<h5><\/h5>\n<\/div>\n<div class=\"mkd-grid-col-4\">\n<h5><\/h5>\n<\/div>\n<div style=\"clear: both;\"><\/div>\n<div class=\"mkd-grid-col-4\">\n<h5><\/h5>\n<\/div>\n<div class=\"mkd-grid-col-4\">\n<h5><\/h5>\n<\/div>\n<div class=\"mkd-grid-col-4\">\n<h5><\/h5>\n<\/div>\n<div style=\"clear: both;\"><\/div>\n<div class=\"mkd-grid-col-4\">\n<h5><\/h5>\n<\/div>\n<div class=\"mkd-grid-col-4\">\n<h5><\/h5>\n<\/div>\n<div style=\"clear: both;\"><\/div>\n<div class=\"mkd-grid-col-4 bt-pula idioma-portugues\"><a href=\"\/wp-content\/uploads\/wpallimport\/files\/manuais\/PT\/315_060619.pdf\" class=\"bt-manut\">manual do produto<\/a><\/div>\n<div class=\"mkd-grid-col-4 bt-pula2 idioma-portugues\"><a href=\"\/manutencao-bikes-2\/\" class=\"bt-manut\">manuten\u00e7\u00e3o preventiva<\/a><\/div>\n<div class=\"mkd-grid-col-4 bt-pula2 idioma-espanhol\"><a href=\"\/manutencao-bikes-2\/\" class=\"bt-manut\">Mantenimiento preventivo<\/a><\/div>\n<div class=\"mkd-grid-col-4 bt-pula2 idioma-ingles\"><a href=\"\/manutencao-bikes-2\/\" class=\"bt-manut\">Preventive Maintenance<\/a><\/div>\n<div style=\"clear: both;\"><\/div>\n<p><\/p>","protected":false},"excerpt":{"rendered":"<p>El Spinning Bike 315 forma parte de la L\u00ednea Club de equipos semiprofesionales.<br \/>\nCombinando dise\u00f1o y eficiencia, el Spinning Bike 315 es perfecto para condominios, residencias, clubes, hoteles y empresas de construcci\u00f3n.<br \/>\nSu biomec\u00e1nica eficiente y el sistema de transmisi\u00f3n por correa proporcionan un entrenamiento agradable, con movimientos suaves y silenciosos.<br \/>\nEl Spinning Bike 315 se adapta f\u00e1cilmente a todos los perfiles de usuario, ya que tiene un amplio ajuste de la altura del asiento, micro regulaci\u00f3n de la distancia del asiento, amplio ajuste de la altura del manillar y micro regulaci\u00f3n de distancia del manillar, permitiendo ajustes r\u00e1pidos y precisos.<br \/>\nPara mayor comodidad, tiene asiento anat\u00f3mico y manillar con tacto texturizado y formato que permite amplias variaciones de uso.<br \/>\nLos pedales tienen asas de seguridad para una mayor confianza en los entrenamientos avanzados.<br \/>\nEl eficiente sistema de frenado axial puede activarse mediante un bot\u00f3n de f\u00e1cil acceso que promueve la parada inmediata del equipo en caso de emergencia.<br \/>\nSu estructura de acero al carbono con pintura electrost\u00e1tica previene la oxidaci\u00f3n.<br \/>\nEl Spinning Bike 315 Club posee un volante de inercia de 20 kg de acero al carbono mecanizado y Hard Chrome para una gran durabilidad.<br \/>\nAdem\u00e1s de todas las ventajas que este producto ofrece, usted a\u00fan puede contar con la seguridad de la Asistencia T\u00e9cnica EMBREEX\u00ae, que garantiza el m\u00e1ximo rendimiento de este equipo.<\/p>\n","protected":false},"featured_media":32255,"template":"","meta":[],"product_brand":[],"product_cat":[330],"product_tag":[],"class_list":{"0":"post-20589","1":"product","2":"type-product","3":"status-publish","4":"has-post-thumbnail","6":"product_cat-club","7":"pa_banco-anatomico-e-confortavel","8":"pa_carenagem-abs-de-alta-resistencia","9":"pa_categoria-spinning-bike","10":"pa_estrutura-aco-carbono-com-pintura-eletrostatica","11":"pa_finalidade-residencial","12":"pa_finalidade-semiprofissional","13":"pa_garantia-ate-1-ano","14":"pa_guidao-toque-texturizado-e-formato-que-permite-amplas-variacoes-de-utilizacao","15":"pa_movimento-central-eixo-com-rolamento","16":"pa_pedais-com-alcas-de-seguranca","17":"pa_peso-volante-de-inercia-20-kg-de-ferro-fundido-com-acabamento-hard-chrome","18":"pa_reg-de-altura-do-banco-ampla-variacao-de-altura-por-knob","19":"pa_reg-de-altura-do-guidao-ampla-variacao-de-altura-por-knob","20":"pa_reg-de-distancia-do-banco-micro-regulagem","21":"pa_reg-de-distancia-do-guidao-micro-regulagem","22":"pa_sapatas-4-sapatas-ajustaveis","23":"pa_sistema-de-emergencia-manipulo-de-facil-acesso-para-parada-imediata","24":"pa_sistema-de-frenagem-axial-por-friccao","25":"pa_sistema-de-transmissao-correia","26":"pa_tipo-de-treino-cardiovascular-aerobico","27":"pa_transporte-rodas-dianteiras","29":"first","30":"instock","31":"featured","32":"product-type-simple"},"_links":{"self":[{"href":"https:\/\/embreex.com.br\/es\/wp-json\/wp\/v2\/product\/20589","targetHints":{"allow":["GET"]}}],"collection":[{"href":"https:\/\/embreex.com.br\/es\/wp-json\/wp\/v2\/product"}],"about":[{"href":"https:\/\/embreex.com.br\/es\/wp-json\/wp\/v2\/types\/product"}],"wp:featuredmedia":[{"embeddable":true,"href":"https:\/\/embreex.com.br\/es\/wp-json\/wp\/v2\/media\/32255"}],"wp:attachment":[{"href":"https:\/\/embreex.com.br\/es\/wp-json\/wp\/v2\/media?parent=20589"}],"wp:term":[{"taxonomy":"product_brand","embeddable":true,"href":"https:\/\/embreex.com.br\/es\/wp-json\/wp\/v2\/product_brand?post=20589"},{"taxonomy":"product_cat","embeddable":true,"href":"https:\/\/embreex.com.br\/es\/wp-json\/wp\/v2\/product_cat?post=20589"},{"taxonomy":"product_tag","embeddable":true,"href":"https:\/\/embreex.com.br\/es\/wp-json\/wp\/v2\/product_tag?post=20589"}],"curies":[{"name":"wp","href":"https:\/\/api.w.org\/{rel}","templated":true}]}}