{"id":20579,"date":"2019-08-19T18:14:28","date_gmt":"2019-08-19T21:14:28","guid":{"rendered":"http:\/\/embreex.com.br\/product\/bike-309\/"},"modified":"2026-03-17T16:11:47","modified_gmt":"2026-03-17T19:11:47","slug":"bike-309","status":"publish","type":"product","link":"https:\/\/embreex.com.br\/es\/produto\/bike-309\/","title":{"rendered":"BIKE 309"},"content":{"rendered":"<p><\/p>\n<div class=\"mkd-grid-col-4\">\n<h5>PANEL<\/h5>\n<p>multifuncional<\/p>\n<\/div>\n<div class=\"mkd-grid-col-4\">\n<h5>PANTALLA<\/h5>\n<p>LCD 5,5&#8243;, de f\u00e1cil operaci\u00f3n<\/p>\n<\/div>\n<div class=\"mkd-grid-col-4\">\n<h5>FUNCIONES DEL PANEL<\/h5>\n<p>velocidad, cron\u00f3metro, distancia, quema cal\u00f3rica, term\u00f3metro y monitoreo card\u00edaco<\/p>\n<\/div>\n<div style=\"clear: both;\"><\/div>\n<div class=\"mkd-grid-col-4\">\n<h5>MONITOREO CARD\u00cdACO<\/h5>\n<p>sensores grip pulse estrat\u00e9gicamente posicionados en el agarrador de manos central<\/p>\n<\/div>\n<div class=\"mkd-grid-col-4\">\n<h5>SISTEMA DE RESISTENCIA<\/h5>\n<p>magn\u00e9tico<\/p>\n<\/div>\n<div class=\"mkd-grid-col-4\">\n<h5>NIVELES DE RESISTENCIA<\/h5>\n<p>15<\/p>\n<\/div>\n<div style=\"clear: both;\"><\/div>\n<div class=\"mkd-grid-col-4\">\n<h5>SISTEMA DE TRANSMISI\u00d3N<\/h5>\n<p>correa<\/p>\n<\/div>\n<div class=\"mkd-grid-col-4\">\n<h5>ASIENTO<\/h5>\n<p>anat\u00f3mico e impermeable<\/p>\n<\/div>\n<div class=\"mkd-grid-col-4\">\n<h5>ESTRUCTURA<\/h5>\n<p>acero al carbono<\/p>\n<\/div>\n<div style=\"clear: both;\"><\/div>\n<div class=\"mkd-grid-col-4\">\n<h5>CARENADO<\/h5>\n<p>ABS de alta resistencia<\/p>\n<\/div>\n<div class=\"mkd-grid-col-4\">\n<h5>PINTURA<\/h5>\n<p>electrost\u00e1tica<\/p>\n<\/div>\n<div class=\"mkd-grid-col-4\">\n<h5>DIMENSIONES DEL PEDAL (L x An x AL)<\/h5>\n<p>38 x 17,5 x 4cm<\/p>\n<\/div>\n<div style=\"clear: both;\"><\/div>\n<div class=\"mkd-grid-col-4\">\n<h5>TRANSPORTE<\/h5>\n<p>ruedas delanteras<\/p>\n<\/div>\n<div class=\"mkd-grid-col-4\">\n<h5>GARANT\u00cdA<\/h5>\n<p>hasta 1 a\u00f1os*<\/p>\n<\/div>\n<div class=\"mkd-grid-col-4\">\n<h5><\/h5>\n<\/div>\n<div style=\"clear: both;\"><\/div>\n<div class=\"mkd-grid-col-4\">\n<h5><\/h5>\n<\/div>\n<div class=\"mkd-grid-col-4\">\n<h5><\/h5>\n<\/div>\n<div class=\"mkd-grid-col-4\">\n<h5><\/h5>\n<\/div>\n<div style=\"clear: both;\"><\/div>\n<div class=\"mkd-grid-col-4\">\n<h5><\/h5>\n<\/div>\n<div class=\"mkd-grid-col-4\">\n<h5><\/h5>\n<\/div>\n<div class=\"mkd-grid-col-4\">\n<h5><\/h5>\n<\/div>\n<div style=\"clear: both;\"><\/div>\n<div class=\"mkd-grid-col-4\">\n<h5><\/h5>\n<\/div>\n<div class=\"mkd-grid-col-4\">\n<h5><\/h5>\n<\/div>\n<div class=\"mkd-grid-col-4\">\n<h5><\/h5>\n<\/div>\n<div style=\"clear: both;\"><\/div>\n<div class=\"mkd-grid-col-4\">\n<h5><\/h5>\n<\/div>\n<div class=\"mkd-grid-col-4\">\n<h5><\/h5>\n<\/div>\n<div class=\"mkd-grid-col-4\">\n<h5><\/h5>\n<\/div>\n<div style=\"clear: both;\"><\/div>\n<div class=\"mkd-grid-col-4\">\n<h5><\/h5>\n<\/div>\n<div class=\"mkd-grid-col-4\">\n<h5><\/h5>\n<\/div>\n<div style=\"clear: both;\"><\/div>\n<div class=\"mkd-grid-col-4 bt-pula idioma-portugues\"><a href=\"\/wp-content\/uploads\/wpallimport\/files\/manuais\/PT\/309_030619.pdf\" class=\"bt-manut\">manual do produto<\/a><\/div>\n<div class=\"mkd-grid-col-4 bt-pula2 idioma-portugues\"><a href=\"\/bikes\/\" class=\"bt-manut\">manuten\u00e7\u00e3o preventiva<\/a><\/div>\n<div class=\"mkd-grid-col-4 bt-pula2 idioma-espanhol\"><a href=\"\/bikes\/\" class=\"bt-manut\">Mantenimiento preventivo<\/a><\/div>\n<div class=\"mkd-grid-col-4 bt-pula2 idioma-ingles\"><a href=\"\/bikes\/\" class=\"bt-manut\">Preventive Maintenance<\/a><\/div>\n<div style=\"clear: both;\"><\/div>\n<p><\/p>","protected":false},"excerpt":{"rendered":"<p>La Bike 309 forma parte de la L\u00ednea Club de equipos semiprofesionales.<br \/>\nCon un dise\u00f1o limpio y paneles intuitivos, los equipos contempor\u00e1neos de la L\u00ednea Club son perfectos para condominios, residencias, clubes, hoteles y constructoras.<br \/>\nLa Bike vertical 309 es la opci\u00f3n perfecta para aquellos que optan por pedalear, porque sus diferenciales hacen que el ejercicio sea m\u00e1s placentero y eficiente.<br \/>\nSu sistema de carga es magn\u00e9tico, proporcionando movimientos suaves y silenciosos.<br \/>\nTiene 15 niveles de resistencia que permiten diversas intensidades de entrenamiento.<br \/>\nTiene un asiento anat\u00f3mico y c\u00f3modo, con amplio ajuste de altitud y de distancia, proporcionando m\u00e1s comodidad que las bicicletas verticales habituales.<br \/>\nSu panel multifuncional es f\u00e1cil de operar y cuenta con una pantalla LCD de 5,5 pulgadas. Cuenta con funciones de velocidad, cron\u00f3metro, distancia, quema cal\u00f3rica, term\u00f3metro y monitoreo card\u00edaco.<br \/>\nLa Bike vertical 309 tiene estructura de acero al carbono con pintura electrost\u00e1tica resistente a la oxidaci\u00f3n, aluminio anodizado y carenados ABS de alta resistencia, que proporcionan un acabado superior y alta durabilidad.<br \/>\nLos agarradores de manosson suaves, con exclusiva regulaci\u00f3n de \u00e1ngulo que permite el ajuste en la posici\u00f3n ideal para cada usuario.<br \/>\nEl monitoreo card\u00edaco se realiza a trav\u00e9s de sensores grip pulse estrat\u00e9gicamente posicionados en los agarradores de manos.<br \/>\nLos pedales son antideslizantes y tienen un asa de seguridad.<br \/>\nLa Bike vertical 309 tiene ruedas delanteras para facilitar la locomoci\u00f3n.<br \/>\nAdem\u00e1s de todas las ventajas que este producto ofrece, usted a\u00fan puede contar con la seguridad de la asistencia t\u00e9cnica EMBREEX\u00ae, que garantiza el m\u00e1ximo rendimiento de este equipo.<\/p>\n","protected":false},"featured_media":32253,"template":"","meta":[],"product_brand":[],"product_cat":[330],"product_tag":[],"class_list":{"0":"post-20579","1":"product","2":"type-product","3":"status-publish","4":"has-post-thumbnail","6":"product_cat-club","7":"pa_assento-anatomico-e-impermeavel","8":"pa_carenagem-abs-de-alta-resistencia","9":"pa_categoria-bike-vertical","10":"pa_display-lcd-55-de-facil-operacao","11":"pa_estrutura-aco-carbono","12":"pa_finalidade-residencial","13":"pa_finalidade-semiprofissional","14":"pa_funcoes-do-painel-velocidade-cronometro-distancia-queima-calorica-termometro-e-monitoramento-cardiaco","15":"pa_garantia-ate-1-ano","16":"pa_monitoramento-cardiaco-sensores-grip-pulse-estrategicamente-posicionados-no-pega-mao-central","17":"pa_niveis-de-resistencia-375","18":"pa_painel-multifuncional","19":"pa_pintura-eletrostatica","20":"pa_sistema-de-resistencia-magnetico","21":"pa_sistema-de-transmissao-correia","22":"pa_tipo-de-treino-cardiovascular-aerobico","23":"pa_transporte-rodas-dianteiras","25":"first","26":"instock","27":"featured","28":"product-type-simple"},"_links":{"self":[{"href":"https:\/\/embreex.com.br\/es\/wp-json\/wp\/v2\/product\/20579","targetHints":{"allow":["GET"]}}],"collection":[{"href":"https:\/\/embreex.com.br\/es\/wp-json\/wp\/v2\/product"}],"about":[{"href":"https:\/\/embreex.com.br\/es\/wp-json\/wp\/v2\/types\/product"}],"wp:featuredmedia":[{"embeddable":true,"href":"https:\/\/embreex.com.br\/es\/wp-json\/wp\/v2\/media\/32253"}],"wp:attachment":[{"href":"https:\/\/embreex.com.br\/es\/wp-json\/wp\/v2\/media?parent=20579"}],"wp:term":[{"taxonomy":"product_brand","embeddable":true,"href":"https:\/\/embreex.com.br\/es\/wp-json\/wp\/v2\/product_brand?post=20579"},{"taxonomy":"product_cat","embeddable":true,"href":"https:\/\/embreex.com.br\/es\/wp-json\/wp\/v2\/product_cat?post=20579"},{"taxonomy":"product_tag","embeddable":true,"href":"https:\/\/embreex.com.br\/es\/wp-json\/wp\/v2\/product_tag?post=20579"}],"curies":[{"name":"wp","href":"https:\/\/api.w.org\/{rel}","templated":true}]}}