{"id":20575,"date":"2019-08-19T18:13:24","date_gmt":"2019-08-19T21:13:24","guid":{"rendered":"http:\/\/embreex.com.br\/product\/eliptico-219\/"},"modified":"2026-03-17T16:13:11","modified_gmt":"2026-03-17T19:13:11","slug":"eliptico-219","status":"publish","type":"product","link":"https:\/\/embreex.com.br\/es\/produto\/eliptico-219\/","title":{"rendered":"EL\u00cdPTICO 219"},"content":{"rendered":"<p><\/p>\n<div class=\"mkd-grid-col-4\">\n<h5>PANEL<\/h5>\n<p>multifuncional<\/p>\n<\/div>\n<div class=\"mkd-grid-col-4\">\n<h5>PANTALLA<\/h5>\n<p>LCD 5,5&#8243;, de f\u00e1cil operaci\u00f3n<\/p>\n<\/div>\n<div class=\"mkd-grid-col-4\">\n<h5>FUNCIONES DEL PANEL<\/h5>\n<p>velocidad, cron\u00f3metro, distancia, quema cal\u00f3rica, term\u00f3metro y monitoreo card\u00edaco<\/p>\n<\/div>\n<div style=\"clear: both;\"><\/div>\n<div class=\"mkd-grid-col-4\">\n<h5>MONITOREO CARD\u00cdACO<\/h5>\n<p>sensores grip pulse estrat\u00e9gicamente posicionados en el agarrador de manos central<\/p>\n<\/div>\n<div class=\"mkd-grid-col-4\">\n<h5>SISTEMA DE RESISTENCIA<\/h5>\n<p>magn\u00e9tico<\/p>\n<\/div>\n<div class=\"mkd-grid-col-4\">\n<h5>NIVELES DE RESISTENCIA<\/h5>\n<p>15<\/p>\n<\/div>\n<div style=\"clear: both;\"><\/div>\n<div class=\"mkd-grid-col-4\">\n<h5>SISTEMA DE TRANSMISI\u00d3N<\/h5>\n<p>correa<\/p>\n<\/div>\n<div class=\"mkd-grid-col-4\">\n<h5>ESTRUCTURA<\/h5>\n<p>acero al carbono<\/p>\n<\/div>\n<div class=\"mkd-grid-col-4\">\n<h5>CARENADO<\/h5>\n<p>ABS de alta resistencia<\/p>\n<\/div>\n<div style=\"clear: both;\"><\/div>\n<div class=\"mkd-grid-col-4\">\n<h5>PINTURA<\/h5>\n<p>electrost\u00e1tica<\/p>\n<\/div>\n<div class=\"mkd-grid-col-4\">\n<h5>DIMENSIONES DEL PEDAL (L x An x AL)<\/h5>\n<p>38 x 17,5 x 4cm<\/p>\n<\/div>\n<div class=\"mkd-grid-col-4\">\n<h5>TRANSPORTE<\/h5>\n<p>ruedas delanteras<\/p>\n<\/div>\n<div style=\"clear: both;\"><\/div>\n<div class=\"mkd-grid-col-4\">\n<h5>GARANT\u00cdA<\/h5>\n<p>hasta 1 a\u00f1os*<\/p>\n<\/div>\n<div class=\"mkd-grid-col-4\">\n<h5><\/h5>\n<\/div>\n<div class=\"mkd-grid-col-4\">\n<h5><\/h5>\n<\/div>\n<div style=\"clear: both;\"><\/div>\n<div class=\"mkd-grid-col-4\">\n<h5><\/h5>\n<\/div>\n<div class=\"mkd-grid-col-4\">\n<h5><\/h5>\n<\/div>\n<div class=\"mkd-grid-col-4\">\n<h5><\/h5>\n<\/div>\n<div style=\"clear: both;\"><\/div>\n<div class=\"mkd-grid-col-4\">\n<h5><\/h5>\n<\/div>\n<div class=\"mkd-grid-col-4\">\n<h5><\/h5>\n<\/div>\n<div class=\"mkd-grid-col-4\">\n<h5><\/h5>\n<\/div>\n<div style=\"clear: both;\"><\/div>\n<div class=\"mkd-grid-col-4\">\n<h5><\/h5>\n<\/div>\n<div class=\"mkd-grid-col-4\">\n<h5><\/h5>\n<\/div>\n<div class=\"mkd-grid-col-4\">\n<h5><\/h5>\n<\/div>\n<div style=\"clear: both;\"><\/div>\n<div class=\"mkd-grid-col-4\">\n<h5><\/h5>\n<\/div>\n<div class=\"mkd-grid-col-4\">\n<h5><\/h5>\n<\/div>\n<div class=\"mkd-grid-col-4\">\n<h5><\/h5>\n<\/div>\n<div style=\"clear: both;\"><\/div>\n<div class=\"mkd-grid-col-4\">\n<h5><\/h5>\n<\/div>\n<div class=\"mkd-grid-col-4\">\n<h5><\/h5>\n<\/div>\n<div style=\"clear: both;\"><\/div>\n<div class=\"mkd-grid-col-4 bt-pula idioma-portugues\"><a href=\"\/wp-content\/uploads\/wpallimport\/files\/manuais\/PT\/219_120619.pdf\" class=\"bt-manut\">manual do produto<\/a><\/div>\n<div class=\"mkd-grid-col-4 bt-pula2 idioma-portugues\"><a href=\"\/Elipticos\/\" class=\"bt-manut\">manuten\u00e7\u00e3o preventiva<\/a><\/div>\n<div class=\"mkd-grid-col-4 bt-pula2 idioma-espanhol\"><a href=\"\/Elipticos\/\" class=\"bt-manut\">Mantenimiento preventivo<\/a><\/div>\n<div class=\"mkd-grid-col-4 bt-pula2 idioma-ingles\"><a href=\"\/Elipticos\/\" class=\"bt-manut\">Preventive Maintenance<\/a><\/div>\n<div style=\"clear: both;\"><\/div>\n<p><\/p>","protected":false},"excerpt":{"rendered":"<p>El El\u00edptico 219 forma parte de la L\u00ednea Club de equipos semiprofesionales.<br \/>\nCon un dise\u00f1o limpio y paneles intuitivos, los equipos contempor\u00e1neos de la L\u00ednea Club son perfectos para condominios, residencias, clubes, hoteles y constructoras.<br \/>\nLa biomec\u00e1nica eficiente del El\u00edptico 219 elimina riesgos de lesiones y proporciona resultados r\u00e1pidos de la quema de grasa y calor\u00edas.<br \/>\nPosee estructura de acero al carbono con pintura electrost\u00e1tica resistente a la oxidaci\u00f3n y carenados de ABS que promueven una gran durabilidad.<br \/>\nEl panel multifuncional del El\u00edptico 219 es f\u00e1cil de operar y cuenta con una pantalla LCD de 5,5 pulgadas. Presenta funciones de velocidad, cron\u00f3metro, distancia, quema cal\u00f3rica, term\u00f3metro y monitoreo card\u00edaco.<br \/>\nSu sistema de resistencia magn\u00e9tico tiene 15 niveles que permiten varias intensidades de entrenamiento.<br \/>\nEl monitoreo card\u00edaco se realiza a trav\u00e9s de sensores grip pulse estrat\u00e9gicamente posicionados en el agarrador de manos central.<br \/>\nLos pedales son amplios y suaves para una mayor comodidad y seguridad en el entrenamiento.<br \/>\nEl El\u00edptico 219 permite diversas formas de uso: con los miembros superiores apoyados en el agarrador de manos central, con los miembros superiores en movimiento utiliz\u00e1ndose las astas m\u00f3viles, o aun, en entrenamientos avanzados, es posible hacer ejercicio sin el apoyo de los miembros superiores.<br \/>\nAdem\u00e1s, el El\u00edptico 219 elimina el uso de electricidad, favoreciendo a\u00fan m\u00e1s su costo-beneficio.<br \/>\nAdem\u00e1s de todas las ventajas que este producto ofrece, usted a\u00fan puede contar con la seguridad de la Asistencia T\u00e9cnica EMBREEX\u00ae, que garantiza el m\u00e1ximo rendimiento de este equipo.<\/p>\n","protected":false},"featured_media":32245,"template":"","meta":[],"product_brand":[],"product_cat":[330],"product_tag":[],"class_list":{"0":"post-20575","1":"product","2":"type-product","3":"status-publish","4":"has-post-thumbnail","6":"product_cat-club","7":"pa_carenagem-abs-de-alta-resistencia","8":"pa_categoria-elipticos","9":"pa_display-lcd-55-de-facil-operacao","10":"pa_estrutura-aco-carbono","11":"pa_finalidade-residencial","12":"pa_finalidade-semiprofissional","13":"pa_funcoes-do-painel-velocidade-cronometro-distancia-queima-calorica-termometro-e-monitoramento-cardiaco","14":"pa_garantia-ate-1-ano","15":"pa_monitoramento-cardiaco-sensores-grip-pulse-estrategicamente-posicionados-no-pega-mao-central","16":"pa_niveis-de-resistencia-375","17":"pa_painel-multifuncional","18":"pa_pintura-eletrostatica","19":"pa_sistema-de-resistencia-magnetico","20":"pa_sistema-de-transmissao-correia","21":"pa_tipo-de-treino-cardiovascular-aerobico","22":"pa_transporte-rodas-dianteiras","24":"first","25":"instock","26":"featured","27":"product-type-simple"},"_links":{"self":[{"href":"https:\/\/embreex.com.br\/es\/wp-json\/wp\/v2\/product\/20575","targetHints":{"allow":["GET"]}}],"collection":[{"href":"https:\/\/embreex.com.br\/es\/wp-json\/wp\/v2\/product"}],"about":[{"href":"https:\/\/embreex.com.br\/es\/wp-json\/wp\/v2\/types\/product"}],"wp:featuredmedia":[{"embeddable":true,"href":"https:\/\/embreex.com.br\/es\/wp-json\/wp\/v2\/media\/32245"}],"wp:attachment":[{"href":"https:\/\/embreex.com.br\/es\/wp-json\/wp\/v2\/media?parent=20575"}],"wp:term":[{"taxonomy":"product_brand","embeddable":true,"href":"https:\/\/embreex.com.br\/es\/wp-json\/wp\/v2\/product_brand?post=20575"},{"taxonomy":"product_cat","embeddable":true,"href":"https:\/\/embreex.com.br\/es\/wp-json\/wp\/v2\/product_cat?post=20575"},{"taxonomy":"product_tag","embeddable":true,"href":"https:\/\/embreex.com.br\/es\/wp-json\/wp\/v2\/product_tag?post=20575"}],"curies":[{"name":"wp","href":"https:\/\/api.w.org\/{rel}","templated":true}]}}