{"id":20549,"date":"2019-08-19T18:07:23","date_gmt":"2019-08-19T21:07:23","guid":{"rendered":"http:\/\/embreex.com.br\/product\/power-cross-280sx\/"},"modified":"2026-03-16T10:29:27","modified_gmt":"2026-03-16T13:29:27","slug":"power-cross-280sx","status":"publish","type":"product","link":"https:\/\/embreex.com.br\/es\/produto\/power-cross-280sx\/","title":{"rendered":"POWER CROSS 280SX"},"content":{"rendered":"<p><\/p>\n<div class=\"mkd-grid-col-4\">\n<h5>PANEL<\/h5>\n<p>programable y multifuncional<\/p>\n<\/div>\n<div class=\"mkd-grid-col-4\">\n<h5>PANTALLA<\/h5>\n<p>LCD de f\u00e1cil operaci\u00f3n<\/p>\n<\/div>\n<div class=\"mkd-grid-col-4\">\n<h5>FUNCIONES DEL PANEL<\/h5>\n<p>velocidad, cron\u00f3metro, distancia, quema cal\u00f3rica, potencia, nivel de resistencia y monitoreo card\u00edaco<\/p>\n<\/div>\n<div style=\"clear: both;\"><\/div>\n<div class=\"mkd-grid-col-4\">\n<h5>PROGRAMAS DE ENTRENAMIENTO<\/h5>\n<p>11<\/p>\n<\/div>\n<div class=\"mkd-grid-col-4\">\n<h5>MONITOREO CARD\u00cdACO<\/h5>\n<p>sensores grip pulse estrat\u00e9gicamente posicionados en el agarrador de manos fijo<\/p>\n<\/div>\n<div class=\"mkd-grid-col-4\">\n<h5>SISTEMA DE RESISTENCIA<\/h5>\n<p>electromagn\u00e9tico<\/p>\n<\/div>\n<div style=\"clear: both;\"><\/div>\n<div class=\"mkd-grid-col-4\">\n<h5>NIVELES DE RESISTENCIA<\/h5>\n<p>16<\/p>\n<\/div>\n<div class=\"mkd-grid-col-4\">\n<h5>SISTEMA DE TRANSMISI\u00d3N<\/h5>\n<p>correa<\/p>\n<\/div>\n<div class=\"mkd-grid-col-4\">\n<h5>ESTRUCTURA<\/h5>\n<p>acero al carbono y aluminio anodizado<\/p>\n<\/div>\n<div style=\"clear: both;\"><\/div>\n<div class=\"mkd-grid-col-4\">\n<h5>CARENADO<\/h5>\n<p>ABS de alta resistencia<\/p>\n<\/div>\n<div class=\"mkd-grid-col-4\">\n<h5>PINTURA<\/h5>\n<p>electrost\u00e1tica<\/p>\n<\/div>\n<div class=\"mkd-grid-col-4\">\n<h5>SOPORTE PARA BOTELLAS<\/h5>\n<p>2<\/p>\n<\/div>\n<div style=\"clear: both;\"><\/div>\n<div class=\"mkd-grid-col-4\">\n<h5>SOPORTE PARA OBJETO<\/h5>\n<p>1<\/p>\n<\/div>\n<div class=\"mkd-grid-col-4\">\n<h5>DIMENSIONES DEL PEDAL (L x An x Al)<\/h5>\n<p>33 x 12 x 2,5 cm<\/p>\n<\/div>\n<div class=\"mkd-grid-col-4\">\n<h5>TRANSPORTE<\/h5>\n<p>ruedas delanteras<\/p>\n<\/div>\n<div style=\"clear: both;\"><\/div>\n<div class=\"mkd-grid-col-4\">\n<h5>GARANT\u00cdA<\/h5>\n<p>hasta 3 a\u00f1os*<\/p>\n<\/div>\n<div class=\"mkd-grid-col-4\">\n<h5><\/h5>\n<\/div>\n<div class=\"mkd-grid-col-4\">\n<h5><\/h5>\n<\/div>\n<div style=\"clear: both;\"><\/div>\n<div class=\"mkd-grid-col-4\">\n<h5><\/h5>\n<\/div>\n<div class=\"mkd-grid-col-4\">\n<h5><\/h5>\n<\/div>\n<div class=\"mkd-grid-col-4\">\n<h5><\/h5>\n<\/div>\n<div style=\"clear: both;\"><\/div>\n<div class=\"mkd-grid-col-4\">\n<h5><\/h5>\n<\/div>\n<div class=\"mkd-grid-col-4\">\n<h5><\/h5>\n<\/div>\n<div class=\"mkd-grid-col-4\">\n<h5><\/h5>\n<\/div>\n<div style=\"clear: both;\"><\/div>\n<div class=\"mkd-grid-col-4\">\n<h5><\/h5>\n<\/div>\n<div class=\"mkd-grid-col-4\">\n<h5><\/h5>\n<\/div>\n<div class=\"mkd-grid-col-4\">\n<h5><\/h5>\n<\/div>\n<div style=\"clear: both;\"><\/div>\n<div class=\"mkd-grid-col-4\">\n<h5><\/h5>\n<\/div>\n<div class=\"mkd-grid-col-4\">\n<h5><\/h5>\n<\/div>\n<div style=\"clear: both;\"><\/div>\n<div class=\"mkd-grid-col-4 bt-pula idioma-portugues\"><a href=\"\/wp-content\/uploads\/wpallimport\/files\/manuais\/PT\/280 SX_31.002.41_180.pdf\" class=\"bt-manut\">manual do produto<\/a><\/div>\n<div class=\"mkd-grid-col-4 bt-pula2 idioma-espanhol\"><a href=\"\/wp-content\/uploads\/wpallimport\/files\/manuais\/ESP\/280 SX_Espanhol_220719.pdf\" class=\"bt-manut\">manual de producto<\/a><\/div>\n<div class=\"mkd-grid-col-4 bt-pula2 idioma-portugues\"><a href=\"\/cross-trainers\/\" class=\"bt-manut\">manuten\u00e7\u00e3o preventiva<\/a><\/div>\n<div class=\"mkd-grid-col-4 bt-pula2 idioma-espanhol\"><a href=\"\/cross-trainers\/\" class=\"bt-manut\">Mantenimiento preventivo<\/a><\/div>\n<div class=\"mkd-grid-col-4 bt-pula2 idioma-ingles\"><a href=\"\/cross-trainers\/\" class=\"bt-manut\">Preventive Maintenance<\/a><\/div>\n<div style=\"clear: both;\"><\/div>\n<p><\/p>","protected":false},"excerpt":{"rendered":"<p>El Power Cross 280SX forma parte de la L\u00ednea Premium de equipos profesionales desarrollados especialmente para las intensas rutinas de los grandes gimnasios. Son equipos contempor\u00e1neos de alt\u00edsimo rendimiento producidos con tecnolog\u00eda de punta.<br \/>\nEl Power Cross 280SX es un equipo de Cross Training revolucionario con biomec\u00e1nica exclusiva y altamente eficiente, desarrollado por EMBREEX\u00ae especialmente para la tonificaci\u00f3n de los m\u00fasculos de los cu\u00e1driceps (muslos), con impacto cero en las articulaciones, eliminando el riesgo de lesiones, adem\u00e1s de proporcionar la quema de grasa y calor\u00edas r\u00e1pidamente.<br \/>\nSu sistema de carga electromagn\u00e9tico y su perfecta biodin\u00e1mica garantizan movimientos suaves y agradables, haciendo el entrenamiento m\u00e1s placentero.<br \/>\nLa posici\u00f3n estrat\u00e9gica de sus pedales mantiene los pies constantemente en la posici\u00f3n horizontal, sin forzar los tobillos de los usuarios, evitando los t\u00edpicos problemas causados por los el\u00edpticos comunes.<br \/>\nEl Power Cross 280SX es el equipo ideal para aquellos que buscan definir las piernas y quemar grasa r\u00e1pidamente, sin causar da\u00f1os a las articulaciones.<br \/>\nEste incre\u00edble equipo es producido con materiales diferenciados y resistentes. Su estructura de acero al carbono con pintura electrost\u00e1tica resistente a la oxidaci\u00f3n, aluminio anodizado y carenados ABS de alta resistencia promueven un acabado superior y una gran durabilidad.<br \/>\nTiene dos opciones de apoyo de manos (fijo y m\u00f3vil), que permiten variaciones en las formas de uso y las intensidades de entrenamiento.<br \/>\nEl Power Cross 280SX posee la exclusiva tecnolog\u00eda Embreex Smart Load\u00ae: sistema de energ\u00eda recargable de larga duraci\u00f3n. S\u00f3lo hay que conectar el cable de alimentaci\u00f3n al equipo y al enchufe el\u00e9ctrico por apenas 10 horas mensuales y su equipo estar\u00e1 listo para ser usado por un mes, \u00a1sin consumo de pilas y energ\u00eda el\u00e9ctrica! Mayores detalles en el manual de instrucciones del equipo.<br \/>\nLos pedales son amplios y antideslizantes, con ejes extrarrobustos y bridas reforzadas para un m\u00e1ximo rendimiento y seguridad en entrenamientos avanzados.<br \/>\nEl monitoreo card\u00edaco se realiza a trav\u00e9s de sensores grip pulse estrat\u00e9gicamente posicionados en el apoyo de manos fijo.<br \/>\nAdem\u00e1s, el Power Cross 280SX presenta a\u00fan m\u00e1s comodidades, como:<br \/>\n&#8211; 2 soportes para botellas de f\u00e1cil acceso;<br \/>\n&#8211; panel con soporte para Smartphones, tablets y libros estrat\u00e9gicamente posicionados;<br \/>\n&#8211; agarradores de manos texturizados con recubrimiento antideslizante para un mayor confort y una mayor seguridad.<br \/>\n&#8211; gr\u00e1fico de referencia de frecuencia card\u00edaca y quema cal\u00f3rica para ayudar en el entrenamiento.<br \/>\n&#8211; zapatas ajustables al piso para una nivelaci\u00f3n perfecta.<br \/>\nAdem\u00e1s de todas las ventajas que este producto ofrece, usted a\u00fan puede contar con la seguridad de la Asistencia T\u00e9cnica EMBREEX\u00ae, que garantiza el m\u00e1ximo rendimiento de este equipo.<\/p>\n","protected":false},"featured_media":36722,"template":"","meta":[],"product_brand":[],"product_cat":[15],"product_tag":[],"class_list":{"0":"post-20549","1":"product","2":"type-product","3":"status-publish","4":"has-post-thumbnail","6":"product_cat-linha-premium","7":"pa_carenagem-abs-de-alta-resistencia","8":"pa_categoria-cross-training","9":"pa_dimensoes-do-pedal-33-x-12-x-25-cm","10":"pa_display-lcd-de-facil-operacao","11":"pa_estrutura-aco-carbono-e-aluminio-anodizado","12":"pa_finalidade-profissional","13":"pa_finalidade-semiprofissional","14":"pa_funcoes-do-painel-velocidade-cronometro-distancia-queima-calorica-potencia-nivel-de-resistencia-e-monitoramento-cardiaco","15":"pa_garantia-ate-3-anos","16":"pa_monitoramento-cardiaco-sensores-grip-pulse-estrategicamente-posicionados-no-apoio-de-maos-fixo","17":"pa_niveis-de-resistencia-443","18":"pa_painel-programavel-e-multifuncional","19":"pa_pintura-eletrostatica","20":"pa_porta-objetos-464","21":"pa_porta-squeeze-353","22":"pa_programas-de-treinamento-446","23":"pa_sistema-de-resistencia-eletromagnetico","24":"pa_sistema-de-transmissao-correia","25":"pa_tipo-de-treino-cross-training","26":"pa_transporte-rodas-dianteiras","28":"first","29":"instock","30":"product-type-simple"},"_links":{"self":[{"href":"https:\/\/embreex.com.br\/es\/wp-json\/wp\/v2\/product\/20549","targetHints":{"allow":["GET"]}}],"collection":[{"href":"https:\/\/embreex.com.br\/es\/wp-json\/wp\/v2\/product"}],"about":[{"href":"https:\/\/embreex.com.br\/es\/wp-json\/wp\/v2\/types\/product"}],"wp:featuredmedia":[{"embeddable":true,"href":"https:\/\/embreex.com.br\/es\/wp-json\/wp\/v2\/media\/36722"}],"wp:attachment":[{"href":"https:\/\/embreex.com.br\/es\/wp-json\/wp\/v2\/media?parent=20549"}],"wp:term":[{"taxonomy":"product_brand","embeddable":true,"href":"https:\/\/embreex.com.br\/es\/wp-json\/wp\/v2\/product_brand?post=20549"},{"taxonomy":"product_cat","embeddable":true,"href":"https:\/\/embreex.com.br\/es\/wp-json\/wp\/v2\/product_cat?post=20549"},{"taxonomy":"product_tag","embeddable":true,"href":"https:\/\/embreex.com.br\/es\/wp-json\/wp\/v2\/product_tag?post=20549"}],"curies":[{"name":"wp","href":"https:\/\/api.w.org\/{rel}","templated":true}]}}