{"id":20539,"date":"2019-08-19T18:04:23","date_gmt":"2019-08-19T21:04:23","guid":{"rendered":"http:\/\/embreex.com.br\/product\/bike-367gx\/"},"modified":"2025-08-20T14:31:20","modified_gmt":"2025-08-20T17:31:20","slug":"bike-367gx","status":"publish","type":"product","link":"https:\/\/embreex.com.br\/es\/produto\/bike-367gx\/","title":{"rendered":"BIKE 367GX"},"content":{"rendered":"<p><\/p>\n<div class=\"mkd-grid-col-4\">\n<h5>PANEL<\/h5>\n<p>programable y multifuncional<\/p>\n<\/div>\n<div class=\"mkd-grid-col-4\">\n<h5>PANTALLA<\/h5>\n<p>LCD 7\u201d con retroiluminaci\u00f3n azul<\/p>\n<\/div>\n<div class=\"mkd-grid-col-4\">\n<h5>FUNCIONES DEL PANEL<\/h5>\n<p>velocidad, cron\u00f3metro, distancia, quema cal\u00f3rica, nivel de resistencia, monitoreo card\u00edaco y funci\u00f3n especial Recovery para el acompa\u00f1amiento de la condici\u00f3n f\u00edsica del atleta<\/p>\n<\/div>\n<div style=\"clear: both;\"><\/div>\n<div class=\"mkd-grid-col-4\">\n<h5>PROGRAMAS DE ENTRENAMIENTO<\/h5>\n<p>60<\/p>\n<\/div>\n<div class=\"mkd-grid-col-4\">\n<h5>MONITOREO CARD\u00cdACO<\/h5>\n<p>telemetr\u00eda (receptor de cintur\u00f3n tor\u00e1cico) y sensores grip pulse estrat\u00e9gicamente posicionados en el agarrador de manos<\/p>\n<\/div>\n<div class=\"mkd-grid-col-4\">\n<h5>ATAJOS DE COMANDO<\/h5>\n<p>12<\/p>\n<\/div>\n<div style=\"clear: both;\"><\/div>\n<div class=\"mkd-grid-col-4\">\n<h5>SISTEMA DE RESISTENCIA<\/h5>\n<p>electromagn\u00e9tico<\/p>\n<\/div>\n<div class=\"mkd-grid-col-4\">\n<h5>NIVELES DE RESISTENCIA<\/h5>\n<p>32<\/p>\n<\/div>\n<div class=\"mkd-grid-col-4\">\n<h5>SISTEMA DE TRANSMISI\u00d3N<\/h5>\n<p>correa<\/p>\n<\/div>\n<div style=\"clear: both;\"><\/div>\n<div class=\"mkd-grid-col-4\">\n<h5>ASIENTO<\/h5>\n<p>anat\u00f3mico e impermeable con amplio respaldo<\/p>\n<\/div>\n<div class=\"mkd-grid-col-4\">\n<h5>ESTRUCTURA<\/h5>\n<p>acero al carbono<\/p>\n<\/div>\n<div class=\"mkd-grid-col-4\">\n<h5>CARENADO<\/h5>\n<p>ABS de alta resistencia<\/p>\n<\/div>\n<div style=\"clear: both;\"><\/div>\n<div class=\"mkd-grid-col-4\">\n<h5>PINTURA<\/h5>\n<p>electrost\u00e1tica<\/p>\n<\/div>\n<div class=\"mkd-grid-col-4\">\n<h5>SOPORTE PARA BOTELLAS<\/h5>\n<p>1<\/p>\n<\/div>\n<div class=\"mkd-grid-col-4\">\n<h5>TRANSPORTE<\/h5>\n<p>ruedas delanteras y traseras<\/p>\n<\/div>\n<div style=\"clear: both;\"><\/div>\n<div class=\"mkd-grid-col-4\">\n<h5>GARANT\u00cdA<\/h5>\n<p>hasta 3 a\u00f1os*<\/p>\n<\/div>\n<div class=\"mkd-grid-col-4\">\n<h5><\/h5>\n<\/div>\n<div class=\"mkd-grid-col-4\">\n<h5><\/h5>\n<\/div>\n<div style=\"clear: both;\"><\/div>\n<div class=\"mkd-grid-col-4\">\n<h5><\/h5>\n<\/div>\n<div class=\"mkd-grid-col-4\">\n<h5><\/h5>\n<\/div>\n<div class=\"mkd-grid-col-4\">\n<h5><\/h5>\n<\/div>\n<div style=\"clear: both;\"><\/div>\n<div class=\"mkd-grid-col-4\">\n<h5><\/h5>\n<\/div>\n<div class=\"mkd-grid-col-4\">\n<h5><\/h5>\n<\/div>\n<div class=\"mkd-grid-col-4\">\n<h5><\/h5>\n<\/div>\n<div style=\"clear: both;\"><\/div>\n<div class=\"mkd-grid-col-4\">\n<h5><\/h5>\n<\/div>\n<div class=\"mkd-grid-col-4\">\n<h5><\/h5>\n<\/div>\n<div class=\"mkd-grid-col-4\">\n<h5><\/h5>\n<\/div>\n<div style=\"clear: both;\"><\/div>\n<div class=\"mkd-grid-col-4\">\n<h5><\/h5>\n<\/div>\n<div class=\"mkd-grid-col-4\">\n<h5><\/h5>\n<\/div>\n<div style=\"clear: both;\"><\/div>\n<div class=\"mkd-grid-col-4 bt-pula idioma-portugues\"><a href=\"\/wp-content\/uploads\/wpallimport\/files\/manuais\/PT\/367 GX.pdf\" class=\"bt-manut\">manual do produto<\/a><\/div>\n<div class=\"mkd-grid-col-4 bt-pula2 idioma-espanhol\"><a href=\"\/wp-content\/uploads\/wpallimport\/files\/manuais\/PT\/367 GX.pdf\" class=\"bt-manut\">manual de producto<\/a><\/div>\n<div class=\"mkd-grid-col-4 bt-pula2 idioma-portugues\"><a href=\"\/bikes\/\" class=\"bt-manut\">manuten\u00e7\u00e3o preventiva<\/a><\/div>\n<div class=\"mkd-grid-col-4 bt-pula2 idioma-espanhol\"><a href=\"\/bikes\/\" class=\"bt-manut\">Mantenimiento preventivo<\/a><\/div>\n<div class=\"mkd-grid-col-4 bt-pula2 idioma-ingles\"><a href=\"\/bikes\/\" class=\"bt-manut\">Preventive Maintenance<\/a><\/div>\n<div style=\"clear: both;\"><\/div>\n<p><\/p>","protected":false},"excerpt":{"rendered":"<p>La Bike horizontal 367GX forma parte de la L\u00ednea Premium de equipos profesionales desarrollados especialmente para las intensas rutinas de los grandes gimnasios.<br \/>\nLa Bike horizontal 367GX es la opci\u00f3n perfecta para aquellos que optan por hacer ejercicio sin renunciar al confort, porque sus diferenciales hacen que el ejercicio sea m\u00e1s placentero sin perder eficiencia.<br \/>\nSu asiento es suave y anat\u00f3mico, con amplio respaldo trasero para una total comodidad. Tiene micro regulaciones para ajustar el asiento de una manera f\u00e1cil y pr\u00e1ctica, con marcadores num\u00e9ricos que permiten colocar el asiento en la posici\u00f3n ideal para cada usuario r\u00e1pidamente.<br \/>\nSu dise\u00f1o permite el acceso del usuario al asiento con total facilidad debido al paso extendido, promoviendo una mayor seguridad y conveniencia que las bicis horizontales comunes, especialmente a los usuarios ancianos, obesos y atletas especiales.<br \/>\nSu sistema de carga es electromagn\u00e9tico, proporcionando movimientos suaves y silenciosos.<br \/>\nLa Bike horizontal 367GX se auto alimenta por un generador de alta potencia, eliminando el consumo de pilas y energ\u00eda el\u00e9ctrica. Posee panel programable y multifuncional con pantalla LCD de 7 pulgadas y la m\u00e1s amplia gama de programas de entrenamiento de la categor\u00eda: 60 programas exclusivos, \u00a1todos con indicadores de sonido y gr\u00e1ficos electr\u00f3nicos para monitoreo completo del entrenamiento!<br \/>\nAdem\u00e1s, cuenta con un carenado exclusivo y de f\u00e1cil remoci\u00f3n que promueve una mayor agilidad y menores costes de mantenimiento.<br \/>\nPosee dos opciones de apoyos de manos para el confort de todos los perfiles de usuarios.<br \/>\nEl monitoreo card\u00edaco se puede realizar de dos maneras: a trav\u00e9s de los sensores grip pulse estrat\u00e9gicamente posicionados en los agarradores de manos frontales y a trav\u00e9s del uso del cintur\u00f3n tor\u00e1cico.<br \/>\nLos pedales son antideslizantes, auto equilibrados y tienen asa de seguridad para una mayor confianza en los entrenamientos avanzados.<br \/>\nLa Bike Vertical 367SX presenta a\u00fan m\u00e1s comodidades, como:<br \/>\n&#8211; soporte para botellas de f\u00e1cil acceso;<br \/>\n&#8211; panel con soporte para Smartphones, tablets y libros estrat\u00e9gicamente posicionados;<br \/>\n&#8211; gr\u00e1fico de referencia de frecuencia card\u00edaca y quema cal\u00f3rica para ayudar en el entrenamiento.<br \/>\n&#8211; ruedas delanteras y traseras para facilitar la locomoci\u00f3n.<br \/>\nAdem\u00e1s de todas las ventajas que este producto ofrece, usted a\u00fan puede contar con la seguridad de la Asistencia T\u00e9cnica EMBREEX\u00ae, que garantiza el m\u00e1ximo rendimiento de este equipo.<\/p>\n","protected":false},"featured_media":32259,"template":"","meta":[],"product_brand":[],"product_cat":[15],"product_tag":[],"class_list":{"0":"post-20539","1":"product","2":"type-product","3":"status-publish","4":"has-post-thumbnail","6":"product_cat-linha-premium","7":"pa_assento-anatomico-e-impermeavel-com-amplo-encosto","8":"pa_atalhos-de-comandos-402","9":"pa_carenagem-abs-de-alta-resistencia","10":"pa_categoria-bikes-horizontais","11":"pa_display-lcd-de-7-polegadas-com-backlight-azul","12":"pa_estrutura-aco-carbono","13":"pa_finalidade-profissional","14":"pa_funcoes-do-painel-velocidade-cronometro-distancia-queima-calorica-nivel-de-resistencia-monitoramento-cardiaco-e-funcao-especial-recovery-para-o-acompanhamento-da-condicao-fisica-do-atleta","15":"pa_garantia-ate-3-anos","16":"pa_monitoramento-cardiaco-telemetria-receptor-de-cinta-toracica-e-sensores-grip-pulse-estrategicamente-posicionados-nos-pega-maos-frontais","17":"pa_niveis-de-resistencia-452","18":"pa_painel-programavel-e-multifuncional","19":"pa_pintura-eletrostatica","20":"pa_porta-squeeze-444","21":"pa_programas-de-treinamento-450","22":"pa_sistema-de-resistencia-eletromagnetico","23":"pa_sistema-de-transmissao-correia","24":"pa_tipo-de-treino-cardiovascular-aerobico","25":"pa_transporte-rodizios-dianteiros-e-traseiros","27":"first","28":"instock","29":"product-type-simple"},"_links":{"self":[{"href":"https:\/\/embreex.com.br\/es\/wp-json\/wp\/v2\/product\/20539","targetHints":{"allow":["GET"]}}],"collection":[{"href":"https:\/\/embreex.com.br\/es\/wp-json\/wp\/v2\/product"}],"about":[{"href":"https:\/\/embreex.com.br\/es\/wp-json\/wp\/v2\/types\/product"}],"wp:featuredmedia":[{"embeddable":true,"href":"https:\/\/embreex.com.br\/es\/wp-json\/wp\/v2\/media\/32259"}],"wp:attachment":[{"href":"https:\/\/embreex.com.br\/es\/wp-json\/wp\/v2\/media?parent=20539"}],"wp:term":[{"taxonomy":"product_brand","embeddable":true,"href":"https:\/\/embreex.com.br\/es\/wp-json\/wp\/v2\/product_brand?post=20539"},{"taxonomy":"product_cat","embeddable":true,"href":"https:\/\/embreex.com.br\/es\/wp-json\/wp\/v2\/product_cat?post=20539"},{"taxonomy":"product_tag","embeddable":true,"href":"https:\/\/embreex.com.br\/es\/wp-json\/wp\/v2\/product_tag?post=20539"}],"curies":[{"name":"wp","href":"https:\/\/api.w.org\/{rel}","templated":true}]}}