{"id":20504,"date":"2019-08-19T17:54:42","date_gmt":"2019-08-19T20:54:42","guid":{"rendered":"http:\/\/embreex.com.br\/product\/eliptico-212gx\/"},"modified":"2025-08-20T14:56:56","modified_gmt":"2025-08-20T17:56:56","slug":"eliptico-212gx","status":"publish","type":"product","link":"https:\/\/embreex.com.br\/es\/produto\/eliptico-212gx\/","title":{"rendered":"EL\u00cdPTICO 212GX"},"content":{"rendered":"<p><\/p>\n<div class=\"mkd-grid-col-4\">\n<h5>PANEL<\/h5>\n<p>programable y multifuncional<\/p>\n<\/div>\n<div class=\"mkd-grid-col-4\">\n<h5>PANTALLA<\/h5>\n<p>LCD 7\u201d con retroiluminaci\u00f3n azul<\/p>\n<\/div>\n<div class=\"mkd-grid-col-4\">\n<h5>FUNCIONES DEL PANEL<\/h5>\n<p>velocidad, cron\u00f3metro, distancia, quema cal\u00f3rica, nivel de resistencia, monitoreo card\u00edaco y funci\u00f3n especial Recovery para el acompa\u00f1amiento de la condici\u00f3n f\u00edsica del atleta<\/p>\n<\/div>\n<div style=\"clear: both;\"><\/div>\n<div class=\"mkd-grid-col-4\">\n<h5>PROGRAMAS DE ENTRENAMIENTO<\/h5>\n<p>60<\/p>\n<\/div>\n<div class=\"mkd-grid-col-4\">\n<h5>MONITOREO CARD\u00cdACO<\/h5>\n<p>telemetr\u00eda (receptor de cintur\u00f3n tor\u00e1cico) y sensores grip pulse estrat\u00e9gicamente posicionados en el agarrador de manos central<\/p>\n<\/div>\n<div class=\"mkd-grid-col-4\">\n<h5>ATAJOS DE COMANDO<\/h5>\n<p>12<\/p>\n<\/div>\n<div style=\"clear: both;\"><\/div>\n<div class=\"mkd-grid-col-4\">\n<h5>SISTEMA DE RESISTENCIA<\/h5>\n<p>electromagn\u00e9tico<\/p>\n<\/div>\n<div class=\"mkd-grid-col-4\">\n<h5>NIVELES DE RESISTENCIA<\/h5>\n<p>32<\/p>\n<\/div>\n<div class=\"mkd-grid-col-4\">\n<h5>SISTEMA DE TRANSMISI\u00d3N<\/h5>\n<p>correa<\/p>\n<\/div>\n<div style=\"clear: both;\"><\/div>\n<div class=\"mkd-grid-col-4\">\n<h5>ESTRUCTURA<\/h5>\n<p>acero al carbono<\/p>\n<\/div>\n<div class=\"mkd-grid-col-4\">\n<h5>CARENADO<\/h5>\n<p>ABS de alta resistencia<\/p>\n<\/div>\n<div class=\"mkd-grid-col-4\">\n<h5>PINTURA<\/h5>\n<p>electrost\u00e1tica<\/p>\n<\/div>\n<div style=\"clear: both;\"><\/div>\n<div class=\"mkd-grid-col-4\">\n<h5>SOPORTE PARA BOTELLAS<\/h5>\n<p>1<\/p>\n<\/div>\n<div class=\"mkd-grid-col-4\">\n<h5>SOPORTE PARA OBJETO<\/h5>\n<p>2<\/p>\n<\/div>\n<div class=\"mkd-grid-col-4\">\n<h5>DIMENSIONES DEL PEDAL (L x An x Al)<\/h5>\n<p>33 x 12 x 2,5 cm<\/p>\n<\/div>\n<div style=\"clear: both;\"><\/div>\n<div class=\"mkd-grid-col-4\">\n<h5>TRANSPORTE<\/h5>\n<p>ruedas delanteras<\/p>\n<\/div>\n<div class=\"mkd-grid-col-4\">\n<h5>GARANT\u00cdA<\/h5>\n<p>hasta 3 a\u00f1os*<\/p>\n<\/div>\n<div class=\"mkd-grid-col-4\">\n<h5><\/h5>\n<\/div>\n<div style=\"clear: both;\"><\/div>\n<div class=\"mkd-grid-col-4\">\n<h5><\/h5>\n<\/div>\n<div class=\"mkd-grid-col-4\">\n<h5><\/h5>\n<\/div>\n<div class=\"mkd-grid-col-4\">\n<h5><\/h5>\n<\/div>\n<div style=\"clear: both;\"><\/div>\n<div class=\"mkd-grid-col-4\">\n<h5><\/h5>\n<\/div>\n<div class=\"mkd-grid-col-4\">\n<h5><\/h5>\n<\/div>\n<div class=\"mkd-grid-col-4\">\n<h5><\/h5>\n<\/div>\n<div style=\"clear: both;\"><\/div>\n<div class=\"mkd-grid-col-4\">\n<h5><\/h5>\n<\/div>\n<div class=\"mkd-grid-col-4\">\n<h5><\/h5>\n<\/div>\n<div class=\"mkd-grid-col-4\">\n<h5><\/h5>\n<\/div>\n<div style=\"clear: both;\"><\/div>\n<div class=\"mkd-grid-col-4\">\n<h5><\/h5>\n<\/div>\n<div class=\"mkd-grid-col-4\">\n<h5><\/h5>\n<\/div>\n<div style=\"clear: both;\"><\/div>\n<div class=\"mkd-grid-col-4 bt-pula idioma-portugues\"><a href=\"\/wp-content\/uploads\/wpallimport\/files\/manuais\/PT\/212 GX.pdf\" class=\"bt-manut\">manual do produto<\/a><\/div>\n<div class=\"mkd-grid-col-4 bt-pula2 idioma-espanhol\"><a href=\"\/wp-content\/uploads\/wpallimport\/files\/manuais\/PT\/212 GX.pdf\" class=\"bt-manut\">manual de producto<\/a><\/div>\n<div class=\"mkd-grid-col-4 bt-pula2 idioma-portugues\"><a href=\"\/Elipticos\/\" class=\"bt-manut\">manuten\u00e7\u00e3o preventiva<\/a><\/div>\n<div class=\"mkd-grid-col-4 bt-pula2 idioma-espanhol\"><a href=\"\/Elipticos\/\" class=\"bt-manut\">Mantenimiento preventivo<\/a><\/div>\n<div class=\"mkd-grid-col-4 bt-pula2 idioma-ingles\"><a href=\"\/Elipticos\/\" class=\"bt-manut\">Preventive Maintenance<\/a><\/div>\n<div style=\"clear: both;\"><\/div>\n<p><\/p>","protected":false},"excerpt":{"rendered":"<p>El El\u00edptico 251GX forma parte de la L\u00ednea Premium de equipos profesionales desarrollados especialmente para las intensas rutinas de los grandes gimnasios. Son equipos contempor\u00e1neos de alt\u00edsimo rendimiento producidos con tecnolog\u00eda de punta.<br \/>\nEl El\u00edptico 212GX tiene una estructura robusta con dise\u00f1o limpio y elegante.<br \/>\nSu biomec\u00e1nica eficiente promueve movimiento perfecto, eliminando riesgos de lesiones y haciendo el entrenamiento m\u00e1s placentero. Adem\u00e1s de proporcionar resultados r\u00e1pidos de quema de grasa y calor\u00edas.<br \/>\nTiene estructura de acero al carbono con pintura electrost\u00e1tica resistente a la oxidaci\u00f3n, carenado de polietileno de alta densidad y consola ABS de alta resistencia, lo que promueve una gran durabilidad.<br \/>\nSu sistema de resistencia electromagn\u00e9tico posee 32 niveles que permiten diversas intensidades de entrenamiento.<br \/>\nEl monitoreo card\u00edaco se puede realizar de dos maneras: a trav\u00e9s de los sensores grip pulse estrat\u00e9gicamente posicionados en el agarrador de manos central y por la telemetr\u00eda, a trav\u00e9s del uso del cintur\u00f3n tor\u00e1cico.<br \/>\nLos pedales son amplios y suaves para una mayor comodidad y seguridad en el entrenamiento.<br \/>\nEl El\u00edptico 212GX permite varias formas de uso: con los miembros superiores apoyados en el agarrador de mano central, con los miembros superiores en movimiento utilizando las astas m\u00f3viles, o a\u00fan, en entrenamiento avanzado, es posible ejercitarse sin el apoyo de los miembros superiores.<br \/>\nEl El\u00edptico 212GX se autoalimenta por un generador de alta potencia, eliminando el consumo de pilas y energ\u00eda el\u00e9ctrica. Posee panel programable y multifuncional con pantalla LCD de 7 pulgadas y la m\u00e1s amplia gama de programas de entrenamiento de la categor\u00eda: 60 programas exclusivos, \u00a1todos con indicadores de sonido y gr\u00e1ficos electr\u00f3nicos para monitoreo completo del entrenamiento!<br \/>\nAdem\u00e1s, cuenta con diversas facilidades, entre ellas:<br \/>\n&#8211; amplio soporte para objetos y 2 soportes de f\u00e1cil acceso para botellas;<br \/>\n&#8211; agarradores de manos texturizados con protecci\u00f3n antif\u00fangica para mayor comodidad e higiene;<br \/>\n&#8211; brazos articulados con rodamientos para una mayor suavidad de los movimientos;<br \/>\n&#8211; exclusivo carenado de f\u00e1cil remoci\u00f3n para una mayor agilidad en el mantenimiento;<br \/>\n&#8211; gr\u00e1fico de referencia de frecuencia card\u00edaca y quema cal\u00f3rica para ayudar en el entrenamiento.<br \/>\nEl El\u00edptico 212GX es un equipo indispensable en los reconocidos gimnasios que buscan productos contempor\u00e1neos y eficientes.<br \/>\nAdem\u00e1s de todas las ventajas que este producto ofrece, usted a\u00fan puede contar con la seguridad de la Asistencia T\u00e9cnica EMBREEX\u00ae, que garantiza el m\u00e1ximo rendimiento de este equipo.<\/p>\n","protected":false},"featured_media":32269,"template":"","meta":[],"product_brand":[],"product_cat":[15],"product_tag":[],"class_list":{"0":"post-20504","1":"product","2":"type-product","3":"status-publish","4":"has-post-thumbnail","6":"product_cat-linha-premium","7":"pa_atalhos-de-comandos-402","8":"pa_carenagem-abs-de-alta-resistencia","9":"pa_categoria-elipticos","10":"pa_dimensoes-do-pedal-33-x-12-x-25-cm","11":"pa_display-lcd-de-7-polegadas-com-backlight-azul","12":"pa_estrutura-aco-carbono","13":"pa_finalidade-profissional","14":"pa_finalidade-semiprofissional","15":"pa_funcoes-do-painel-velocidade-cronometro-distancia-queima-calorica-nivel-de-resistencia-monitoramento-cardiaco-e-funcao-especial-recovery-para-o-acompanhamento-da-condicao-fisica-do-atleta","16":"pa_garantia-ate-3-anos","17":"pa_monitoramento-cardiaco-telemetria-receptor-de-cinta-toracica-e-sensores-grip-pulse-estrategicamente-posicionados-no-pega-mao-central","18":"pa_niveis-de-resistencia-452","19":"pa_painel-programavel-e-multifuncional","20":"pa_pintura-eletrostatica","21":"pa_porta-objetos-354","22":"pa_porta-squeeze-444","23":"pa_programas-de-treinamento-450","24":"pa_sistema-de-resistencia-eletromagnetico","25":"pa_sistema-de-transmissao-correia","26":"pa_tipo-de-treino-cardiovascular-aerobico","27":"pa_transporte-rodas-dianteiras","29":"first","30":"instock","31":"product-type-simple"},"_links":{"self":[{"href":"https:\/\/embreex.com.br\/es\/wp-json\/wp\/v2\/product\/20504","targetHints":{"allow":["GET"]}}],"collection":[{"href":"https:\/\/embreex.com.br\/es\/wp-json\/wp\/v2\/product"}],"about":[{"href":"https:\/\/embreex.com.br\/es\/wp-json\/wp\/v2\/types\/product"}],"wp:featuredmedia":[{"embeddable":true,"href":"https:\/\/embreex.com.br\/es\/wp-json\/wp\/v2\/media\/32269"}],"wp:attachment":[{"href":"https:\/\/embreex.com.br\/es\/wp-json\/wp\/v2\/media?parent=20504"}],"wp:term":[{"taxonomy":"product_brand","embeddable":true,"href":"https:\/\/embreex.com.br\/es\/wp-json\/wp\/v2\/product_brand?post=20504"},{"taxonomy":"product_cat","embeddable":true,"href":"https:\/\/embreex.com.br\/es\/wp-json\/wp\/v2\/product_cat?post=20504"},{"taxonomy":"product_tag","embeddable":true,"href":"https:\/\/embreex.com.br\/es\/wp-json\/wp\/v2\/product_tag?post=20504"}],"curies":[{"name":"wp","href":"https:\/\/api.w.org\/{rel}","templated":true}]}}