{"id":20489,"date":"2019-08-19T16:54:17","date_gmt":"2019-08-19T19:54:17","guid":{"rendered":"http:\/\/embreex.com.br\/product\/circle-fit-251gx\/"},"modified":"2025-02-24T13:39:50","modified_gmt":"2025-02-24T16:39:50","slug":"circle-fit-251gx","status":"publish","type":"product","link":"https:\/\/embreex.com.br\/es\/produto\/circle-fit-251gx\/","title":{"rendered":"CIRCLE FIT 251GX"},"content":{"rendered":"<p><\/p>\n<div class=\"mkd-grid-col-4\">\n<h5>PANEL<\/h5>\n<p>programable y multifuncional<\/p>\n<\/div>\n<div class=\"mkd-grid-col-4\">\n<h5>PANTALLA<\/h5>\n<p>LCD 7\u201d con retroiluminaci\u00f3n azul<\/p>\n<\/div>\n<div class=\"mkd-grid-col-4\">\n<h5>FUNCIONES DEL PANEL<\/h5>\n<p>velocidad, cron\u00f3metro, distancia, quema cal\u00f3rica, nivel de resistencia, monitoreo card\u00edaco y funci\u00f3n especial Recovery para el acompa\u00f1amiento de la condici\u00f3n f\u00edsica del atleta<\/p>\n<\/div>\n<div style=\"clear: both;\"><\/div>\n<div class=\"mkd-grid-col-4\">\n<h5>PROGRAMAS DE ENTRENAMIENTO<\/h5>\n<p>60<\/p>\n<\/div>\n<div class=\"mkd-grid-col-4\">\n<h5>MONITOREO CARD\u00cdACO<\/h5>\n<p>telemetr\u00eda (receptor de cintur\u00f3n tor\u00e1cico) y sensores grip pulse estrat\u00e9gicamente posicionados en el agarrador de manos<\/p>\n<\/div>\n<div class=\"mkd-grid-col-4\">\n<h5>ATAJOS DE COMANDO<\/h5>\n<p>12<\/p>\n<\/div>\n<div style=\"clear: both;\"><\/div>\n<div class=\"mkd-grid-col-4\">\n<h5>SISTEMA DE RESISTENCIA<\/h5>\n<p>electromagn\u00e9tico<\/p>\n<\/div>\n<div class=\"mkd-grid-col-4\">\n<h5>NIVELES DE RESISTENCIA<\/h5>\n<p>32<\/p>\n<\/div>\n<div class=\"mkd-grid-col-4\">\n<h5>SISTEMA DE TRANSMISI\u00d3N<\/h5>\n<p>correa<\/p>\n<\/div>\n<div style=\"clear: both;\"><\/div>\n<div class=\"mkd-grid-col-4\">\n<h5>ESTRUCTURA<\/h5>\n<p>acero al carbono y aluminio anodizado<\/p>\n<\/div>\n<div class=\"mkd-grid-col-4\">\n<h5>CARENADO<\/h5>\n<p>ABS de alta resistencia<\/p>\n<\/div>\n<div class=\"mkd-grid-col-4\">\n<h5>PINTURA<\/h5>\n<p>electrost\u00e1tica<\/p>\n<\/div>\n<div style=\"clear: both;\"><\/div>\n<div class=\"mkd-grid-col-4\">\n<h5>SOPORTE PARA BOTELLAS<\/h5>\n<p>1<\/p>\n<\/div>\n<div class=\"mkd-grid-col-4\">\n<h5>DIMENSIONES DEL PEDAL (L x An x Al)<\/h5>\n<p>33 x 12 x 2,5 cm<\/p>\n<\/div>\n<div class=\"mkd-grid-col-4\">\n<h5>TRANSPORTE<\/h5>\n<p>ruedas delanteras<\/p>\n<\/div>\n<div style=\"clear: both;\"><\/div>\n<div class=\"mkd-grid-col-4\">\n<h5>GARANT\u00cdA<\/h5>\n<p>hasta 3 a\u00f1os*<\/p>\n<\/div>\n<div class=\"mkd-grid-col-4\">\n<h5><\/h5>\n<\/div>\n<div class=\"mkd-grid-col-4\">\n<h5><\/h5>\n<\/div>\n<div style=\"clear: both;\"><\/div>\n<div class=\"mkd-grid-col-4\">\n<h5><\/h5>\n<\/div>\n<div class=\"mkd-grid-col-4\">\n<h5><\/h5>\n<\/div>\n<div class=\"mkd-grid-col-4\">\n<h5><\/h5>\n<\/div>\n<div style=\"clear: both;\"><\/div>\n<div class=\"mkd-grid-col-4\">\n<h5><\/h5>\n<\/div>\n<div class=\"mkd-grid-col-4\">\n<h5><\/h5>\n<\/div>\n<div class=\"mkd-grid-col-4\">\n<h5><\/h5>\n<\/div>\n<div style=\"clear: both;\"><\/div>\n<div class=\"mkd-grid-col-4\">\n<h5><\/h5>\n<\/div>\n<div class=\"mkd-grid-col-4\">\n<h5><\/h5>\n<\/div>\n<div class=\"mkd-grid-col-4\">\n<h5><\/h5>\n<\/div>\n<div style=\"clear: both;\"><\/div>\n<div class=\"mkd-grid-col-4\">\n<h5><\/h5>\n<\/div>\n<div class=\"mkd-grid-col-4\">\n<h5><\/h5>\n<\/div>\n<div style=\"clear: both;\"><\/div>\n<div class=\"mkd-grid-col-4 bt-pula2 idioma-portugues\"><a href=\"\/cross-trainers\/\" class=\"bt-manut\">manuten\u00e7\u00e3o preventiva<\/a><\/div>\n<div class=\"mkd-grid-col-4 bt-pula2 idioma-espanhol\"><a href=\"\/cross-trainers\/\" class=\"bt-manut\">Mantenimiento preventivo<\/a><\/div>\n<div class=\"mkd-grid-col-4 bt-pula2 idioma-ingles\"><a href=\"\/cross-trainers\/\" class=\"bt-manut\">Preventive Maintenance<\/a><\/div>\n<div style=\"clear: both;\"><\/div>\n<p><\/p>","protected":false},"excerpt":{"rendered":"<p>El Circle Fit 251GX forma parte de la L\u00ednea Premium de equipos profesionales desarrollados especialmente para las intensas rutinas de los grandes gimnasios. Son equipos contempor\u00e1neos de alt\u00edsimo rendimiento producidos con tecnolog\u00eda de punta.<br \/>\nEl Circle Fit 251GX es un equipo de Cross Training revolucionario con biomec\u00e1nica exclusiva y altamente eficiente, desarrollado por EMBREEX\u00ae especialmente para la tonificaci\u00f3n de los m\u00fasculos de los gl\u00fateos y de los miembros inferiores (especialmente laterales), con impacto cero en las articulaciones, eliminando el riesgo de lesiones, adem\u00e1s de proporcionar la quema de grasa y calor\u00edas simult\u00e1neamente.<br \/>\nEs el equipo perfecto para aquellos que buscan definir los m\u00fasculos de las piernas, tonificar el gl\u00fateo y quemar grasa al mismo tiempo.<br \/>\nSu perfecta biomec\u00e1nica promueve movimientos suaves y agradables, haciendo el entrenamiento m\u00e1s placentero.<br \/>\nEste incre\u00edble equipo es producido con materiales diferenciados y resistentes. Su estructura de acero al carbono con pintura electrost\u00e1tica resistente a la oxidaci\u00f3n, aluminio anodizado y carenados ABS de alta resistencia promueven un acabado superior y una gran durabilidad.<br \/>\nLos pedales son amplios y antideslizantes, con ejes extrarrobustos y bridas reforzadas para un m\u00e1ximo rendimiento y seguridad en entrenamientos avanzados.<br \/>\nEl monitoreo card\u00edaco se hace a trav\u00e9s de los sensores grip pulse estrat\u00e9gicamente posicionados en el agarrador de manos y a trav\u00e9s del uso del cintur\u00f3n tor\u00e1cico.<br \/>\nEl Circle Fit 251GX se autoalimenta por un generador de alta potencia, eliminando el consumo de pilas y energ\u00eda el\u00e9ctrica. Posee panel programable y multifuncional con pantalla LCD de 7 pulgadas y la m\u00e1s amplia gama de programas de entrenamiento de la categor\u00eda: 60 programas exclusivos, \u00a1todos con indicadores de sonido y gr\u00e1ficos electr\u00f3nicos para monitoreo completo del entrenamiento!<br \/>\nCuenta con funciones de velocidad, cron\u00f3metro, distancia, quema cal\u00f3rica, nivel de resistencia, monitoreo card\u00edaco, funci\u00f3n exclusiva de recarga de Smartphones y funci\u00f3n especial Recovery para el acompa\u00f1amiento de la condici\u00f3n f\u00edsica del atleta.<br \/>\nAdem\u00e1s, presenta diversas facilidades, entre ellas:<br \/>\n&#8211; soporte para botellas de f\u00e1cil acceso;<br \/>\n&#8211; panel con soporte para Smartphones, tablets y libros estrat\u00e9gicamente posicionados;<br \/>\n&#8211; agarrador de manos suaves para mayor comodidad;<br \/>\n&#8211; gr\u00e1fico de referencia de frecuencia card\u00edaca y quema cal\u00f3rica para ayudar en el entrenamiento.<br \/>\nEl Circle Fit 251GX es un equipo indispensable en los reconocidos gimnasios que buscan productos contempor\u00e1neos y eficientes.<br \/>\nAdem\u00e1s de todas las ventajas que este producto ofrece, usted a\u00fan puede contar con la seguridad de la Asistencia T\u00e9cnica EMBREEX\u00ae, que garantiza el m\u00e1ximo rendimiento de este equipo.<\/p>\n","protected":false},"featured_media":32243,"template":"","meta":[],"product_brand":[],"product_cat":[15],"product_tag":[],"class_list":{"0":"post-20489","1":"product","2":"type-product","3":"status-publish","4":"has-post-thumbnail","6":"product_cat-linha-premium","7":"pa_atalhos-de-comandos-402","8":"pa_carenagem-abs-de-alta-resistencia","9":"pa_categoria-cross-training","10":"pa_dimensoes-do-pedal-33-x-12-x-25-cm","11":"pa_display-lcd-de-7-polegadas-com-backlight-azul","12":"pa_estrutura-aco-carbono-e-aluminio-anodizado","13":"pa_finalidade-profissional","14":"pa_finalidade-semiprofissional","15":"pa_funcoes-do-painel-velocidade-cronometro-distancia-queima-calorica-nivel-de-resistencia-monitoramento-cardiaco-e-funcao-especial-recovery-para-o-acompanhamento-da-condicao-fisica-do-atleta","16":"pa_garantia-ate-3-anos","17":"pa_monitoramento-cardiaco-telemetria-receptor-de-cinta-toracica-e-sensores-grip-pulse-estrategicamente-posicionados-nos-pega-maos","18":"pa_niveis-de-resistencia-452","19":"pa_painel-programavel-e-multifuncional","20":"pa_pintura-eletrostatica","21":"pa_porta-squeeze-444","22":"pa_programas-de-treinamento-450","23":"pa_sistema-de-resistencia-eletromagnetico","24":"pa_sistema-de-transmissao-correia","25":"pa_tipo-de-treino-cross-training","26":"pa_transporte-rodas-dianteiras","28":"first","29":"instock","30":"product-type-simple"},"_links":{"self":[{"href":"https:\/\/embreex.com.br\/es\/wp-json\/wp\/v2\/product\/20489","targetHints":{"allow":["GET"]}}],"collection":[{"href":"https:\/\/embreex.com.br\/es\/wp-json\/wp\/v2\/product"}],"about":[{"href":"https:\/\/embreex.com.br\/es\/wp-json\/wp\/v2\/types\/product"}],"wp:featuredmedia":[{"embeddable":true,"href":"https:\/\/embreex.com.br\/es\/wp-json\/wp\/v2\/media\/32243"}],"wp:attachment":[{"href":"https:\/\/embreex.com.br\/es\/wp-json\/wp\/v2\/media?parent=20489"}],"wp:term":[{"taxonomy":"product_brand","embeddable":true,"href":"https:\/\/embreex.com.br\/es\/wp-json\/wp\/v2\/product_brand?post=20489"},{"taxonomy":"product_cat","embeddable":true,"href":"https:\/\/embreex.com.br\/es\/wp-json\/wp\/v2\/product_cat?post=20489"},{"taxonomy":"product_tag","embeddable":true,"href":"https:\/\/embreex.com.br\/es\/wp-json\/wp\/v2\/product_tag?post=20489"}],"curies":[{"name":"wp","href":"https:\/\/api.w.org\/{rel}","templated":true}]}}