{"id":20484,"date":"2019-08-19T16:53:02","date_gmt":"2019-08-19T19:53:02","guid":{"rendered":"http:\/\/embreex.com.br\/product\/circle-fit-251sx\/"},"modified":"2026-03-16T10:36:18","modified_gmt":"2026-03-16T13:36:18","slug":"circle-fit-251sx","status":"publish","type":"product","link":"https:\/\/embreex.com.br\/es\/produto\/circle-fit-251sx\/","title":{"rendered":"CIRCLE FIT 251SX"},"content":{"rendered":"<p><\/p>\n<div class=\"mkd-grid-col-4\">\n<h5>PANEL<\/h5>\n<p>programable y multifuncional<\/p>\n<\/div>\n<div class=\"mkd-grid-col-4\">\n<h5>PANTALLA<\/h5>\n<p>LCD de f\u00e1cil operaci\u00f3n<\/p>\n<\/div>\n<div class=\"mkd-grid-col-4\">\n<h5>FUNCIONES DEL PANEL<\/h5>\n<p>velocidad, cron\u00f3metro, distancia, quema cal\u00f3rica, potencia, nivel de resistencia y monitoreo card\u00edaco<\/p>\n<\/div>\n<div style=\"clear: both;\"><\/div>\n<div class=\"mkd-grid-col-4\">\n<h5>PROGRAMAS DE ENTRENAMIENTO<\/h5>\n<p>11<\/p>\n<\/div>\n<div class=\"mkd-grid-col-4\">\n<h5>MONITOREO CARD\u00cdACO<\/h5>\n<p>sensores grip pulse estrat\u00e9gicamente posicionados en el agarrador de manos<\/p>\n<\/div>\n<div class=\"mkd-grid-col-4\">\n<h5>SISTEMA DE RESISTENCIA<\/h5>\n<p>electromagn\u00e9tico<\/p>\n<\/div>\n<div style=\"clear: both;\"><\/div>\n<div class=\"mkd-grid-col-4\">\n<h5>NIVELES DE RESISTENCIA<\/h5>\n<p>16<\/p>\n<\/div>\n<div class=\"mkd-grid-col-4\">\n<h5>SISTEMA DE TRANSMISI\u00d3N<\/h5>\n<p>correa<\/p>\n<\/div>\n<div class=\"mkd-grid-col-4\">\n<h5>ESTRUCTURA<\/h5>\n<p>acero al carbono y aluminio anodizado<\/p>\n<\/div>\n<div style=\"clear: both;\"><\/div>\n<div class=\"mkd-grid-col-4\">\n<h5>CARENADO<\/h5>\n<p>ABS de alta resistencia<\/p>\n<\/div>\n<div class=\"mkd-grid-col-4\">\n<h5>PINTURA<\/h5>\n<p>electrost\u00e1tica<\/p>\n<\/div>\n<div class=\"mkd-grid-col-4\">\n<h5>SOPORTE PARA BOTELLAS<\/h5>\n<p>1<\/p>\n<\/div>\n<div style=\"clear: both;\"><\/div>\n<div class=\"mkd-grid-col-4\">\n<h5>DIMENSIONES DEL PEDAL (L x An x Al)<\/h5>\n<p>33 x 12 x 2,5 cm<\/p>\n<\/div>\n<div class=\"mkd-grid-col-4\">\n<h5>TRANSPORTE<\/h5>\n<p>ruedas delanteras<\/p>\n<\/div>\n<div class=\"mkd-grid-col-4\">\n<h5>GARANT\u00cdA<\/h5>\n<p>hasta 3 a\u00f1os*<\/p>\n<\/div>\n<div style=\"clear: both;\"><\/div>\n<div class=\"mkd-grid-col-4\">\n<h5><\/h5>\n<\/div>\n<div class=\"mkd-grid-col-4\">\n<h5><\/h5>\n<\/div>\n<div class=\"mkd-grid-col-4\">\n<h5><\/h5>\n<\/div>\n<div style=\"clear: both;\"><\/div>\n<div class=\"mkd-grid-col-4\">\n<h5><\/h5>\n<\/div>\n<div class=\"mkd-grid-col-4\">\n<h5><\/h5>\n<\/div>\n<div class=\"mkd-grid-col-4\">\n<h5><\/h5>\n<\/div>\n<div style=\"clear: both;\"><\/div>\n<div class=\"mkd-grid-col-4\">\n<h5><\/h5>\n<\/div>\n<div class=\"mkd-grid-col-4\">\n<h5><\/h5>\n<\/div>\n<div class=\"mkd-grid-col-4\">\n<h5><\/h5>\n<\/div>\n<div style=\"clear: both;\"><\/div>\n<div class=\"mkd-grid-col-4\">\n<h5><\/h5>\n<\/div>\n<div class=\"mkd-grid-col-4\">\n<h5><\/h5>\n<\/div>\n<div class=\"mkd-grid-col-4\">\n<h5><\/h5>\n<\/div>\n<div style=\"clear: both;\"><\/div>\n<div class=\"mkd-grid-col-4\">\n<h5><\/h5>\n<\/div>\n<div class=\"mkd-grid-col-4\">\n<h5><\/h5>\n<\/div>\n<div style=\"clear: both;\"><\/div>\n<div class=\"mkd-grid-col-4 bt-pula idioma-portugues\"><a href=\"\/wp-content\/uploads\/wpallimport\/files\/manuais\/PT\/251 SX_170619.pdf\" class=\"bt-manut\">manual do produto<\/a><\/div>\n<div class=\"mkd-grid-col-4 bt-pula2 idioma-espanhol\"><a href=\"\/wp-content\/uploads\/wpallimport\/files\/manuais\/ESP\/251 SX_Espanhol_020719.pdf\" class=\"bt-manut\">manual de producto<\/a><\/div>\n<div class=\"mkd-grid-col-4 bt-pula2 idioma-portugues\"><a href=\"\/cross-trainers\/\" class=\"bt-manut\">manuten\u00e7\u00e3o preventiva<\/a><\/div>\n<div class=\"mkd-grid-col-4 bt-pula2 idioma-espanhol\"><a href=\"\/cross-trainers\/\" class=\"bt-manut\">Mantenimiento preventivo<\/a><\/div>\n<div class=\"mkd-grid-col-4 bt-pula2 idioma-ingles\"><a href=\"\/cross-trainers\/\" class=\"bt-manut\">Preventive Maintenance<\/a><\/div>\n<div style=\"clear: both;\"><\/div>\n<p><\/p>","protected":false},"excerpt":{"rendered":"<p>El CircleFit 251SX forma parte de la L\u00ednea Premium de equipos profesionales desarrollados especialmente para las intensas rutinas de los grandes gimnasios. Son equipos contempor\u00e1neos de alt\u00edsimo rendimiento producidos con tecnolog\u00eda de punta.<br \/>\nEl CircleFit 251SX es un equipo de Cross Training revolucionario con biomec\u00e1nica exclusiva y altamente eficiente, desarrollado por EMBREEX\u00ae especialmente para la tonificaci\u00f3n de los m\u00fasculos de los gl\u00fateos y de los miembros inferiores (especialmente laterales), con impacto cero en las articulaciones, eliminando el riesgo de lesiones, adem\u00e1s de proporcionar la quema de grasa y calor\u00edas simult\u00e1neamente.<br \/>\nEs el equipo perfecto para aquellos que buscan definir los m\u00fasculos de las piernas, tonificar el gl\u00fateo y quemar grasa al mismo tiempo.<br \/>\nSu perfecta biomec\u00e1nica promueve movimientos suaves y agradables, haciendo el entrenamiento m\u00e1s placentero.<br \/>\nEste incre\u00edble equipo es producido con materiales diferenciados y resistentes. Su estructura de acero al carbono con pintura electrost\u00e1tica resistente a la oxidaci\u00f3n, aluminio anodizado y carenados ABS de alta resistencia promueven un acabado superior y una gran durabilidad.<br \/>\nLos pedales son amplios y antideslizantes, con ejes extrarrobustos y bridas reforzadas para un m\u00e1ximo rendimiento y seguridad en entrenamientos avanzados.<br \/>\nEl monitoreo card\u00edaco se hace a trav\u00e9s de los sensores grip pulse estrat\u00e9gicamente posicionados en el agarrador de manos.<br \/>\nEl Circle Fit 251SX posee la exclusiva tecnolog\u00eda Embreex Smart Load\u00ae: sistema de energ\u00eda recargable de larga duraci\u00f3n. S\u00f3lo hay que conectar el cable de alimentaci\u00f3n al equipo y al enchufe el\u00e9ctrico por apenas 10 horas mensuales y su equipo estar\u00e1 listo para ser usado por un mes, \u00a1sin consumo de pilas y energ\u00eda el\u00e9ctrica! Mayores detalles en el manual de instrucciones del equipo.<br \/>\nPosee panel programable y multifuncional con pantalla LCD y funciones de velocidad, cron\u00f3metro, distancia, quema cal\u00f3rica, potencia, nivel de resistencia y monitoreo card\u00edaco.<br \/>\nAdem\u00e1s, cuenta con diversas facilidades, entre ellas:<br \/>\n&#8211; soporte para botellas de f\u00e1cil acceso;<br \/>\n&#8211; panel con soporte para Smartphones, tablets y libros estrat\u00e9gicamente posicionados;<br \/>\n&#8211; agarrador de manos suaves para mayor comodidad;<br \/>\n&#8211; gr\u00e1fico de referencia de frecuencia card\u00edaca y quema cal\u00f3rica para ayudar en el entrenamiento.<br \/>\nEl Circle Fit 251SX es un equipo indispensable en los reconocidos gimnasios que buscan productos contempor\u00e1neos y eficientes.<br \/>\nAdem\u00e1s de todas las ventajas que este producto ofrece, usted a\u00fan puede contar con la seguridad de la Asistencia T\u00e9cnica EMBREEX\u00ae, que garantiza el m\u00e1ximo rendimiento de este equipo.<\/p>\n","protected":false},"featured_media":36723,"template":"","meta":[],"product_brand":[],"product_cat":[15],"product_tag":[],"class_list":{"0":"post-20484","1":"product","2":"type-product","3":"status-publish","4":"has-post-thumbnail","6":"product_cat-linha-premium","7":"pa_carenagem-abs-de-alta-resistencia","8":"pa_categoria-cross-training","9":"pa_display-lcd-de-facil-operacao","10":"pa_estrutura-aco-carbono-e-aluminio-anodizado","11":"pa_finalidade-profissional","12":"pa_finalidade-semiprofissional","13":"pa_funcoes-do-painel-velocidade-cronometro-distancia-queima-calorica-potencia-nivel-de-resistencia-e-monitoramento-cardiaco","14":"pa_garantia-ate-3-anos","15":"pa_monitoramento-cardiaco-sensores-grip-pulse-estrategicamente-posicionados-no-pega-mao","16":"pa_niveis-de-resistencia-443","17":"pa_painel-programavel-e-multifuncional","18":"pa_pintura-eletrostatica","19":"pa_porta-squeeze-444","20":"pa_programas-de-treinamento-446","21":"pa_sistema-de-resistencia-eletromagnetico","22":"pa_sistema-de-transmissao-correia","23":"pa_tipo-de-treino-cross-training","24":"pa_transporte-rodas-dianteiras","26":"first","27":"instock","28":"product-type-simple"},"_links":{"self":[{"href":"https:\/\/embreex.com.br\/es\/wp-json\/wp\/v2\/product\/20484","targetHints":{"allow":["GET"]}}],"collection":[{"href":"https:\/\/embreex.com.br\/es\/wp-json\/wp\/v2\/product"}],"about":[{"href":"https:\/\/embreex.com.br\/es\/wp-json\/wp\/v2\/types\/product"}],"wp:featuredmedia":[{"embeddable":true,"href":"https:\/\/embreex.com.br\/es\/wp-json\/wp\/v2\/media\/36723"}],"wp:attachment":[{"href":"https:\/\/embreex.com.br\/es\/wp-json\/wp\/v2\/media?parent=20484"}],"wp:term":[{"taxonomy":"product_brand","embeddable":true,"href":"https:\/\/embreex.com.br\/es\/wp-json\/wp\/v2\/product_brand?post=20484"},{"taxonomy":"product_cat","embeddable":true,"href":"https:\/\/embreex.com.br\/es\/wp-json\/wp\/v2\/product_cat?post=20484"},{"taxonomy":"product_tag","embeddable":true,"href":"https:\/\/embreex.com.br\/es\/wp-json\/wp\/v2\/product_tag?post=20484"}],"curies":[{"name":"wp","href":"https:\/\/api.w.org\/{rel}","templated":true}]}}