{"id":20458,"date":"2019-08-19T16:47:15","date_gmt":"2019-08-19T19:47:15","guid":{"rendered":"http:\/\/embreex.com.br\/product\/esteira-800ex\/"},"modified":"2025-08-20T15:05:22","modified_gmt":"2025-08-20T18:05:22","slug":"esteira-800ex","status":"publish","type":"product","link":"https:\/\/embreex.com.br\/es\/produto\/esteira-800ex\/","title":{"rendered":"TROTADORA 800EX"},"content":{"rendered":"<p><\/p>\n<div class=\"mkd-grid-col-4\">\n<h5>PANEL<\/h5>\n<p>programable y multifuncional<\/p>\n<\/div>\n<div class=\"mkd-grid-col-4\">\n<h5>PANTALLA<\/h5>\n<p>LCD con retroiluminaci\u00f3n azul<\/p>\n<\/div>\n<div class=\"mkd-grid-col-4\">\n<h5>FUNCIONES DEL PANEL<\/h5>\n<p>velocidad, cron\u00f3metro, distancia, quema cal\u00f3rica y monitoreo card\u00edaco<\/p>\n<\/div>\n<div style=\"clear: both;\"><\/div>\n<div class=\"mkd-grid-col-4\">\n<h5>PROGRAMAS DE ENTRENAMIENTO<\/h5>\n<p>9<\/p>\n<\/div>\n<div class=\"mkd-grid-col-4\">\n<h5>SISTEMA DE AMORTIGUACI\u00d3N<\/h5>\n<p>cojines el\u00e1sticos<\/p>\n<\/div>\n<div class=\"mkd-grid-col-4\">\n<h5>SISTEMA DE SEGURIDAD<\/h5>\n<p>S\u00cd &#8211; Llave magn\u00e9tica<\/p>\n<\/div>\n<div style=\"clear: both;\"><\/div>\n<div class=\"mkd-grid-col-4\">\n<h5>LUBRICACI\u00d3N<\/h5>\n<p>permanente &#8211; Everlub o peri\u00f3dica<\/p>\n<\/div>\n<div class=\"mkd-grid-col-4\">\n<h5>MONITOREO CARD\u00cdACO<\/h5>\n<p>telemetr\u00eda (receptor de cintur\u00f3n tor\u00e1cico) y sensores grip pulse<\/p>\n<\/div>\n<div class=\"mkd-grid-col-4\">\n<h5>MOTOR<\/h5>\n<p>AC 3.0 HP peak power<\/p>\n<\/div>\n<div style=\"clear: both;\"><\/div>\n<div class=\"mkd-grid-col-4\">\n<h5>VELOCIDAD<\/h5>\n<p>1,2 a 18 km\/h<\/p>\n<\/div>\n<div class=\"mkd-grid-col-4\">\n<h5>\u00c1REA DE CARRERAS (CM)<\/h5>\n<p>145 x 50<\/p>\n<\/div>\n<div class=\"mkd-grid-col-4\">\n<h5>ALINEACI\u00d3N DE LONA<\/h5>\n<p>rollos autocentrados<\/p>\n<\/div>\n<div style=\"clear: both;\"><\/div>\n<div class=\"mkd-grid-col-4\">\n<h5>ESTRUCTURA<\/h5>\n<p>acero al carbono y aluminio anodizado<\/p>\n<\/div>\n<div class=\"mkd-grid-col-4\">\n<h5>CARENADO<\/h5>\n<p>ABS de alta resistencia<\/p>\n<\/div>\n<div class=\"mkd-grid-col-4\">\n<h5>CONSOLA<\/h5>\n<p>polietileno de alta densidad<\/p>\n<\/div>\n<div style=\"clear: both;\"><\/div>\n<div class=\"mkd-grid-col-4\">\n<h5>PINTURA<\/h5>\n<p>electrost\u00e1tica<\/p>\n<\/div>\n<div class=\"mkd-grid-col-4\">\n<h5>SOPORTE PARA BOTELLAS<\/h5>\n<p>2<\/p>\n<\/div>\n<div class=\"mkd-grid-col-4\">\n<h5>SOPORTE PARA OBJETO<\/h5>\n<p>2<\/p>\n<\/div>\n<div style=\"clear: both;\"><\/div>\n<div class=\"mkd-grid-col-4\">\n<h5>TRANSPORTE<\/h5>\n<p>ruedas delanteras y asa trasera<\/p>\n<\/div>\n<div class=\"mkd-grid-col-4\">\n<h5>GARANT\u00cdA<\/h5>\n<p>hasta 5 a\u00f1os*<\/p>\n<\/div>\n<div class=\"mkd-grid-col-4\">\n<h5><\/h5>\n<\/div>\n<div style=\"clear: both;\"><\/div>\n<div class=\"mkd-grid-col-4\">\n<h5><\/h5>\n<\/div>\n<div class=\"mkd-grid-col-4\">\n<h5><\/h5>\n<\/div>\n<div class=\"mkd-grid-col-4\">\n<h5><\/h5>\n<\/div>\n<div style=\"clear: both;\"><\/div>\n<div class=\"mkd-grid-col-4\">\n<h5><\/h5>\n<\/div>\n<div class=\"mkd-grid-col-4\">\n<h5><\/h5>\n<\/div>\n<div class=\"mkd-grid-col-4\">\n<h5><\/h5>\n<\/div>\n<div style=\"clear: both;\"><\/div>\n<div class=\"mkd-grid-col-4\">\n<h5><\/h5>\n<\/div>\n<div class=\"mkd-grid-col-4\">\n<h5><\/h5>\n<\/div>\n<div style=\"clear: both;\"><\/div>\n<div class=\"mkd-grid-col-4 bt-pula idioma-portugues\"><a href=\"\/wp-content\/uploads\/wpallimport\/files\/manuais\/PT\/800EX-EXi-31.001.38_.pdf\" class=\"bt-manut\">manual do produto<\/a><\/div>\n<div class=\"mkd-grid-col-4 bt-pula2 idioma-espanhol\"><a href=\"http:\/\/embreex.com.br\/wp-content\/uploads\/2019\/08\/800-EX_EXi_Espanhol_080719.pdf\" class=\"bt-manut\">manual de producto&lt;\/a<\/a><\/div>\n<div class=\"mkd-grid-col-4 bt-pula2 idioma-portugues\"><a href=\"\/esteiras\/\" class=\"bt-manut\">manuten\u00e7\u00e3o preventiva<\/a><\/div>\n<div class=\"mkd-grid-col-4 bt-pula2 idioma-espanhol\"><a href=\"\/esteiras\/\" class=\"bt-manut\">Mantenimiento preventivo<\/a><\/div>\n<div class=\"mkd-grid-col-4 bt-pula2 idioma-ingles\"><a href=\"\/esteiras\/\" class=\"bt-manut\">Preventive Maintenance<\/a><\/div>\n<div style=\"clear: both;\"><\/div>\n<div class=\"mkd-grid-col-4 bt-pula2 idioma-ingles\"><\/div>\n<p><\/p>","protected":false},"excerpt":{"rendered":"<p>La Trotadora 800EX forma parte de la L\u00ednea Premium de equipos profesionales y tiene un gran paquete de beneficios que la resalta de las otras trotadoras de la categor\u00eda.<br \/>\nCon su dise\u00f1o limpio y deportivo aliadoa una serie de diferenciales t\u00e9cnicos, la Trotadora 800EX es ideal para aquellos que buscan alto rendimiento y durabilidad con un excelente costo-beneficio.<br \/>\nTiene panel programable completo, de f\u00e1cil operaci\u00f3n, motor de AC 3.0 HP y todos los requisitos necesarios a un equipo profesional de alta calidad.<br \/>\nAdem\u00e1s, la Trotadora 800EX tiene varios diferenciales de seguridad y confort para promover el mejor rendimiento de sus usuarios, ya sean atletas profesionales o principiantes:<br \/>\n&#8211; amplia \u00e1rea de carreras (145 x 50cm) para que usted camine o corra sin preocuparse;<br \/>\n&#8211; 9 programas de entrenamientos, todos con indicadores de sonido para una mayor comodidad durante el monitoreo del ejercicio;<br \/>\n&#8211; comandos extras de velocidad e inclinaci\u00f3n posicionados en los agarradores de manos para una mayor practicidad;<br \/>\n&#8211; sistema de amortiguaci\u00f3n que proporciona una mayor comodidad durante el entrenamiento y promueve una gran reducci\u00f3n del impacto en las articulaciones;<br \/>\n&#8211; panel con gr\u00e1fico de referencia card\u00edaca y quema cal\u00f3rica;<br \/>\n&#8211; agarradores de manos anat\u00f3micos y de f\u00e1cil higiene;<br \/>\n&#8211; 2 soportes para botellas y 2 amplios soportes para objetos;<br \/>\n&#8211; estribos antideslizantes a lo largo de todael \u00e1rea \u00fatil para una mayor seguridad.<br \/>\nAdem\u00e1s de todas las ventajas que este producto ofrece, usted a\u00fan puede contar con la seguridad de la Asistencia T\u00e9cnica EMBREEX\u00ae, que garantiza el m\u00e1ximo rendimiento de este equipo.<\/p>\n","protected":false},"featured_media":32274,"template":"","meta":[],"product_brand":[],"product_cat":[15],"product_tag":[],"class_list":{"0":"post-20458","1":"product","2":"type-product","3":"status-publish","4":"has-post-thumbnail","6":"product_cat-linha-premium","7":"pa_alinhamento-de-lona-rolos-autocentrantes","8":"pa_area-de-corrida-cm-145-x-50","9":"pa_carenagem-abs-de-alta-resistencia","10":"pa_categoria-esteiras","11":"pa_console-polietileno-de-alta-densidade","12":"pa_display-lcd-com-backlight-azul","13":"pa_estrutura-aco-carbono-e-aluminio-anodizado","14":"pa_finalidade-profissional","15":"pa_finalidade-residencial","16":"pa_finalidade-semiprofissional","17":"pa_funcoes-do-painel-velocidade-cronometro-distancia-queima-calorica-e-monitoramento-cardiaco","18":"pa_garantia-ate-5-anos","19":"pa_lubrificacao-anual-lubrex-pro-ou-periodica","20":"pa_monitoramento-cardiaco-sensores-grip-pulse-estrategicamente-posicionados-nos-pega-maos","21":"pa_motor-ac-4-0-hp-peak-power","22":"pa_painel-programavel-e-multifuncional","23":"pa_pintura-eletrostatica","24":"pa_porta-objetos-354","25":"pa_porta-squeeze-353","26":"pa_programas-de-treinamento-430","27":"pa_sistema-de-amortecimento-coxins-elasticos","28":"pa_sistema-de-seguranca-sim-botao-de-emergencia-de-facil-acesso","29":"pa_tipo-de-treino-cardiovascular-aerobico","30":"pa_transporte-rodas-dianteiras-e-alca-traseira","31":"pa_velocidade-12-a-18-km-h","33":"first","34":"instock","35":"product-type-simple"},"_links":{"self":[{"href":"https:\/\/embreex.com.br\/es\/wp-json\/wp\/v2\/product\/20458","targetHints":{"allow":["GET"]}}],"collection":[{"href":"https:\/\/embreex.com.br\/es\/wp-json\/wp\/v2\/product"}],"about":[{"href":"https:\/\/embreex.com.br\/es\/wp-json\/wp\/v2\/types\/product"}],"wp:featuredmedia":[{"embeddable":true,"href":"https:\/\/embreex.com.br\/es\/wp-json\/wp\/v2\/media\/32274"}],"wp:attachment":[{"href":"https:\/\/embreex.com.br\/es\/wp-json\/wp\/v2\/media?parent=20458"}],"wp:term":[{"taxonomy":"product_brand","embeddable":true,"href":"https:\/\/embreex.com.br\/es\/wp-json\/wp\/v2\/product_brand?post=20458"},{"taxonomy":"product_cat","embeddable":true,"href":"https:\/\/embreex.com.br\/es\/wp-json\/wp\/v2\/product_cat?post=20458"},{"taxonomy":"product_tag","embeddable":true,"href":"https:\/\/embreex.com.br\/es\/wp-json\/wp\/v2\/product_tag?post=20458"}],"curies":[{"name":"wp","href":"https:\/\/api.w.org\/{rel}","templated":true}]}}