{"id":18722,"date":"2019-06-12T13:05:08","date_gmt":"2019-06-12T16:05:08","guid":{"rendered":"http:\/\/embreex.com.br\/?page_id=18722"},"modified":"2019-12-05T20:18:19","modified_gmt":"2019-12-05T22:18:19","slug":"404-2","status":"publish","type":"page","link":"https:\/\/embreex.com.br\/es\/404-2\/","title":{"rendered":"P\u00e1gina n\u00e3o encontrada"},"content":{"rendered":"<div class=\"wpb-content-wrapper\"><p>[vc_row content_aligment=\u00bbcenter\u00bb css=\u00bb.vc_custom_1557436572473{padding-top: 150px !important;padding-bottom: 50px !important;}\u00bb el_class=\u00bbmkd-vertical-align-containers\u00bb][vc_column width=\u00bb1\/2&#8243;][vc_single_image image=\u00bb18726&#8243; img_size=\u00bbfull\u00bb][\/vc_column][vc_column width=\u00bb1\/2&#8243;][vc_column_text el_class=\u00bbreq_quote_success_title\u00bb]<\/p>\n<div class=\"detailSections\">\n<div class=\"sidebarSection contentSection\">\n<p class=\"layerContent\" style=\"text-align: left;\" tabindex=\"1\">Ops! A p\u00e1gina que voc\u00ea est\u00e1 procurando n\u00e3o existe.<\/p>\n<\/div>\n<\/div>\n<p>[\/vc_column_text][vc_column_text el_class=\u00bbreq_quote_success_link\u00bb]<\/p>\n<div class=\"detailSections\">\n<div class=\"sidebarSection contentSection\">\n<p class=\"layerContent\" tabindex=\"1\"><a class=\"link-seta\" href=\"\/\">ir para p\u00e1gina inicial<\/a><\/p>\n<\/div>\n<\/div>\n<p>[\/vc_column_text][\/vc_column][\/vc_row]<\/p>\n<\/div>","protected":false},"excerpt":{"rendered":"<p>[vc_row content_aligment=\u00bbcenter\u00bb css=\u00bb.vc_custom_1557436572473{padding-top: 150px !important;padding-bottom: 50px !important;}\u00bb el_class=\u00bbmkd-vertical-align-containers\u00bb][vc_column width=\u00bb1\/2&#8243;][vc_single_image image=\u00bb18726&#8243; img_size=\u00bbfull\u00bb][\/vc_column][vc_column width=\u00bb1\/2&#8243;][vc_column_text el_class=\u00bbreq_quote_success_title\u00bb] Ops! A p\u00e1gina que voc\u00ea est\u00e1 procurando n\u00e3o existe. [\/vc_column_text][vc_column_text el_class=\u00bbreq_quote_success_link\u00bb] ir para p\u00e1gina inicial [\/vc_column_text][\/vc_column][\/vc_row]<\/p>\n","protected":false},"author":2,"featured_media":0,"parent":0,"menu_order":0,"comment_status":"closed","ping_status":"closed","template":"full-width.php","meta":{"footnotes":""},"class_list":["post-18722","page","type-page","status-publish","hentry"],"_links":{"self":[{"href":"https:\/\/embreex.com.br\/es\/wp-json\/wp\/v2\/pages\/18722","targetHints":{"allow":["GET"]}}],"collection":[{"href":"https:\/\/embreex.com.br\/es\/wp-json\/wp\/v2\/pages"}],"about":[{"href":"https:\/\/embreex.com.br\/es\/wp-json\/wp\/v2\/types\/page"}],"author":[{"embeddable":true,"href":"https:\/\/embreex.com.br\/es\/wp-json\/wp\/v2\/users\/2"}],"replies":[{"embeddable":true,"href":"https:\/\/embreex.com.br\/es\/wp-json\/wp\/v2\/comments?post=18722"}],"version-history":[{"count":0,"href":"https:\/\/embreex.com.br\/es\/wp-json\/wp\/v2\/pages\/18722\/revisions"}],"wp:attachment":[{"href":"https:\/\/embreex.com.br\/es\/wp-json\/wp\/v2\/media?parent=18722"}],"curies":[{"name":"wp","href":"https:\/\/api.w.org\/{rel}","templated":true}]}}