{"id":18618,"date":"2019-06-12T09:53:30","date_gmt":"2019-06-12T12:53:30","guid":{"rendered":"http:\/\/embreex.com.br\/?page_id=18618"},"modified":"2019-11-07T13:30:45","modified_gmt":"2019-11-07T15:30:45","slug":"termos-de-uso","status":"publish","type":"page","link":"https:\/\/embreex.com.br\/es\/termos-de-uso\/","title":{"rendered":"Term\u00ednios de uso"},"content":{"rendered":"<div class=\"wpb-content-wrapper\"><p>[vc_row content_width=\u00bbgrid\u00bb][vc_column][vc_column_text]<strong>Los siguientes t\u00e9rminos y condiciones de uso se aplican a todo el contenido del sitio web bajo el dominio www.embreex.com<\/strong><\/p>\n<p>Lea los T\u00e9rminos de uso antes de navegar por el sitio web. Navegar por el sitio web indica que usted acepta estos t\u00e9rminos. Si no acepta o comprende los T\u00e9rminos de uso, no navegue por el sitio.<\/p>\n<p>Los T\u00e9rminos de uso pueden modificarse en cualquier momento sin previo aviso. Siempre consulte los T\u00e9rminos de uso antes de navegar por el sitio web.<\/p>\n<p>Los derechos de autor y otros derechos de propiedad intelectual contenidos en el contenido del sitio web (incluidas, entre otras, im\u00e1genes gr\u00e1ficas y fotograf\u00edas) son propiedad de Embreex Ind. E Com. Ltda. o con licencia para Embreex Ind. e Com. Ltda. por sus leg\u00edtimos propietarios, y no pueden ser utilizados o divulgados por terceros sin el permiso previo y expreso de Embreex Ind. e Com. Ltda.<\/p>\n<p>Puede acceder a la mayor\u00eda de las \u00e1reas del sitio web sin ingresar sus datos personales. Ciertas \u00e1reas requieren informaci\u00f3n de datos personales para poder acceder a ellas y enviar formularios a Embreex Ind\u00fastria e Com\u00e9rcio Ltda.<\/p>\n<p>Usted est\u00e1 autorizado a imprimir y descargar la informaci\u00f3n proporcionada en el sitio web para este prop\u00f3sito, siempre que sea para su uso personal y sin alterar la informaci\u00f3n contenida en el sitio web de ninguna manera.<\/p>\n<p>Embreex Ind. E Com. Ltda. No ser\u00e1 responsable por da\u00f1os de ning\u00fan tipo si, por alguna raz\u00f3n, el sitio web no est\u00e1 disponible en cualquier momento o por cualquier per\u00edodo. El acceso al sitio web puede suspenderse en cualquier momento y sin previo aviso.<\/p>\n<p>Cualquier material e informaci\u00f3n enviada al sitio web (a excepci\u00f3n de los datos personales solicitados en los formularios que se encuentran bajo la Pol\u00edtica de privacidad de Embreex Ind. And Com. Ltd.) se considerar\u00e1 no confidencial y no propietaria. Embreex Ind. E Com. Ltda. no tendr\u00e1 obligaci\u00f3n con respecto a dicho material. Embreex Ind. E Com. Ltda. y sus designados ser\u00e1n libres de copiar, divulgar, distribuir, incorporar y usar este material y todos los datos, im\u00e1genes, sonidos, textos y otro contenido incorporado en el mismo para cualquier prop\u00f3sito comercial o no comercial.<\/p>\n<p>Se le proh\u00edbe publicar o publicar en el sitio web oa trav\u00e9s del sitio web cualquier material con contenido amenazante, difamatorio, obsceno, indecente, ofensivo, pornogr\u00e1fico y abusivo que pueda incitar al odio racial, discriminatorio, escandaloso, inflamatorio y blasfemo en violaci\u00f3n de confianza, en violaci\u00f3n de la privacidad o que pueda causar molestias o molestias a alguien; o para el que no ha obtenido todas las licencias y \/ o aprobaciones necesarias; o que constituye o fomenta una conducta que puede considerarse un delito penal, dar lugar a responsabilidad civil, es contraria a la ley o infringe los derechos de terceros en cualquier pa\u00eds del mundo; o que es t\u00e9cnicamente da\u00f1ino (incluidos, entre otros, virus inform\u00e1ticos, caballos de Troya, componentes da\u00f1inos, datos corruptos u otro software malicioso o datos da\u00f1inos).<\/p>\n<p>Usted no puede \u00abhackear\u00bb los datos del sitio web.<\/p>\n<p>Embreex Ind. e Com. Ltda. cooperar\u00e1 completamente con cualquier autoridad policial u orden judicial que solicite la identidad de cualquier persona que publique cualquier material que no est\u00e9 de acuerdo con la ley.<\/p>\n<p>Los enlaces a sitios web de terceros se pueden proporcionar en el sitio web de Embreex Ind.e Com. Ltda.e solo para su conveniencia.<\/p>\n<p>Embreex Ind. e Com. Ltda. no controla ni es responsable de estos sitios web ni de su contenido o disponibilidad. Embreex Ind. e Com. Ltda, por lo tanto, no es responsable del material que se encuentre en sitios web de terceros, ni de las consecuencias que puedan derivarse del acceso a ellos. Si accede a cualquiera de los sitios web de terceros vinculados al sitio web Embreex Ind. e Com. Ltda., Lo hace bajo su propio riesgo.<\/p>\n<p>Todos los derechos no otorgados expresamente en los T\u00e9rminos de uso est\u00e1n reservados.[\/vc_column_text][vc_empty_space height=\u00bb90px\u00bb el_class=\u00bbespaco-mobile\u00bb][\/vc_column][\/vc_row]<\/p>\n<\/div>","protected":false},"excerpt":{"rendered":"<p>[vc_row content_width=\u00bbgrid\u00bb][vc_column][vc_column_text]Los siguientes t\u00e9rminos y condiciones de uso se aplican a todo el contenido del sitio web bajo el dominio www.embreex.com Lea los T\u00e9rminos de uso antes de navegar por el sitio web. Navegar por el sitio web indica que usted acepta estos t\u00e9rminos. Si&#8230;<\/p>\n","protected":false},"author":2,"featured_media":0,"parent":0,"menu_order":0,"comment_status":"closed","ping_status":"closed","template":"full-width.php","meta":{"footnotes":""},"class_list":["post-18618","page","type-page","status-publish","hentry"],"_links":{"self":[{"href":"https:\/\/embreex.com.br\/es\/wp-json\/wp\/v2\/pages\/18618","targetHints":{"allow":["GET"]}}],"collection":[{"href":"https:\/\/embreex.com.br\/es\/wp-json\/wp\/v2\/pages"}],"about":[{"href":"https:\/\/embreex.com.br\/es\/wp-json\/wp\/v2\/types\/page"}],"author":[{"embeddable":true,"href":"https:\/\/embreex.com.br\/es\/wp-json\/wp\/v2\/users\/2"}],"replies":[{"embeddable":true,"href":"https:\/\/embreex.com.br\/es\/wp-json\/wp\/v2\/comments?post=18618"}],"version-history":[{"count":0,"href":"https:\/\/embreex.com.br\/es\/wp-json\/wp\/v2\/pages\/18618\/revisions"}],"wp:attachment":[{"href":"https:\/\/embreex.com.br\/es\/wp-json\/wp\/v2\/media?parent=18618"}],"curies":[{"name":"wp","href":"https:\/\/api.w.org\/{rel}","templated":true}]}}