{"id":18610,"date":"2019-06-12T09:46:34","date_gmt":"2019-06-12T12:46:34","guid":{"rendered":"http:\/\/embreex.com.br\/?page_id=18610"},"modified":"2019-07-19T16:33:38","modified_gmt":"2019-07-19T19:33:38","slug":"solucoes-financeiras","status":"publish","type":"page","link":"https:\/\/embreex.com.br\/es\/vantagens\/solucoes-financeiras\/","title":{"rendered":"Servi\u00e7os financeiros"},"content":{"rendered":"<div class=\"wpb-content-wrapper\"><p>[vc_row content_width=\u00bbgrid\u00bb][vc_column][vc_column_text]Todos os equipamentos embreex da linha premium est\u00e3o credenciados no bnds, podendo ser adquiridos\u00a0 atrav\u00e9s do finame &#8211; financiamento em condi\u00e7\u00f5es acess\u00edveis, com taxas reduzidas e prazos de pagamento mais longos.<\/p>\n<p>Todas as empresas que possuem liga\u00e7\u00e3o direta ou indireta com o segmento fitness podem solicitar o financiamento, como academias, construtoras, condom\u00ednios, clubes, cl\u00ednicas e hot\u00e9is.<\/p>\n<p>Consulte as condi\u00e7\u00f5es para adquirir estes benef\u00edcios.[\/vc_column_text][vc_empty_space height=\u00bb19px\u00bb][vc_row_inner][vc_column_inner][vc_column_text]<a class=\"link-seta\" href=\"http:\/\/www.bndes.gov.br\/wps\/portal\/site\/home\/financiamento\/finame\" target=\"_blank\" rel=\"noopener noreferrer\">Confira como adquirir este benef\u00edcio<\/a>[\/vc_column_text][vc_empty_space height=\u00bb90px\u00bb el_class=\u00bbespaco-mobile\u00bb][\/vc_column_inner][\/vc_row_inner][\/vc_column][\/vc_row]<\/p>\n<\/div>","protected":false},"excerpt":{"rendered":"<p>[vc_row content_width=\u00bbgrid\u00bb][vc_column][vc_column_text]Todos os equipamentos embreex da linha premium est\u00e3o credenciados no bnds, podendo ser adquiridos\u00a0 atrav\u00e9s do finame &#8211; financiamento em condi\u00e7\u00f5es acess\u00edveis, com taxas reduzidas e prazos de pagamento mais longos. Todas as empresas que possuem liga\u00e7\u00e3o direta ou indireta com o segmento fitness&#8230;<\/p>\n","protected":false},"author":2,"featured_media":0,"parent":18331,"menu_order":0,"comment_status":"closed","ping_status":"closed","template":"full-width.php","meta":{"footnotes":""},"class_list":["post-18610","page","type-page","status-publish","hentry"],"_links":{"self":[{"href":"https:\/\/embreex.com.br\/es\/wp-json\/wp\/v2\/pages\/18610","targetHints":{"allow":["GET"]}}],"collection":[{"href":"https:\/\/embreex.com.br\/es\/wp-json\/wp\/v2\/pages"}],"about":[{"href":"https:\/\/embreex.com.br\/es\/wp-json\/wp\/v2\/types\/page"}],"author":[{"embeddable":true,"href":"https:\/\/embreex.com.br\/es\/wp-json\/wp\/v2\/users\/2"}],"replies":[{"embeddable":true,"href":"https:\/\/embreex.com.br\/es\/wp-json\/wp\/v2\/comments?post=18610"}],"version-history":[{"count":0,"href":"https:\/\/embreex.com.br\/es\/wp-json\/wp\/v2\/pages\/18610\/revisions"}],"up":[{"embeddable":true,"href":"https:\/\/embreex.com.br\/es\/wp-json\/wp\/v2\/pages\/18331"}],"wp:attachment":[{"href":"https:\/\/embreex.com.br\/es\/wp-json\/wp\/v2\/media?parent=18610"}],"curies":[{"name":"wp","href":"https:\/\/api.w.org\/{rel}","templated":true}]}}