{"id":18417,"date":"2019-06-06T17:23:29","date_gmt":"2019-06-06T20:23:29","guid":{"rendered":"http:\/\/embreex.com.br\/?page_id=18417"},"modified":"2019-11-07T12:50:48","modified_gmt":"2019-11-07T14:50:48","slug":"melhor-assistencia","status":"publish","type":"page","link":"https:\/\/embreex.com.br\/es\/melhor-assistencia\/","title":{"rendered":"Servicio t\u00e9cnico eficiente"},"content":{"rendered":"<div class=\"wpb-content-wrapper\"><p>[vc_row content_width=\u00bbgrid\u00bb][vc_column][vc_column_text]Adem\u00e1s de la gran calidad de los equipos, los clientes pueden contar com el servicio t\u00e9cnico de Embreex en v\u00e1rios pa\u00edses de Am\u00e9rica del Sur<\/p>\n<p>El servicio t\u00e9cnico de Embreex proporciona manutenci\u00f3n preventiva y repara todos los equipos Embreex, incluyendo los equipos que y\u00e1 no est\u00e1n en la l\u00ednea de producci\u00f3n.<\/p>\n<p>Con su servicio agili y efectivo, la asistencia t\u00e9cnica de Embreex mantiene el mejor rendimiento del equipo.[\/vc_column_text][vc_empty_space height=\u00bb90px\u00bb el_class=\u00bbespaco-mobile\u00bb][\/vc_column][\/vc_row]<\/p>\n<\/div>","protected":false},"excerpt":{"rendered":"<p>[vc_row content_width=\u00bbgrid\u00bb][vc_column][vc_column_text]Adem\u00e1s de la gran calidad de los equipos, los clientes pueden contar com el servicio t\u00e9cnico de Embreex en v\u00e1rios pa\u00edses de Am\u00e9rica del Sur El servicio t\u00e9cnico de Embreex proporciona manutenci\u00f3n preventiva y repara todos los equipos Embreex, incluyendo los equipos que y\u00e1&#8230;<\/p>\n","protected":false},"author":2,"featured_media":0,"parent":0,"menu_order":0,"comment_status":"closed","ping_status":"closed","template":"full-width.php","meta":{"footnotes":""},"class_list":["post-18417","page","type-page","status-publish","hentry"],"_links":{"self":[{"href":"https:\/\/embreex.com.br\/es\/wp-json\/wp\/v2\/pages\/18417","targetHints":{"allow":["GET"]}}],"collection":[{"href":"https:\/\/embreex.com.br\/es\/wp-json\/wp\/v2\/pages"}],"about":[{"href":"https:\/\/embreex.com.br\/es\/wp-json\/wp\/v2\/types\/page"}],"author":[{"embeddable":true,"href":"https:\/\/embreex.com.br\/es\/wp-json\/wp\/v2\/users\/2"}],"replies":[{"embeddable":true,"href":"https:\/\/embreex.com.br\/es\/wp-json\/wp\/v2\/comments?post=18417"}],"version-history":[{"count":0,"href":"https:\/\/embreex.com.br\/es\/wp-json\/wp\/v2\/pages\/18417\/revisions"}],"wp:attachment":[{"href":"https:\/\/embreex.com.br\/es\/wp-json\/wp\/v2\/media?parent=18417"}],"curies":[{"name":"wp","href":"https:\/\/api.w.org\/{rel}","templated":true}]}}