{"id":18415,"date":"2019-06-06T17:22:40","date_gmt":"2019-06-06T20:22:40","guid":{"rendered":"http:\/\/embreex.com.br\/?page_id=18415"},"modified":"2022-08-15T11:42:36","modified_gmt":"2022-08-15T14:42:36","slug":"inovacao","status":"publish","type":"page","link":"https:\/\/embreex.com.br\/es\/inovacao\/","title":{"rendered":"Innovaci\u00f3n"},"content":{"rendered":"<div class=\"wpb-content-wrapper\"><p>[vc_row content_width=\u00bbgrid\u00bb][vc_column][vc_column_text]Los equipos de la l\u00ednea Premium poseen diferenciales exclusivos que ofrecen grandes beneficios:<\/p>\n<p><strong>EMBREEX SMART LOAD\u00ae<\/strong><\/p>\n<p>El exclusivo EMBREEX SMART LOAD \u00aees el sistema de energ\u00eda recargable de larga duraci\u00f3n de la L\u00ednea Premium SX. Solo hay que recargar una vez al mes. Tras la recarga, el cable puede ser f\u00e1cilmente desconectado del equipo. Vea las ventajas de este sistema exclusivo:<\/p>\n<p>* ambiente libre de cables, con mejor apariencia y m\u00e1s seguro para los usuarios;<\/p>\n<p>* libertad para instalar los equipos en cualquier local del recinto, independientemente de la proximidad de enchufes el\u00e9ctricos;<\/p>\n<p>* gran reducci\u00f3n con costes de energ\u00eda el\u00e9ctrica.<\/p>\n<p><strong>\u00a0<\/strong><\/p>\n<p><strong>CARENADOS EXCLUSIVOS<\/strong><\/p>\n<p>&#8211; Las bikes y el\u00edpticos de la L\u00ednea Premium poseen carenados con dise\u00f1o exclusivo desarrollado especialmente para acelerar el proceso de desmontaje y montaje de los equipos, proporcionando una mayor agilidad en los servicios t\u00e9cnicos y reduciendo los costes de mantenimiento de los equipos.<\/p>\n<p>&nbsp;<\/p>\n<p><strong>LUBREX PR\u00d3\u00ae<\/strong><\/p>\n<p>Las trotadoras de la L\u00ednea Premium* ofrecen el sistema de lubricaci\u00f3n opcional LubrexPr\u00f3\u00ae. El lubricante LubrexPr\u00f3\u00ae mantiene la lona lubricada por un largo periodo de tiempo (de tres meses a un a\u00f1o), a diferencia del lubricante tradicional, que se debe utilizar con frecuencia. Adem\u00e1s de reducir significantemente el costo con mantenimiento, el sistema LubrexPr\u00f3\u00ae promociona mayor durabilidad a la lona y al deck de las trotadoras, reduciendo la frecuencia de reposici\u00f3n de estos elementos.[\/vc_column_text][vc_empty_space height=\u00bb90px\u00bb el_class=\u00bbespaco-mobile\u00bb][\/vc_column][\/vc_row]<\/p>\n<\/div>","protected":false},"excerpt":{"rendered":"<p>[vc_row content_width=\u00bbgrid\u00bb][vc_column][vc_column_text]Los equipos de la l\u00ednea Premium poseen diferenciales exclusivos que ofrecen grandes beneficios: EMBREEX SMART LOAD\u00ae El exclusivo EMBREEX SMART LOAD \u00aees el sistema de energ\u00eda recargable de larga duraci\u00f3n de la L\u00ednea Premium SX. Solo hay que recargar una vez al mes. Tras&#8230;<\/p>\n","protected":false},"author":2,"featured_media":0,"parent":0,"menu_order":0,"comment_status":"closed","ping_status":"closed","template":"full-width.php","meta":{"footnotes":""},"class_list":["post-18415","page","type-page","status-publish","hentry"],"_links":{"self":[{"href":"https:\/\/embreex.com.br\/es\/wp-json\/wp\/v2\/pages\/18415","targetHints":{"allow":["GET"]}}],"collection":[{"href":"https:\/\/embreex.com.br\/es\/wp-json\/wp\/v2\/pages"}],"about":[{"href":"https:\/\/embreex.com.br\/es\/wp-json\/wp\/v2\/types\/page"}],"author":[{"embeddable":true,"href":"https:\/\/embreex.com.br\/es\/wp-json\/wp\/v2\/users\/2"}],"replies":[{"embeddable":true,"href":"https:\/\/embreex.com.br\/es\/wp-json\/wp\/v2\/comments?post=18415"}],"version-history":[{"count":0,"href":"https:\/\/embreex.com.br\/es\/wp-json\/wp\/v2\/pages\/18415\/revisions"}],"wp:attachment":[{"href":"https:\/\/embreex.com.br\/es\/wp-json\/wp\/v2\/media?parent=18415"}],"curies":[{"name":"wp","href":"https:\/\/api.w.org\/{rel}","templated":true}]}}