{"id":18413,"date":"2019-06-06T17:21:32","date_gmt":"2019-06-06T20:21:32","guid":{"rendered":"http:\/\/embreex.com.br\/?page_id=18413"},"modified":"2023-09-05T09:27:35","modified_gmt":"2023-09-05T12:27:35","slug":"tecnologia","status":"publish","type":"page","link":"https:\/\/embreex.com.br\/es\/tecnologia\/","title":{"rendered":"Tecnolog\u00eda"},"content":{"rendered":"<div class=\"wpb-content-wrapper\"><p>[vc_row content_width=\u00bbgrid\u00bb][vc_column][vc_column_text]Invirtiendo ampliamente en investigaciones tecnol\u00f3gicas, Embreex sigue innovando para ofrecer a sus clientes siempre la mejor experiencia:[\/vc_column_text][vc_empty_space height=\u00bb90px\u00bb el_class=\u00bbespaco-mobile\u00bb][\/vc_column][\/vc_row][vc_row content_width=\u00bbgrid\u00bb][vc_column width=\u00bb1\/3&#8243;][vc_single_image image=\u00bb20277&#8243; img_size=\u00bblarge\u00bb][vc_empty_space height=\u00bb30px\u00bb el_class=\u00bbespaco-mobile\u00bb][vc_column_text]Grande pantalla t\u00e1ctil a color de 15 pulgadas para reproducci\u00f3n de pel\u00edculas y gr\u00e1ficos electr\u00f3nicos de monitoreo. Disponible en la trotadora 860TS.[\/vc_column_text][\/vc_column][vc_column width=\u00bb1\/3&#8243;][vc_single_image image=\u00bb20276&#8243; img_size=\u00bblarge\u00bb][vc_empty_space height=\u00bb30px\u00bb el_class=\u00bbespaco-mobile\u00bb][vc_column_text]Soft Deck Shock Absorber System\u00ae: exclusivo sistema de amortiguaci\u00f3n que proporciona mayor comodidad durante el entrenamiento y promueve una gran reducci\u00f3n del impacto en las articulaciones de los usuarios.<\/p>\n<p>Disponibles en las trotadoras 820EX, 820EXi, 860, 860TS.<\/p>\n<p>Inclinaci\u00f3n electr\u00f3nica hasta el 20%. Disponibles en las trotadoras 860 y 860 TS.[\/vc_column_text][\/vc_column][vc_column width=\u00bb1\/3&#8243;][vc_single_image image=\u00bb19869&#8243; img_size=\u00bblarge\u00bb][vc_empty_space height=\u00bb30px\u00bb el_class=\u00bbespaco-mobile\u00bb][vc_column_text]La m\u00e1s amplia gama de programas de entrenamiento de la categor\u00eda. Son 60 programas exclusivos, de f\u00e1cil utilizaci\u00f3n, todos con indicadores de sonido y gr\u00e1ficos electr\u00f3nicos en pantalla LCD de 7 pulgadas.<\/p>\n<p>Disponibles em las trotadoras 820EX, 820EXi y en los equipos de la L\u00ednea Premium GX (bikes, el\u00edpticos, <em>Cross <\/em>trainings).[\/vc_column_text][\/vc_column][\/vc_row][vc_row content_width=\u00bbgrid\u00bb][vc_column][vc_empty_space height=\u00bb90px\u00bb el_class=\u00bbespaco-mobile\u00bb][\/vc_column][\/vc_row]<\/p>\n<\/div>","protected":false},"excerpt":{"rendered":"<p>[vc_row content_width=\u00bbgrid\u00bb][vc_column][vc_column_text]Invirtiendo ampliamente en investigaciones tecnol\u00f3gicas, Embreex sigue innovando para ofrecer a sus clientes siempre la mejor experiencia:[\/vc_column_text][vc_empty_space height=\u00bb90px\u00bb el_class=\u00bbespaco-mobile\u00bb][\/vc_column][\/vc_row][vc_row content_width=\u00bbgrid\u00bb][vc_column width=\u00bb1\/3&#8243;][vc_single_image image=\u00bb20277&#8243; img_size=\u00bblarge\u00bb][vc_empty_space height=\u00bb30px\u00bb el_class=\u00bbespaco-mobile\u00bb][vc_column_text]Grande pantalla t\u00e1ctil a color de 15 pulgadas para reproducci\u00f3n de pel\u00edculas y gr\u00e1ficos electr\u00f3nicos de monitoreo. Disponible en la&#8230;<\/p>\n","protected":false},"author":2,"featured_media":0,"parent":0,"menu_order":0,"comment_status":"closed","ping_status":"closed","template":"full-width.php","meta":{"footnotes":""},"class_list":["post-18413","page","type-page","status-publish","hentry"],"_links":{"self":[{"href":"https:\/\/embreex.com.br\/es\/wp-json\/wp\/v2\/pages\/18413","targetHints":{"allow":["GET"]}}],"collection":[{"href":"https:\/\/embreex.com.br\/es\/wp-json\/wp\/v2\/pages"}],"about":[{"href":"https:\/\/embreex.com.br\/es\/wp-json\/wp\/v2\/types\/page"}],"author":[{"embeddable":true,"href":"https:\/\/embreex.com.br\/es\/wp-json\/wp\/v2\/users\/2"}],"replies":[{"embeddable":true,"href":"https:\/\/embreex.com.br\/es\/wp-json\/wp\/v2\/comments?post=18413"}],"version-history":[{"count":2,"href":"https:\/\/embreex.com.br\/es\/wp-json\/wp\/v2\/pages\/18413\/revisions"}],"predecessor-version":[{"id":32359,"href":"https:\/\/embreex.com.br\/es\/wp-json\/wp\/v2\/pages\/18413\/revisions\/32359"}],"wp:attachment":[{"href":"https:\/\/embreex.com.br\/es\/wp-json\/wp\/v2\/media?parent=18413"}],"curies":[{"name":"wp","href":"https:\/\/api.w.org\/{rel}","templated":true}]}}