{"id":18331,"date":"2019-06-06T17:11:47","date_gmt":"2019-06-06T20:11:47","guid":{"rendered":"http:\/\/embreex.com.br\/?page_id=18331"},"modified":"2019-11-14T16:21:23","modified_gmt":"2019-11-14T18:21:23","slug":"vantagens","status":"publish","type":"page","link":"https:\/\/embreex.com.br\/es\/vantagens\/","title":{"rendered":"Ventajas"},"content":{"rendered":"<div class=\"wpb-content-wrapper\"><p><\/p>\n<p>[vc_row content_width=\u00bbgrid\u00bb css=\u00bb.vc_custom_1486463555074{padding-top: 130px !important;padding-bottom: 130px !important;}\u00bb][vc_column]<div class=\"mkd-elements-holder mkd-responsive-mode-1024\" ><div class=\"mkd-elements-holder-item mkd-width-1-2 mkd-horizontal-alignment-left\"  >\n\t<div class=\"mkd-elements-holder-item-inner\">\n\t\t<div class=\"mkd-elements-holder-item-content mkd-elements-holder-custom-108742\" style=\"padding: 0 13% 0% 0\">\n\t\t\t\t\t\t\t<style type=\"text\/css\" data-type=\"mkd-elements-custom-padding\" scoped>\n\t\t\t\t\t\t\t\t\t\t@media only screen and (min-width: 1280px) and (max-width: 1440px) {\n\t\t\t\t\t\t.mkd-elements-holder .mkd-elements-holder-item-content.mkd-elements-holder-custom-108742 {\n\t\t\t\t\t\t\tpadding: 0 10% 1% 0 !important;\n\t\t\t\t\t\t}\n\t\t\t\t\t}\n\n\t\t\t\t\t\t\t\t\t\t\t\t\t\t\t@media only screen and (min-width: 1024px) and (max-width: 1280px) {\n\t\t\t\t\t\t.mkd-elements-holder .mkd-elements-holder-item-content.mkd-elements-holder-custom-108742 {\n\t\t\t\t\t\t\tpadding: 0 10% 1% 0 !important;\n\t\t\t\t\t\t}\n\t\t\t\t\t}\n\n\t\t\t\t\t\t\t\t\t\t\t\t\t\t\t@media only screen and (min-width: 768px) and (max-width: 1024px) {\n\t\t\t\t\t\t.mkd-elements-holder .mkd-elements-holder-item-content.mkd-elements-holder-custom-108742 {\n\t\t\t\t\t\t\tpadding: 0 6% 0% 0% !important;\n\t\t\t\t\t\t}\n\t\t\t\t\t}\n\n\t\t\t\t\t\t\t\t\t\t\t\t\t\t\t@media only screen and (min-width: 600px) and (max-width: 768px) {\n\t\t\t\t\t\t.mkd-elements-holder .mkd-elements-holder-item-content.mkd-elements-holder-custom-108742 {\n\t\t\t\t\t\t\tpadding: 0 1% 0% 0% !important;\n\t\t\t\t\t\t}\n\t\t\t\t\t}\n\n\t\t\t\t\t\t\t\t\t\t\t\t\t\t\t@media only screen and (min-width: 480px) and (max-width: 600px) {\n\t\t\t\t\t\t.mkd-elements-holder .mkd-elements-holder-item-content.mkd-elements-holder-custom-108742 {\n\t\t\t\t\t\t\tpadding: 0 1% 0% 0% !important;\n\t\t\t\t\t\t}\n\t\t\t\t\t}\n\n\t\t\t\t\t\t\t\t\t\t\t\t\t\t\t@media only screen and (max-width: 480px) {\n\t\t\t\t\t\t.mkd-elements-holder .mkd-elements-holder-item-content.mkd-elements-holder-custom-108742 {\n\t\t\t\t\t\t\tpadding: 0 3% 0% 2% !important;\n\t\t\t\t\t\t}\n\t\t\t\t\t}\n\n\t\t\t\t\t\t\t\t\t<\/style>\n\t\t\t            \t\t\t    <div class=\"mkd-section-title-holder\">\n\t<h2 class=\"mkd-section-title mkd-section-title-medium mkd-section-title-left\" style=\"text-align: left\">\n\tVentajas Embreex<\/h2>\n<\/div>[vc_column_text]Pionera en el mercado fitness en Latinoam\u00e9rica, con m\u00e1s de 25 a\u00f1os de actuaci\u00f3n en Brasil y en el extranjero, Embreex es la marca de m\u00e1s fiable del segmento, ofreciendo a sus clientes productos de excelencia y una experiencia diferenciada desde la primera atenci\u00f3n.<\/p>\n<p>Sean equipos profesionales, semiprofesionales o residenciales, los productos Embreex son los m\u00e1s conceptuados y ventajosos del mercado.<\/p>\n<p>Estas son algunas de las ventajas de los productos Embreex.[\/vc_column_text]            \t\t<\/div>\n\t<\/div>\n<\/div><div class=\"mkd-elements-holder-item mkd-width-1-2 mkd-horizontal-alignment-left\"  >\n\t<div class=\"mkd-elements-holder-item-inner\">\n\t\t<div class=\"mkd-elements-holder-item-content mkd-elements-holder-custom-746656\" style=\"padding: 0 0 0 0\">\n\t\t\t            \t\t\t    [vc_single_image image=\u00bb21527&#8243; img_size=\u00bbfull\u00bb]            \t\t<\/div>\n\t<\/div>\n<\/div><\/div>[\/vc_column][\/vc_row][vc_row content_width=\u00bbgrid\u00bb content_aligment=\u00bbcenter\u00bb css=\u00bb.vc_custom_1560344722944{padding-top: 124px !important;padding-bottom: 106px !important;background-image: url(http:\/\/embreex.com.br\/wp-content\/uploads\/2019\/05\/fundo-vantagens.png?id=17947) !important;background-position: center !important;background-repeat: no-repeat !important;background-size: cover !important;}\u00bb][vc_column][vc_row_inner][vc_column_inner]<div class=\"mkd-section-title-holder\">\n\t<h2 class=\"mkd-section-title mkd-section-title-medium mkd-section-title-center\" style=\"color: #000000;text-align: center\">\n\tVentajas de los productos Embreex<\/h2>\n<\/div>[\/vc_column_inner][\/vc_row_inner]<div class=\"mkd-card-slider-holder mkd-card-slider-light-nav\" style=\"text-align: center\">\n\t<div class=\"mkd-card-slider\" data-number_of_items=\"3\" data-dots=\"yes\">\n\t\t<div class=\"mkd-card-slide\">\n\t<div class=\"mkd-card-slide-inner\">\n\t\t\t\t\t<div class=\"mkd-card-image\">\n\t\t\t\t<a href='\/tecnologia'>\t\t\t\t<img loading=\"lazy\" decoding=\"async\" width=\"996\" height=\"567\" src=\"https:\/\/embreex.com.br\/wp-content\/uploads\/2019\/08\/Vantagens-carrossel-Tecnologia.jpg\" class=\"attachment-full size-full\" alt=\"\" srcset=\"https:\/\/embreex.com.br\/wp-content\/uploads\/2019\/08\/Vantagens-carrossel-Tecnologia.jpg 996w, https:\/\/embreex.com.br\/wp-content\/uploads\/2019\/08\/Vantagens-carrossel-Tecnologia-500x285.jpg 500w, https:\/\/embreex.com.br\/wp-content\/uploads\/2019\/08\/Vantagens-carrossel-Tecnologia-400x228.jpg 400w, https:\/\/embreex.com.br\/wp-content\/uploads\/2019\/08\/Vantagens-carrossel-Tecnologia-580x330.jpg 580w, https:\/\/embreex.com.br\/wp-content\/uploads\/2019\/08\/Vantagens-carrossel-Tecnologia-768x437.jpg 768w, https:\/\/embreex.com.br\/wp-content\/uploads\/2019\/08\/Vantagens-carrossel-Tecnologia-600x342.jpg 600w\" sizes=\"auto, (max-width: 996px) 100vw, 996px\" \/>\t\t\t\t<\/a>                \t\t\t<\/div>\n\t\t\t\t<div class=\"mkd-card-content\">\n\t\t\t\t\t\t<a href='\/tecnologia'>\t\t\t<h4\t\t\tclass=\"mkd-card-title\" >\n\t\t\tTecnolog\u00eda\t\t<\/h4>\n\t\t\t\t<\/a>\t\t\t\t\t\t\t\t<p class=\"mkd-card-text\">\n\t\t\t\tInvertiendo ampliamente en investigaci\u00f3n tecnol\u00f3gica, EMBREEX produce equipos de \u00faltima generaci\u00f3n y siempre ofrece a sus clientes la mejor experiencia.\t\t\t<\/p>\n\t\t\t\t<a href=\"\/tecnologia\"   target=\"_self\" style=\"color: #4564fd\" class=\"mkd-btn mkd-btn-underline mkd-card-slider-link mkd-btn-hover-\"  >\t<span class=\"mkd-btn-text\">lea m\u00e1s<\/span>\t\t\t<span\t\t\tclass=\"mkd-btn-underline-line\" style=\"background-color:#4564fd\"><\/span>\t\t\t\t\t<span class=\"mkd-btn-helper\" ><\/span>\t<\/a>\t<\/div>\n<\/div>\n<\/div><div class=\"mkd-card-slide\">\n\t<div class=\"mkd-card-slide-inner\">\n\t\t\t\t\t<div class=\"mkd-card-image\">\n\t\t\t\t<a href='\/inovacao'>\t\t\t\t<img loading=\"lazy\" decoding=\"async\" width=\"3000\" height=\"2000\" src=\"https:\/\/embreex.com.br\/wp-content\/uploads\/2019\/08\/Vantagens-carrossel-Inovacao.jpg\" class=\"attachment-full size-full\" alt=\"\" srcset=\"https:\/\/embreex.com.br\/wp-content\/uploads\/2019\/08\/Vantagens-carrossel-Inovacao.jpg 3000w, https:\/\/embreex.com.br\/wp-content\/uploads\/2019\/08\/Vantagens-carrossel-Inovacao-500x333.jpg 500w, https:\/\/embreex.com.br\/wp-content\/uploads\/2019\/08\/Vantagens-carrossel-Inovacao-400x267.jpg 400w, https:\/\/embreex.com.br\/wp-content\/uploads\/2019\/08\/Vantagens-carrossel-Inovacao-495x330.jpg 495w, https:\/\/embreex.com.br\/wp-content\/uploads\/2019\/08\/Vantagens-carrossel-Inovacao-768x512.jpg 768w, https:\/\/embreex.com.br\/wp-content\/uploads\/2019\/08\/Vantagens-carrossel-Inovacao-1400x933.jpg 1400w, https:\/\/embreex.com.br\/wp-content\/uploads\/2019\/08\/Vantagens-carrossel-Inovacao-600x400.jpg 600w\" sizes=\"auto, (max-width: 3000px) 100vw, 3000px\" \/>\t\t\t\t<\/a>                \t\t\t<\/div>\n\t\t\t\t<div class=\"mkd-card-content\">\n\t\t\t\t\t\t<a href='\/inovacao'>\t\t\t<h4\t\t\tclass=\"mkd-card-title\" >\n\t\t\tInnovaci\u00f3n\t\t<\/h4>\n\t\t\t\t<\/a>\t\t\t\t\t\t\t\t<p class=\"mkd-card-text\">\n\t\t\t\tEl equipo profesional EMBREEX presenta diferenciales innovadores y \u00fanicos que marcan la diferencia.\t\t\t<\/p>\n\t\t\t\t<a href=\"\/inovacao\"   target=\"_self\" style=\"color: #4564fd\" class=\"mkd-btn mkd-btn-underline mkd-card-slider-link mkd-btn-hover-\"  >\t<span class=\"mkd-btn-text\">lea m\u00e1s<\/span>\t\t\t<span\t\t\tclass=\"mkd-btn-underline-line\" style=\"background-color:#4564fd\"><\/span>\t\t\t\t\t<span class=\"mkd-btn-helper\" ><\/span>\t<\/a>\t<\/div>\n<\/div>\n<\/div><div class=\"mkd-card-slide\">\n\t<div class=\"mkd-card-slide-inner\">\n\t\t\t\t\t<div class=\"mkd-card-image\">\n\t\t\t\t<a href='\/melhor-assistencia'>\t\t\t\t<img loading=\"lazy\" decoding=\"async\" width=\"4000\" height=\"2434\" src=\"https:\/\/embreex.com.br\/wp-content\/uploads\/2019\/08\/Vantagens-carrossel-ServicoTecnico.jpg\" class=\"attachment-full size-full\" alt=\"\" srcset=\"https:\/\/embreex.com.br\/wp-content\/uploads\/2019\/08\/Vantagens-carrossel-ServicoTecnico.jpg 4000w, https:\/\/embreex.com.br\/wp-content\/uploads\/2019\/08\/Vantagens-carrossel-ServicoTecnico-500x304.jpg 500w, https:\/\/embreex.com.br\/wp-content\/uploads\/2019\/08\/Vantagens-carrossel-ServicoTecnico-400x243.jpg 400w, https:\/\/embreex.com.br\/wp-content\/uploads\/2019\/08\/Vantagens-carrossel-ServicoTecnico-542x330.jpg 542w, https:\/\/embreex.com.br\/wp-content\/uploads\/2019\/08\/Vantagens-carrossel-ServicoTecnico-768x467.jpg 768w, https:\/\/embreex.com.br\/wp-content\/uploads\/2019\/08\/Vantagens-carrossel-ServicoTecnico-1400x852.jpg 1400w, https:\/\/embreex.com.br\/wp-content\/uploads\/2019\/08\/Vantagens-carrossel-ServicoTecnico-600x365.jpg 600w\" sizes=\"auto, (max-width: 4000px) 100vw, 4000px\" \/>\t\t\t\t<\/a>                \t\t\t<\/div>\n\t\t\t\t<div class=\"mkd-card-content\">\n\t\t\t\t\t\t<a href='\/melhor-assistencia'>\t\t\t<h4\t\t\tclass=\"mkd-card-title\" >\n\t\t\tServicio t\u00e9cnico eficiente\t\t<\/h4>\n\t\t\t\t<\/a>\t\t\t\t\t\t\t\t<p class=\"mkd-card-text\">\n\t\t\t\tAdem\u00e1s de la calidad reconocida de los equipos, tambi\u00e9n puede contar con la seguridad del Servicio t\u00e9cnico de Embreex, que garantiza el m\u00e1ximo rendimiento de sus productos.\t\t\t<\/p>\n\t\t\t\t<a href=\"\/melhor-assistencia\"   target=\"_self\" style=\"color: #4564fd\" class=\"mkd-btn mkd-btn-underline mkd-card-slider-link mkd-btn-hover-\"  >\t<span class=\"mkd-btn-text\">lea m\u00e1s<\/span>\t\t\t<span\t\t\tclass=\"mkd-btn-underline-line\" style=\"background-color:#4564fd\"><\/span>\t\t\t\t\t<span class=\"mkd-btn-helper\" ><\/span>\t<\/a>\t<\/div>\n<\/div>\n<\/div>\t<\/div>\n<\/div>[\/vc_column][\/vc_row][vc_row][vc_column][vc_empty_space height=\u00bb90px\u00bb el_class=\u00bbespaco-vazio\u00bb][\/vc_column][\/vc_row]<\/p>\n<p><\/p>\n<\/div>","protected":false},"excerpt":{"rendered":"<p>[vc_row content_width=\u00bbgrid\u00bb css=\u00bb.vc_custom_1486463555074{padding-top: 130px !important;padding-bottom: 130px !important;}\u00bb][vc_column][\/vc_column][\/vc_row][vc_row content_width=\u00bbgrid\u00bb content_aligment=\u00bbcenter\u00bb css=\u00bb.vc_custom_1560344722944{padding-top: 124px !important;padding-bottom: 106px !important;background-image: url(http:\/\/embreex.com.br\/wp-content\/uploads\/2019\/05\/fundo-vantagens.png?id=17947) !important;background-position: center !important;background-repeat: no-repeat !important;background-size: cover !important;}\u00bb][vc_column][vc_row_inner][vc_column_inner][\/vc_column_inner][\/vc_row_inner][\/vc_column][\/vc_row][vc_row][vc_column][vc_empty_space height=\u00bb90px\u00bb el_class=\u00bbespaco-vazio\u00bb][\/vc_column][\/vc_row]<\/p>\n","protected":false},"author":2,"featured_media":0,"parent":0,"menu_order":0,"comment_status":"closed","ping_status":"closed","template":"full-width.php","meta":{"footnotes":""},"class_list":["post-18331","page","type-page","status-publish","hentry"],"_links":{"self":[{"href":"https:\/\/embreex.com.br\/es\/wp-json\/wp\/v2\/pages\/18331","targetHints":{"allow":["GET"]}}],"collection":[{"href":"https:\/\/embreex.com.br\/es\/wp-json\/wp\/v2\/pages"}],"about":[{"href":"https:\/\/embreex.com.br\/es\/wp-json\/wp\/v2\/types\/page"}],"author":[{"embeddable":true,"href":"https:\/\/embreex.com.br\/es\/wp-json\/wp\/v2\/users\/2"}],"replies":[{"embeddable":true,"href":"https:\/\/embreex.com.br\/es\/wp-json\/wp\/v2\/comments?post=18331"}],"version-history":[{"count":0,"href":"https:\/\/embreex.com.br\/es\/wp-json\/wp\/v2\/pages\/18331\/revisions"}],"wp:attachment":[{"href":"https:\/\/embreex.com.br\/es\/wp-json\/wp\/v2\/media?parent=18331"}],"curies":[{"name":"wp","href":"https:\/\/api.w.org\/{rel}","templated":true}]}}