{"id":18324,"date":"2019-06-06T17:05:58","date_gmt":"2019-06-06T20:05:58","guid":{"rendered":"http:\/\/embreex.com.br\/?page_id=18324"},"modified":"2020-02-21T13:58:02","modified_gmt":"2020-02-21T16:58:02","slug":"elipticos","status":"publish","type":"page","link":"https:\/\/embreex.com.br\/es\/elipticos\/","title":{"rendered":"Elipticas"},"content":{"rendered":"<div class=\"wpb-content-wrapper\"><p>[vc_row content_width=\u00bbgrid\u00bb][vc_column][vc_column_text]<strong>Cuidados Diarios:<\/strong><\/p>\n<p>&#8211; limpieza y secado del panel con pa\u00f1o seco y suave, para que el sudor no da\u00f1e los componentes electr\u00f3nicos;<\/p>\n<p>&#8211; limpieza y secado de los apoyos de pies y poleas, para garantizar la seguridad del usuario;<\/p>\n<p>&#8211; limpieza del carenado, para proteger la pintura y evitar la oxidaci\u00f3n.<\/p>\n<p>&nbsp;<\/p>\n<p><strong>Cuidados Semanales:<\/strong><\/p>\n<p>&#8211; verificar la membrana adhesiva del panel \u2013 no debe estar perforada;<\/p>\n<p>&#8211; verificar aprieto de los tornillos y tuercas para garantizar la estabilidad del equipo;<\/p>\n<p>-verificar los cables y enchufes el\u00e9ctricos (en los modelos C) \u2013 no deben tener deformaci\u00f3n.<\/p>\n<p>&nbsp;<\/p>\n<p><strong>Cuidados Mensuales:<\/strong><\/p>\n<p>&#8211; verificar el tensionamiento de correa (consulte un t\u00e9cnico autorizado);<\/p>\n<p>&#8211; verificar bater\u00edas\/pilas \u2013 no deben presentar fuga, oxidaci\u00f3n o deformaci\u00f3n;<\/p>\n<p>-verificar los cables y enchufes el\u00e9ctricos (en los modelos SX) \u2013 no deben tener deformaci\u00f3n.[\/vc_column_text][vc_empty_space height=\u00bb90px\u00bb el_class=\u00bbespaco-mobile\u00bb][\/vc_column][\/vc_row]<\/p>\n<\/div>","protected":false},"excerpt":{"rendered":"<p>[vc_row content_width=\u00bbgrid\u00bb][vc_column][vc_column_text]Cuidados Diarios: &#8211; limpieza y secado del panel con pa\u00f1o seco y suave, para que el sudor no da\u00f1e los componentes electr\u00f3nicos; &#8211; limpieza y secado de los apoyos de pies y poleas, para garantizar la seguridad del usuario; &#8211; limpieza del carenado, para&#8230;<\/p>\n","protected":false},"author":2,"featured_media":0,"parent":0,"menu_order":0,"comment_status":"closed","ping_status":"closed","template":"full-width.php","meta":{"footnotes":""},"class_list":["post-18324","page","type-page","status-publish","hentry"],"_links":{"self":[{"href":"https:\/\/embreex.com.br\/es\/wp-json\/wp\/v2\/pages\/18324","targetHints":{"allow":["GET"]}}],"collection":[{"href":"https:\/\/embreex.com.br\/es\/wp-json\/wp\/v2\/pages"}],"about":[{"href":"https:\/\/embreex.com.br\/es\/wp-json\/wp\/v2\/types\/page"}],"author":[{"embeddable":true,"href":"https:\/\/embreex.com.br\/es\/wp-json\/wp\/v2\/users\/2"}],"replies":[{"embeddable":true,"href":"https:\/\/embreex.com.br\/es\/wp-json\/wp\/v2\/comments?post=18324"}],"version-history":[{"count":0,"href":"https:\/\/embreex.com.br\/es\/wp-json\/wp\/v2\/pages\/18324\/revisions"}],"wp:attachment":[{"href":"https:\/\/embreex.com.br\/es\/wp-json\/wp\/v2\/media?parent=18324"}],"curies":[{"name":"wp","href":"https:\/\/api.w.org\/{rel}","templated":true}]}}