{"id":18321,"date":"2019-06-06T17:04:26","date_gmt":"2019-06-06T20:04:26","guid":{"rendered":"http:\/\/embreex.com.br\/?page_id=18321"},"modified":"2020-02-21T14:08:11","modified_gmt":"2020-02-21T17:08:11","slug":"esteiras","status":"publish","type":"page","link":"https:\/\/embreex.com.br\/es\/esteiras\/","title":{"rendered":"Trotadoras"},"content":{"rendered":"<div class=\"wpb-content-wrapper\"><p>[vc_row content_width=\u00bbgrid\u00bb][vc_column][vc_column_text]<strong>Cuidados Diarios:<\/strong><\/p>\n<p>&#8211; limpieza y secado del panel con pa\u00f1o seco y suave, para que el sudor no da\u00f1e los componentes electr\u00f3nicos;<\/p>\n<p>&#8211; limpieza y secado del estribo (acabado antideslizante) para garantizar la seguridad del usuario;<\/p>\n<p>&#8211; limpieza de la superficie y lateral de la lona, para que la suciedad delos calzados no da\u00f1e la lubricaci\u00f3n.<\/p>\n<p>&nbsp;<\/p>\n<p><strong>Cuidados Semanales:<\/strong><\/p>\n<p>&#8211; limpieza del carenadodel motor ychasis, para proteger la pintura y evitar la oxidaci\u00f3n;<\/p>\n<p>&#8211; verificar la membrana adhesiva del panel \u2013 no debe estar perforada;<\/p>\n<p>&#8211; verificar los cables y enchufes el\u00e9ctricos \u2013 no deben tener deformaci\u00f3n.<\/p>\n<p>&nbsp;<\/p>\n<p><strong>Cuidados Mensuales:<\/strong><\/p>\n<p>&#8211; verificar el tensionamiento de la lona y hacer el ali\u00f1amiento de la correa (consulte un t\u00e9cnico autorizado);<\/p>\n<p>&#8211; verificar aprieto de los tornillos y tuercas para garantizarla estabilidad del equipo.[\/vc_column_text][vc_empty_space height=\u00bb90px\u00bb el_class=\u00bbespaco-mobile\u00bb][\/vc_column][\/vc_row]<\/p>\n<\/div>","protected":false},"excerpt":{"rendered":"<p>[vc_row content_width=\u00bbgrid\u00bb][vc_column][vc_column_text]Cuidados Diarios: &#8211; limpieza y secado del panel con pa\u00f1o seco y suave, para que el sudor no da\u00f1e los componentes electr\u00f3nicos; &#8211; limpieza y secado del estribo (acabado antideslizante) para garantizar la seguridad del usuario; &#8211; limpieza de la superficie y lateral de&#8230;<\/p>\n","protected":false},"author":2,"featured_media":0,"parent":0,"menu_order":0,"comment_status":"closed","ping_status":"closed","template":"full-width.php","meta":{"footnotes":""},"class_list":["post-18321","page","type-page","status-publish","hentry"],"_links":{"self":[{"href":"https:\/\/embreex.com.br\/es\/wp-json\/wp\/v2\/pages\/18321","targetHints":{"allow":["GET"]}}],"collection":[{"href":"https:\/\/embreex.com.br\/es\/wp-json\/wp\/v2\/pages"}],"about":[{"href":"https:\/\/embreex.com.br\/es\/wp-json\/wp\/v2\/types\/page"}],"author":[{"embeddable":true,"href":"https:\/\/embreex.com.br\/es\/wp-json\/wp\/v2\/users\/2"}],"replies":[{"embeddable":true,"href":"https:\/\/embreex.com.br\/es\/wp-json\/wp\/v2\/comments?post=18321"}],"version-history":[{"count":0,"href":"https:\/\/embreex.com.br\/es\/wp-json\/wp\/v2\/pages\/18321\/revisions"}],"wp:attachment":[{"href":"https:\/\/embreex.com.br\/es\/wp-json\/wp\/v2\/media?parent=18321"}],"curies":[{"name":"wp","href":"https:\/\/api.w.org\/{rel}","templated":true}]}}