{"id":18315,"date":"2019-06-06T16:45:59","date_gmt":"2019-06-06T19:45:59","guid":{"rendered":"http:\/\/embreex.com.br\/?page_id=18315"},"modified":"2019-11-14T17:23:58","modified_gmt":"2019-11-14T19:23:58","slug":"manutencao-preventiva","status":"publish","type":"page","link":"https:\/\/embreex.com.br\/es\/manutencao-preventiva\/","title":{"rendered":"Mantenimiento preventivo"},"content":{"rendered":"<div class=\"wpb-content-wrapper\"><p><\/p>\n<p>[vc_row content_width=\u00bbgrid\u00bb css=\u00bb.vc_custom_1486463555074{padding-top: 130px !important;padding-bottom: 130px !important;}\u00bb][vc_column]<div class=\"mkd-elements-holder mkd-responsive-mode-1024\" ><div class=\"mkd-elements-holder-item mkd-width-1-2 mkd-horizontal-alignment-left\"  >\n\t<div class=\"mkd-elements-holder-item-inner\">\n\t\t<div class=\"mkd-elements-holder-item-content mkd-elements-holder-custom-313674\" style=\"padding: 0 13% 0% 0\">\n\t\t\t\t\t\t\t<style type=\"text\/css\" data-type=\"mkd-elements-custom-padding\" scoped>\n\t\t\t\t\t\t\t\t\t\t@media only screen and (min-width: 1280px) and (max-width: 1440px) {\n\t\t\t\t\t\t.mkd-elements-holder .mkd-elements-holder-item-content.mkd-elements-holder-custom-313674 {\n\t\t\t\t\t\t\tpadding: 0 10% 1% 0 !important;\n\t\t\t\t\t\t}\n\t\t\t\t\t}\n\n\t\t\t\t\t\t\t\t\t\t\t\t\t\t\t@media only screen and (min-width: 1024px) and (max-width: 1280px) {\n\t\t\t\t\t\t.mkd-elements-holder .mkd-elements-holder-item-content.mkd-elements-holder-custom-313674 {\n\t\t\t\t\t\t\tpadding: 0 10% 1% 0 !important;\n\t\t\t\t\t\t}\n\t\t\t\t\t}\n\n\t\t\t\t\t\t\t\t\t\t\t\t\t\t\t@media only screen and (min-width: 768px) and (max-width: 1024px) {\n\t\t\t\t\t\t.mkd-elements-holder .mkd-elements-holder-item-content.mkd-elements-holder-custom-313674 {\n\t\t\t\t\t\t\tpadding: 0 6% 0% 0% !important;\n\t\t\t\t\t\t}\n\t\t\t\t\t}\n\n\t\t\t\t\t\t\t\t\t\t\t\t\t\t\t@media only screen and (min-width: 600px) and (max-width: 768px) {\n\t\t\t\t\t\t.mkd-elements-holder .mkd-elements-holder-item-content.mkd-elements-holder-custom-313674 {\n\t\t\t\t\t\t\tpadding: 0 1% 0% 0% !important;\n\t\t\t\t\t\t}\n\t\t\t\t\t}\n\n\t\t\t\t\t\t\t\t\t\t\t\t\t\t\t@media only screen and (min-width: 480px) and (max-width: 600px) {\n\t\t\t\t\t\t.mkd-elements-holder .mkd-elements-holder-item-content.mkd-elements-holder-custom-313674 {\n\t\t\t\t\t\t\tpadding: 0 1% 0% 0% !important;\n\t\t\t\t\t\t}\n\t\t\t\t\t}\n\n\t\t\t\t\t\t\t\t\t\t\t\t\t\t\t@media only screen and (max-width: 480px) {\n\t\t\t\t\t\t.mkd-elements-holder .mkd-elements-holder-item-content.mkd-elements-holder-custom-313674 {\n\t\t\t\t\t\t\tpadding: 0 3% 0% 2% !important;\n\t\t\t\t\t\t}\n\t\t\t\t\t}\n\n\t\t\t\t\t\t\t\t\t<\/style>\n\t\t\t            \t\t\t    <div class=\"mkd-section-title-holder\">\n\t<h2 class=\"mkd-section-title mkd-section-title-medium mkd-section-title-left\" style=\"text-align: left\">\n\tMantenimiento preventivo<\/h2>\n<\/div>[vc_column_text]Para asegurar la durabilidad y mejor desempe\u00f1o de su equipo EMBREEX y garantizar la seguridad de los usuarios, es necesario hacer el mantenimiento preventivo.<\/p>\n<p>Con simples cuidados usted puede mantener su equipo siempre con buena apariencia y en pleno funcionamiento.<\/p>\n<p>Solo hay que seguir las orientaciones descriptas abajo:[\/vc_column_text]            \t\t<\/div>\n\t<\/div>\n<\/div><div class=\"mkd-elements-holder-item mkd-width-1-2 mkd-horizontal-alignment-left\"  >\n\t<div class=\"mkd-elements-holder-item-inner\">\n\t\t<div class=\"mkd-elements-holder-item-content mkd-elements-holder-custom-832976\" style=\"padding: 0 0 0 0\">\n\t\t\t            \t\t\t    [vc_single_image image=\u00bb21572&#8243; img_size=\u00bblarge\u00bb]            \t\t<\/div>\n\t<\/div>\n<\/div><\/div>[\/vc_column][\/vc_row][vc_row content_width=\u00bbgrid\u00bb content_aligment=\u00bbcenter\u00bb css=\u00bb.vc_custom_1560297924751{padding-top: 124px !important;padding-bottom: 106px !important;background-image: url(http:\/\/embreex.com.br\/wp-content\/uploads\/2019\/05\/fundo-vantagens.png?id=17947) !important;background-position: center !important;background-repeat: no-repeat !important;background-size: cover !important;}\u00bb el_class=\u00bb.banner-manutencao\u00bb][vc_column]<div class=\"mkd-card-slider-holder mkd-card-slider-light-nav\" style=\"text-align: center\">\n\t<div class=\"mkd-card-slider\" data-number_of_items=\"3\" data-dots=\"yes\">\n\t\t<div class=\"mkd-card-slide\">\n\t<div class=\"mkd-card-slide-inner\">\n\t\t\t\t\t<div class=\"mkd-card-image\">\n\t\t\t\t<a href='\/esteiras'>\t\t\t\t\t\t\t\t<\/a>                \t\t\t<\/div>\n\t\t\t\t<div class=\"mkd-card-content\">\n\t\t\t\t\t\t<a href='\/esteiras'>\t\t\t<h3\t\t\tclass=\"mkd-card-title\" >\n\t\t\tTrotadoras\t\t<\/h3>\n\t\t\t\t<\/a>\t\t\t\t\t\t\t\t<p class=\"mkd-card-text\">\n\t\t\t\tPor sus muchos beneficios, la trotadora es el equipo m\u00e1s utilizado en los gimnasios y tambi\u00e9n es el que requiere un mantenimiento m\u00e1s cuidadoso para garantizar su pleno rendimiento y la seguridad de sus usuarios.\t\t\t<\/p>\n\t\t\t\t<a href=\"\/esteiras\"   target=\"_self\"  class=\"mkd-btn mkd-btn-underline mkd-card-slider-link mkd-btn-hover-\"  >\t<span class=\"mkd-btn-text\">lea m\u00e1s<\/span>\t\t\t<span\t\t\tclass=\"mkd-btn-underline-line\" ><\/span>\t\t\t\t\t<span class=\"mkd-btn-helper\" ><\/span>\t<\/a>\t<\/div>\n<\/div>\n<\/div><div class=\"mkd-card-slide\">\n\t<div class=\"mkd-card-slide-inner\">\n\t\t\t\t\t<div class=\"mkd-card-image\">\n\t\t\t\t<a href='\/Elipticos'>\t\t\t\t\t\t\t\t<\/a>                \t\t\t<\/div>\n\t\t\t\t<div class=\"mkd-card-content\">\n\t\t\t\t\t\t<a href='\/Elipticos'>\t\t\t<h3\t\t\tclass=\"mkd-card-title\" >\n\t\t\tElipticas\t\t<\/h3>\n\t\t\t\t<\/a>\t\t\t\t\t\t\t\t<p class=\"mkd-card-text\">\n\t\t\t\tConocida por proporcionar una intensidad de entrenamiento de bajo impacto, la el\u00edptica requiere un mantenimiento constante para mantener la suavidad de sus movimientos y la seguridad de sus usuarios.\t\t\t<\/p>\n\t\t\t\t<a href=\"\/Elipticos\"   target=\"_self\"  class=\"mkd-btn mkd-btn-underline mkd-card-slider-link mkd-btn-hover-\"  >\t<span class=\"mkd-btn-text\">lea m\u00e1s<\/span>\t\t\t<span\t\t\tclass=\"mkd-btn-underline-line\" ><\/span>\t\t\t\t\t<span class=\"mkd-btn-helper\" ><\/span>\t<\/a>\t<\/div>\n<\/div>\n<\/div><div class=\"mkd-card-slide\">\n\t<div class=\"mkd-card-slide-inner\">\n\t\t\t\t\t<div class=\"mkd-card-image\">\n\t\t\t\t<a href='\/bikes'>\t\t\t\t\t\t\t\t<\/a>                \t\t\t<\/div>\n\t\t\t\t<div class=\"mkd-card-content\">\n\t\t\t\t\t\t<a href='\/bikes'>\t\t\t<h3\t\t\tclass=\"mkd-card-title\" >\n\t\t\tBikes\t\t<\/h3>\n\t\t\t\t<\/a>\t\t\t\t\t\t\t\t<p class=\"mkd-card-text\">\n\t\t\t\tEn muchas formas y versiones, las bicicletas son equipos esenciales en los gimnasios y requieren atenci\u00f3n especial en su mantenimiento para preservar su durabilidad y confiabilidad durante el entrenamiento.\t\t\t<\/p>\n\t\t\t\t<a href=\"\/bikes\"   target=\"_self\"  class=\"mkd-btn mkd-btn-underline mkd-card-slider-link mkd-btn-hover-\"  >\t<span class=\"mkd-btn-text\">lea m\u00e1s<\/span>\t\t\t<span\t\t\tclass=\"mkd-btn-underline-line\" ><\/span>\t\t\t\t\t<span class=\"mkd-btn-helper\" ><\/span>\t<\/a>\t<\/div>\n<\/div>\n<\/div><div class=\"mkd-card-slide\">\n\t<div class=\"mkd-card-slide-inner\">\n\t\t\t\t\t<div class=\"mkd-card-image\">\n\t\t\t\t<a href='\/cross-trainers'>\t\t\t\t\t\t\t\t<\/a>                \t\t\t<\/div>\n\t\t\t\t<div class=\"mkd-card-content\">\n\t\t\t\t\t\t<a href='\/cross-trainers'>\t\t\t<h3\t\t\tclass=\"mkd-card-title\" >\n\t\t\tCross Trainers\t\t<\/h3>\n\t\t\t\t<\/a>\t\t\t\t\t\t\t\t<p class=\"mkd-card-text\">\n\t\t\t\tCada vez m\u00e1s populares por la intensidad del entrenamiento muscular y cardiovascular sin impacto, los Cross Trainers necesitan un mantenimiento adecuado para garantizar movimientos perfectos.\t\t\t<\/p>\n\t\t\t\t<a href=\"\/cross-trainers\"   target=\"_self\"  class=\"mkd-btn mkd-btn-underline mkd-card-slider-link mkd-btn-hover-\"  >\t<span class=\"mkd-btn-text\">lea m\u00e1s<\/span>\t\t\t<span\t\t\tclass=\"mkd-btn-underline-line\" ><\/span>\t\t\t\t\t<span class=\"mkd-btn-helper\" ><\/span>\t<\/a>\t<\/div>\n<\/div>\n<\/div><div class=\"mkd-card-slide\">\n\t<div class=\"mkd-card-slide-inner\">\n\t\t\t\t\t<div class=\"mkd-card-image\">\n\t\t\t\t<a href='\/forca'>\t\t\t\t\t\t\t\t<\/a>                \t\t\t<\/div>\n\t\t\t\t<div class=\"mkd-card-content\">\n\t\t\t\t\t\t<a href='\/forca'>\t\t\t<h3\t\t\tclass=\"mkd-card-title\" >\n\t\t\tFuerza\t\t<\/h3>\n\t\t\t\t<\/a>\t\t\t\t\t\t\t\t<p class=\"mkd-card-text\">\n\t\t\t\tLos equipos de fuerza soportan grandes cargas de peso y requieren  mantenimiento constante y cuidadoso para preservar su estructura y evitar accidentes durante el entrenamiento.\t\t\t<\/p>\n\t\t\t\t<a href=\"\/forca\"   target=\"_self\"  class=\"mkd-btn mkd-btn-underline mkd-card-slider-link mkd-btn-hover-\"  >\t<span class=\"mkd-btn-text\">lea m\u00e1s<\/span>\t\t\t<span\t\t\tclass=\"mkd-btn-underline-line\" ><\/span>\t\t\t\t\t<span class=\"mkd-btn-helper\" ><\/span>\t<\/a>\t<\/div>\n<\/div>\n<\/div>\t<\/div>\n<\/div>[\/vc_column][\/vc_row][vc_row][vc_column][vc_empty_space height=\u00bb90px\u00bb el_class=\u00bbespaco-vazio\u00bb][\/vc_column][\/vc_row]<\/p>\n<p><\/p>\n<\/div>","protected":false},"excerpt":{"rendered":"<p>[vc_row content_width=\u00bbgrid\u00bb css=\u00bb.vc_custom_1486463555074{padding-top: 130px !important;padding-bottom: 130px !important;}\u00bb][vc_column][\/vc_column][\/vc_row][vc_row content_width=\u00bbgrid\u00bb content_aligment=\u00bbcenter\u00bb css=\u00bb.vc_custom_1560297924751{padding-top: 124px !important;padding-bottom: 106px !important;background-image: url(http:\/\/embreex.com.br\/wp-content\/uploads\/2019\/05\/fundo-vantagens.png?id=17947) !important;background-position: center !important;background-repeat: no-repeat !important;background-size: cover !important;}\u00bb el_class=\u00bb.banner-manutencao\u00bb][vc_column][\/vc_column][\/vc_row][vc_row][vc_column][vc_empty_space height=\u00bb90px\u00bb el_class=\u00bbespaco-vazio\u00bb][\/vc_column][\/vc_row]<\/p>\n","protected":false},"author":2,"featured_media":0,"parent":0,"menu_order":0,"comment_status":"closed","ping_status":"closed","template":"full-width.php","meta":{"footnotes":""},"class_list":["post-18315","page","type-page","status-publish","hentry"],"_links":{"self":[{"href":"https:\/\/embreex.com.br\/es\/wp-json\/wp\/v2\/pages\/18315","targetHints":{"allow":["GET"]}}],"collection":[{"href":"https:\/\/embreex.com.br\/es\/wp-json\/wp\/v2\/pages"}],"about":[{"href":"https:\/\/embreex.com.br\/es\/wp-json\/wp\/v2\/types\/page"}],"author":[{"embeddable":true,"href":"https:\/\/embreex.com.br\/es\/wp-json\/wp\/v2\/users\/2"}],"replies":[{"embeddable":true,"href":"https:\/\/embreex.com.br\/es\/wp-json\/wp\/v2\/comments?post=18315"}],"version-history":[{"count":0,"href":"https:\/\/embreex.com.br\/es\/wp-json\/wp\/v2\/pages\/18315\/revisions"}],"wp:attachment":[{"href":"https:\/\/embreex.com.br\/es\/wp-json\/wp\/v2\/media?parent=18315"}],"curies":[{"name":"wp","href":"https:\/\/api.w.org\/{rel}","templated":true}]}}