{"id":18283,"date":"2019-06-06T16:12:39","date_gmt":"2019-06-06T19:12:39","guid":{"rendered":"http:\/\/embreex.com.br\/?page_id=18283"},"modified":"2019-11-07T13:00:02","modified_gmt":"2019-11-07T15:00:02","slug":"garantia-online","status":"publish","type":"page","link":"https:\/\/embreex.com.br\/es\/garantia-online\/","title":{"rendered":"T\u00e9rminio de garant\u00eda"},"content":{"rendered":"<div class=\"wpb-content-wrapper\"><p>[vc_row content_width=\u00bbgrid\u00bb][vc_column][vc_column_text]<strong><u>L\u00cdNEA PREMIUM<\/u><\/strong><\/p>\n<p><strong>\u00a0<\/strong><\/p>\n<p>Su producto <strong>EMBREEX PREMIUM <\/strong>est\u00e1 garantizado contra cualquier defecto de material o fabricaci\u00f3n por los siguientes plazos, a partir de la fecha de la Factura Fiscal emitida por Embreex Ind. e Com. Ltda. o por distribuidores autorizados, siendo:<\/p>\n<p>&nbsp;<\/p>\n<p>\u2013 5 (cinco) a\u00f1os, ya incluida la garant\u00eda legal del C\u00f3digo Brasile\u00f1o de Protecci\u00f3n al Consumidor (Art. 26, II) de 90 (noventa) d\u00edas, para el siguiente componente: motor AC.<\/p>\n<p>\u2013 3 (tres) a\u00f1os, ya incluida la garant\u00eda legal del C\u00f3digo Brasile\u00f1o de Protecci\u00f3n al Consumidor (art. 26, II) de 90 (noventa) d\u00edas, para lossiguientes componentes:chas\u00eds (excepto pintura) yestructuras met\u00e1licas.<\/p>\n<p>&nbsp;<\/p>\n<p>\u2013 1 (un) a\u00f1o, ya incluida la garant\u00eda legal del C\u00f3digo Brasile\u00f1o de Protecci\u00f3n al Consumidor (art. 26, II) de 90 (noventa) d\u00edas, para los dem\u00e1s componentes, con excepci\u00f3n de partes y piezas sujetas a desgaste natural.<\/p>\n<p>&nbsp;<\/p>\n<p>\u2013 3 (tres) meses, garant\u00eda legal del C\u00f3digo Brasile\u00f1o de Protecci\u00f3n al Consumidor (art. 26, II) paralas siguientes partes y piezas sujetas a desgaste natural:<\/p>\n<p>correas, espumas, pilas, cinturones, sensores de latido card\u00edaco, adhesivos, membranas de panel, regulaci\u00f3n de ajuste, tablas, carenados, sillines, asientos o respaldos, ruedas de transporte, rodillos, poleas, pedales y manija de pedal.<\/p>\n<p>&nbsp;<\/p>\n<p>Para tener derecho a la garant\u00eda, el comprador debe ponerse en contacto con un asistente t\u00e9cnico autorizado EMBREEX tan pronto como se note cualquier no conformidad con el producto. El equipo debe estar disponible para inspecci\u00f3n por parte del asistente t\u00e9cnico autorizado.<\/p>\n<p>&nbsp;<\/p>\n<p>CONDICIONES DE LA GARANT\u00cdA:<\/p>\n<p>&nbsp;<\/p>\n<ol>\n<li>La garant\u00eda se aplicar\u00e1 solamente a los defectos comunicados durante el per\u00edodo de vigencia de la garant\u00eda y solamente al comprador original del producto.<\/li>\n<\/ol>\n<p>&nbsp;<\/p>\n<ol start=\"2\">\n<li>El comprador debe presentar una prueba de compra original (factura de compra).<\/li>\n<\/ol>\n<p>&nbsp;<\/p>\n<ol start=\"3\">\n<li>Para tener derecho a la garant\u00eda, el comprador debe ponerse en contacto con un asistente t\u00e9cnico autorizado EMBREEX tan pronto como se note cualquier no conformidad con el producto. El equipo debe estar disponible para inspecci\u00f3n por parte del asistente t\u00e9cnico autorizado.<\/li>\n<\/ol>\n<p>&nbsp;<\/p>\n<p>4.Para tener derecho a la garant\u00eda especial, el comprador debe registrar su producto en el sitio web www.embreex.com.br\/garantiaonline. Si el registro NO SE EFECT\u00daA, S\u00d3LO ser\u00e1 v\u00e1lida la garant\u00eda legal del C\u00f3digo Brasile\u00f1o de Protecci\u00f3n al Consumidor (Art. 26, II) de 90 (90) d\u00edas.<\/p>\n<p>&nbsp;<\/p>\n<ol start=\"5\">\n<li>Los gastos efectuados en el transporte del producto a la asistencia t\u00e9cnica son de responsabilidad del comprador, sea o no el producto cubierto por esta garant\u00eda.<\/li>\n<\/ol>\n<p>&nbsp;<\/p>\n<ol start=\"6\">\n<li>La responsabilidad de esta garant\u00eda se limita \u00fanicamente a la reparaci\u00f3n, modificaci\u00f3n o sustituci\u00f3n del producto suministrado.<\/li>\n<\/ol>\n<p>&nbsp;<\/p>\n<ol start=\"7\">\n<li>Embreex Ind. e Com. Ltda. no se responsabiliza por da\u00f1os a personas, terceras partes, otros equipos e instalaciones, p\u00e9rdida de beneficios o cualquier da\u00f1o emergente.<\/li>\n<\/ol>\n<p>&nbsp;<\/p>\n<ol start=\"8\">\n<li>Embreex Ind. e Com. Ltda. no autoriza a ninguna persona o entidad a asumir en su nombre ninguna otra responsabilidad relacionada con la garant\u00eda de sus productos que no sean los contenidos en este plazo de garant\u00eda.<\/li>\n<\/ol>\n<p>&nbsp;<\/p>\n<ol start=\"9\">\n<li>Los gastos resultantes y consecuentes de instalaci\u00f3n de piezas no originales de Embreex u otros accesorios que no pertenezcan al producto son responsabilidad \u00fanica y exclusiva del comprador, y se excluyen de cualquier tipo de garant\u00eda proporcionada por Embreex.<\/li>\n<\/ol>\n<p>&nbsp;<\/p>\n<ol start=\"10\">\n<li>Embreex Ind. e Com. Ltda. se reserva el derecho de cambiar las caracter\u00edsticas generales, t\u00e9cnicas y est\u00e9ticas de sus productos sin previo aviso y sin la obligaci\u00f3n de realizar las mismas modificaciones a los productos ya comercializados.<\/li>\n<\/ol>\n<p>&nbsp;<\/p>\n<p><strong>Las garant\u00edas legales y\/o especiales no cubren:<\/strong><\/p>\n<p>&nbsp;<\/p>\n<p>\u2013 Reclamaciones realizadas fuera del per\u00edodo de garant\u00eda;<\/p>\n<p>&nbsp;<\/p>\n<p>\u2013 Productos sin n\u00famero de serie o n\u00famero de serie alterado o tachado;<\/p>\n<p>&nbsp;<\/p>\n<p>\u2013 Producto que ha sido objeto de accidentes, uso indebido o negligencia, operaci\u00f3n inadecuada, transporte y almacenamiento inadecuados, mantenimiento en desacuerdo con las especificaciones contenidas en el manual de instrucciones;<\/p>\n<p>&nbsp;<\/p>\n<p>\u2013 Productos reparados o modificados por terceras partes, sin autorizaci\u00f3n previa y expresa de Embreex Ind. e Com. Ltda.;<\/p>\n<p>&nbsp;<\/p>\n<p>\u2013 Gastos con la instalaci\u00f3n del producto, independiente si realizada por el Servicio Autorizado Embreex o por personas o entidades no acreditadas;<\/p>\n<p>&nbsp;<\/p>\n<p>\u2013 Transporte del producto al lugar de instalaci\u00f3n;<\/p>\n<p>&nbsp;<\/p>\n<p>\u2013 Gastos con mano de obra, materiales, piezas y adaptaciones necesarias para la preparaci\u00f3n del sitio para la instalaci\u00f3n del producto, comprendiendo, entre otros, la instalaci\u00f3n y\/o alteraci\u00f3n de la red el\u00e9ctrica, alba\u00f1iler\u00eda, puesta a tierra y sus adaptaciones;<\/p>\n<p>&nbsp;<\/p>\n<p>\u2013 Productos y piezas que hayan sido da\u00f1adas como consecuencia del transporte, manipulaci\u00f3n, riesgos, amasamientos o actos y siniestros derivados de cat\u00e1strofes de la naturaleza;<\/p>\n<p>&nbsp;<\/p>\n<p>\u2013 Fallas en el funcionamiento del producto resultantes de problemas en el suministro de electricidad.<\/p>\n<p>&nbsp;<\/p>\n<p><strong>\u00a1IMPORTANTE! Gane hasta 5 a\u00f1os de garant\u00eda especial registrando su equipo en la garant\u00eda en l\u00ednea.<\/strong><\/p>\n<p>&nbsp;<\/p>\n<p><strong><u>L\u00cdNEAEBX<\/u><\/strong><\/p>\n<p><strong>\u00a0<\/strong><\/p>\n<p>Su producto <strong>EMBREEX EBX <\/strong>est\u00e1 garantizado contra cualquier defecto de material o fabricaci\u00f3n por los siguientes plazos, a partir de la fecha de la Factura Fiscal emitida por Embreex Ind. e Com. Ltda. o por distribuidores autorizados, siendo:<\/p>\n<p>&nbsp;<\/p>\n<p>\u2013 2 (dos) a\u00f1os, ya incluida la garant\u00eda legal del C\u00f3digo Brasile\u00f1o de Protecci\u00f3n al Consumidor (art. 26, II) de 90 (noventa) d\u00edas, para los siguientes componentes: chas\u00eds (excepto pintura).<\/p>\n<p>\u2013 1 (un) a\u00f1o, ya incluida la garant\u00eda legal del C\u00f3digo Brasile\u00f1o de Protecci\u00f3n al Consumidor (art. 26, II) de 90 (noventa) d\u00edas, para los dem\u00e1s componentes, con excepci\u00f3n de partes y piezas sujetas a desgaste natural.<\/p>\n<p>\u2013 3 (tres) meses, garant\u00eda legal del C\u00f3digo Brasile\u00f1o de Protecci\u00f3n al Consumidor (art. 26, II) para las siguientes partes y piezas sujetas a desgaste natural:<\/p>\n<p>espumas, adhesivos, regulaci\u00f3n de ajuste, carenados, asientos o respaldos, rodillos, poleas, muelles, mosquetones.<\/p>\n<p>&nbsp;<\/p>\n<p>Para tener derecho a la garant\u00eda, el comprador debe ponerse en contacto con un asistente t\u00e9cnico autorizado EMBREEX tan pronto como se note cualquier no conformidad con el producto. El equipo debe estar disponible para inspecci\u00f3n por parte del asistente t\u00e9cnico autorizado.<\/p>\n<p>&nbsp;<\/p>\n<p>CONDICIONES DE LA GARANT\u00cdA:<\/p>\n<p>&nbsp;<\/p>\n<ol>\n<li>La garant\u00eda se aplicar\u00e1 solamente a los defectos comunicados durante el per\u00edodo de vigencia de la garant\u00eda y solamente al comprador original del producto.<\/li>\n<\/ol>\n<p>&nbsp;<\/p>\n<ol start=\"2\">\n<li>El comprador debe presentar una prueba de compra original (factura de compra).<\/li>\n<\/ol>\n<p>&nbsp;<\/p>\n<ol start=\"3\">\n<li>Para tener derecho a la garant\u00eda, el comprador debe ponerse en contacto con un asistente t\u00e9cnico autorizado EMBREEX tan pronto como se note cualquier no conformidad con el producto. El equipo debe estar disponible para inspecci\u00f3n por parte del asistente t\u00e9cnico autorizado.<\/li>\n<\/ol>\n<p>&nbsp;<\/p>\n<p>4.Para de tener derecho a la garant\u00eda especial, el comprador debe registrar su producto en el sitio web www.embreex.com.br\/garantiaonline. Si el registro NO SE EFECT\u00daA, S\u00d3LO ser\u00e1 v\u00e1lida la garant\u00eda legal del C\u00f3digo Brasile\u00f1o de Protecci\u00f3n al Consumidor (Art. 26, II) de 90 (90) d\u00edas.<\/p>\n<ol start=\"5\">\n<li>Los gastos efectuados en el transporte del producto a la asistencia t\u00e9cnica son de responsabilidad del comprador, sea o no el producto cubierto por esta garant\u00eda.<\/li>\n<\/ol>\n<p>&nbsp;<\/p>\n<ol start=\"6\">\n<li>La responsabilidad de esta garant\u00eda se limita \u00fanicamente a la reparaci\u00f3n, modificaci\u00f3n o sustituci\u00f3n del producto suministrado.<\/li>\n<\/ol>\n<p>&nbsp;<\/p>\n<ol start=\"7\">\n<li>Embreex Ind. e Com. Ltda. no se responsabiliza por da\u00f1os a personas, terceras partes, otros equipos e instalaciones, p\u00e9rdida de beneficios o cualquier da\u00f1o emergente.<\/li>\n<\/ol>\n<p>&nbsp;<\/p>\n<ol start=\"8\">\n<li>Embreex Ind. e Com. Ltda. no autoriza a ninguna persona o entidad a asumir en su nombre ninguna otra responsabilidad relacionada con la garant\u00eda de sus productos que no sean los contenidos en este plazo de garant\u00eda.<\/li>\n<\/ol>\n<p>&nbsp;<\/p>\n<ol start=\"9\">\n<li>Los gastos resultantes y consecuentes de instalaci\u00f3n de piezas no originales de Embreex u otros accesorios que no pertenezcan al producto son responsabilidad \u00fanica y exclusiva del comprador, y se excluyen de cualquier tipo de garant\u00eda proporcionada por Embreex.<\/li>\n<\/ol>\n<p>&nbsp;<\/p>\n<ol start=\"10\">\n<li>Embreex Ind. e Com. Ltda. se reserva el derecho de cambiar las caracter\u00edsticas generales, t\u00e9cnicas y est\u00e9ticas de sus productos sin previo aviso y sin la obligaci\u00f3n de realizar las mismas modificaciones a los productos ya comercializados.<\/li>\n<\/ol>\n<p>&nbsp;<\/p>\n<p><strong>Las garant\u00edas legales y\/o especiales no cubren:<\/strong><\/p>\n<p>&nbsp;<\/p>\n<p>\u2013 Reclamaciones realizadas fuera del per\u00edodo de garant\u00eda;<\/p>\n<p>&nbsp;<\/p>\n<p>\u2013 Productos sin n\u00famero de serie o n\u00famero de serie alterado o tachado;<\/p>\n<p>&nbsp;<\/p>\n<p>\u2013Producto que ha sido objeto de accidentes, uso indebido o negligencia, operaci\u00f3n inadecuada, transporte y almacenamiento inadecuados, mantenimiento en desacuerdo con las especificaciones contenidas en el manual de instrucciones;<\/p>\n<p>&nbsp;<\/p>\n<p>\u2013 Productos reparados o modificados por terceras partes, sin autorizaci\u00f3n previa y expresa de Embreex Ind. e Com. Ltda.;<\/p>\n<p>\u2013 Gastos con la instalaci\u00f3n del producto, independiente si realizada por el Servicio Autorizado Embreex o por personas o entidades no acreditadas;<\/p>\n<p>&nbsp;<\/p>\n<p>\u2013 Transporte del producto al lugar de instalaci\u00f3n;<\/p>\n<p>&nbsp;<\/p>\n<p>\u2013 Gastos con mano de obra, materiales, piezas y adaptaciones necesarias para la preparaci\u00f3n del sitio para la instalaci\u00f3n del producto, comprendiendo, entre otros, la instalaci\u00f3n y\/o alteraci\u00f3n de la red el\u00e9ctrica, alba\u00f1iler\u00eda, puesta a tierra y sus adaptaciones;<\/p>\n<p>&nbsp;<\/p>\n<p>\u2013 Productos y piezas que hayan sido da\u00f1adas como consecuencia del transporte, manipulaci\u00f3n, riesgos, amasamientos o actos y siniestros derivados de cat\u00e1strofes de la naturaleza;<\/p>\n<p>&nbsp;<\/p>\n<p>\u2013 Fallas en el funcionamiento del producto resultantes de problemas en el suministro de electricidad.<\/p>\n<p>&nbsp;<\/p>\n<p><strong>\u00a1IMPORTANTE! Gane hasta 2 a\u00f1os de garant\u00eda especial registrando su equipo en la garant\u00eda en l\u00ednea. <\/strong><\/p>\n<p>&nbsp;<\/p>\n<p><strong>\u00a0<\/strong><\/p>\n<p>&nbsp;<\/p>\n<p><strong><u>L\u00cdNEA CLUB<\/u><\/strong><\/p>\n<p><strong>\u00a0<\/strong><\/p>\n<p>Su producto <strong>EMBREEX CLUB <\/strong>est\u00e1 garantizado contra cualquier defecto de material o fabricaci\u00f3n por los siguientes plazos, a partir de la fecha de la Factura Fiscal emitida por Embreex Ind. e Com. Ltda. o por distribuidores autorizados, siendo:<\/p>\n<p>&nbsp;<\/p>\n<p>\u2013 1 (un) a\u00f1o, ya incluida la garant\u00eda legal del C\u00f3digo Brasile\u00f1o de Protecci\u00f3n al Consumidor (art. 26, II) de 90 (noventa) d\u00edas, para los siguientes componentes: motor, chas\u00eds (excepto pintura) y estructuras met\u00e1licas.<\/p>\n<p>&nbsp;<\/p>\n<p>\u2013 6 (seis) meses, ya incluida la garant\u00eda legal del C\u00f3digo Brasile\u00f1o de Protecci\u00f3n al Consumidor (art. 26, II) de 90 (noventa) d\u00edas, para los dem\u00e1s componentes, con excepci\u00f3n de partes y piezas sujetas a desgaste natural.<\/p>\n<p>&nbsp;<\/p>\n<p>&nbsp;<\/p>\n<p>\u2013 3 (tres) meses, garant\u00eda legal del C\u00f3digo Brasile\u00f1o de Protecci\u00f3n al Consumidor (art. 26, II) para las siguientes partes y piezas sujetas a desgaste natural:<\/p>\n<p>correas, espumas, pilas, cinturones, sensores de latido card\u00edaco, adhesivos, membranas de panel, regulaci\u00f3n de ajuste, tablas, carenados, sillines, asientos o respaldos, ruedas de transporte, rodillos, poleas, pedales y manijas de pedal.<\/p>\n<p>&nbsp;<\/p>\n<p>Para tener derecho a la garant\u00eda, el comprador debe ponerse en contacto con un asistente t\u00e9cnico autorizado EMBREEX tan pronto como se note cualquier no conformidad con el producto. El equipo debe estar disponible para inspecci\u00f3n por parte del asistente t\u00e9cnico autorizado.<\/p>\n<p>&nbsp;<\/p>\n<p>CONDICIONES DE LA GARANT\u00cdA:<\/p>\n<p>&nbsp;<\/p>\n<ol>\n<li>La garant\u00eda se aplicar\u00e1 solamente a los defectos comunicados durante el per\u00edodo de vigencia de la garant\u00eda y solamente al comprador original del producto.<\/li>\n<\/ol>\n<p>&nbsp;<\/p>\n<ol start=\"2\">\n<li>El comprador debe presentar una prueba de compra original (factura de compra).<\/li>\n<\/ol>\n<p>&nbsp;<\/p>\n<ol start=\"3\">\n<li>Para tener derecho a la garant\u00eda, el comprador debe ponerse en contacto con un asistente t\u00e9cnico autorizado EMBREEX tan pronto como se note cualquier no conformidad con el producto. El equipo debe estar disponible para inspecci\u00f3n por parte del asistente t\u00e9cnico autorizado.<\/li>\n<\/ol>\n<p>&nbsp;<\/p>\n<p>4.Para de tener derecho a la garant\u00eda especial, el comprador debe registrar su producto en el sitio web www.embreex.com.br\/garantiaonline. Si el registro NO SE EFECT\u00daA, S\u00d3LO ser\u00e1 v\u00e1lida la garant\u00eda legal del C\u00f3digo Brasile\u00f1o de Protecci\u00f3n al Consumidor (Art. 26, II) de 90 (90) d\u00edas.<\/p>\n<p>&nbsp;<\/p>\n<ol start=\"5\">\n<li>Los gastos efectuados en el transporte del producto a la asistencia t\u00e9cnica son de responsabilidad del comprador, sea o no el producto cubierto por esta garant\u00eda.<\/li>\n<\/ol>\n<p>&nbsp;<\/p>\n<ol start=\"6\">\n<li>La responsabilidad de esta garant\u00eda se limita \u00fanicamente a la reparaci\u00f3n, modificaci\u00f3n o sustituci\u00f3n del producto suministrado.<\/li>\n<\/ol>\n<p>&nbsp;<\/p>\n<ol start=\"7\">\n<li>Embreex Ind. e Com. Ltda. no se responsabiliza por da\u00f1os a personas, terceras partes, otros equipos e instalaciones, p\u00e9rdida de beneficios o cualquier da\u00f1o emergente.<\/li>\n<\/ol>\n<p>&nbsp;<\/p>\n<ol start=\"8\">\n<li>Embreex Ind. e Com. Ltda. no autoriza a ninguna persona o entidad a asumir en su nombre ninguna otra responsabilidad relacionada con la garant\u00eda de sus productos que no sean los contenidos en este plazo de garant\u00eda.<\/li>\n<\/ol>\n<p>&nbsp;<\/p>\n<ol start=\"9\">\n<li>Los gastos resultantes y consecuentes de instalaci\u00f3n de piezas no originales de Embreex u otros accesorios que no pertenezcan al producto son responsabilidad \u00fanica y exclusiva del comprador, y se excluyen de cualquier tipo de garant\u00eda proporcionada por Embreex.<\/li>\n<\/ol>\n<p>&nbsp;<\/p>\n<ol start=\"10\">\n<li>Embreex Ind. e Com. Ltda. se reserva el derecho de cambiar las caracter\u00edsticas generales, t\u00e9cnicas y est\u00e9ticas de sus productos sin previo aviso y sin la obligaci\u00f3n de realizar las mismas modificaciones a los productos ya comercializados.<\/li>\n<\/ol>\n<p>&nbsp;<\/p>\n<p><strong>Las garant\u00edas legales y\/o especiales no cubren:<\/strong><\/p>\n<p><strong>\u00a0<\/strong><\/p>\n<p>\u2013 Productos de la L\u00ednea Club instalados em gimnasios, estudios o cualquier establecimiento cuya actividad comprenda la pr\u00e1ctica del deporte o la aptitud f\u00edsica, de cualquier tama\u00f1o, independientemente de si tienen instructores o entrenadores personales.<\/p>\n<p>&nbsp;<\/p>\n<p>\u2013 Reclamaciones realizadas fuera del per\u00edodo de garant\u00eda;<\/p>\n<p>&nbsp;<\/p>\n<p>\u2013 Productos sin n\u00famero de serie o n\u00famero de serie alterado o tachado;<\/p>\n<p>&nbsp;<\/p>\n<p>\u2013 Producto que ha sido objeto de accidentes, uso indebido o negligencia, operaci\u00f3n inadecuada, transporte y almacenamiento inadecuados, mantenimiento en desacuerdo con las especificaciones contenidas en el manual de instrucciones;<\/p>\n<p>&nbsp;<\/p>\n<p>\u2013 Productos reparados o modificados por terceras partes, sin autorizaci\u00f3n previa y expresa de Embreex Ind. e Com. Ltda.;<\/p>\n<p>&nbsp;<\/p>\n<p>\u2013 Gastos con la instalaci\u00f3n del producto, independiente si realizada por el Servicio Autorizado Embreex o por personas o entidades no acreditadas;<\/p>\n<p>&nbsp;<\/p>\n<p>\u2013 Transporte del producto al lugar de instalaci\u00f3n;<\/p>\n<p>&nbsp;<\/p>\n<p>\u2013 Gastos con mano de obra, materiales, piezas y adaptaciones necesarias para la preparaci\u00f3n del sitio para la instalaci\u00f3n del producto, comprendiendo, entre otros, la instalaci\u00f3n y\/o alteraci\u00f3n de la red el\u00e9ctrica, alba\u00f1iler\u00eda, puesta a tierra y sus adaptaciones;<\/p>\n<p>&nbsp;<\/p>\n<p>\u2013 Productos y piezas que hayan sido da\u00f1adas como consecuencia del transporte, manipulaci\u00f3n, riesgos, amasamientos o actos y siniestros derivados de cat\u00e1strofes de la naturaleza;<\/p>\n<p>&nbsp;<\/p>\n<p>\u2013 Fallas en el funcionamiento del producto resultantes de problemas en el suministro de electricidad.<\/p>\n<p>&nbsp;<\/p>\n<p><strong>\u00a1IMPORTANTE! Gane hasta 1 a\u00f1o de garant\u00eda especial registrando su equipo en la garant\u00eda en l\u00ednea. <\/strong><\/p>\n<p>&nbsp;<\/p>\n<p>&nbsp;<\/p>\n<p><strong><u>L\u00cdNEA HOME<\/u><\/strong><\/p>\n<p><strong><u>\u00a0<\/u><\/strong><\/p>\n<p>Su producto <strong>EMBREEX HOME<\/strong>est\u00e1 garantizado contra cualquier defecto de material o fabricaci\u00f3n por los siguientes plazos, a partir de la fecha de la Factura Fiscal emitida por Embreex Ind. e Com. Ltda. o por distribuidores autorizados, siendo:<\/p>\n<p>&nbsp;<\/p>\n<p>\u2013 1 (un) a\u00f1o, ya incluida la garant\u00eda legal del C\u00f3digo Brasile\u00f1o de Protecci\u00f3n al Consumidor (art. 26, II) de 90 (noventa) d\u00edas, para los siguientes componentes: motor, chas\u00eds (excepto pintura) y estructuras met\u00e1licas.<\/p>\n<p>&nbsp;<\/p>\n<p>\u2013 6 (seis) meses, ya incluida la garant\u00eda legal del C\u00f3digo Brasile\u00f1o de Protecci\u00f3n al Consumidor (art. 26, II) de 90 (noventa) d\u00edas, para los dem\u00e1s componentes, con excepci\u00f3n de partes y piezas sujetas a desgaste natural.<\/p>\n<p>&nbsp;<\/p>\n<p>\u2013 3 (tres) meses, garant\u00eda legal del C\u00f3digo Brasile\u00f1o de Protecci\u00f3n al Consumidor (art. 26, II) para las siguientes partes y piezas sujetas a desgaste natural:<\/p>\n<p>correas, espumas, pilas, cinturones, sensores de latido card\u00edaco, adhesivos, membranas de panel, regulaci\u00f3n de ajuste, tablas, carenados, sillines, asientos o respaldos, ruedas de transporte, rodillos, poleas, pedales y manijas de pedal.<\/p>\n<p>&nbsp;<\/p>\n<p>Para tener derecho a la garant\u00eda, el comprador debe ponerse en contacto con un asistente t\u00e9cnico autorizado EMBREEX tan pronto como se note cualquier no conformidad con el producto. El equipo debe estar disponible para inspecci\u00f3n por parte del asistente t\u00e9cnico autorizado.<\/p>\n<p>&nbsp;<\/p>\n<p>CONDICIONES DE LA GARANT\u00cdA:<\/p>\n<p>&nbsp;<\/p>\n<ol>\n<li>La garant\u00eda se aplicar\u00e1 solamente a los defectos comunicados durante el per\u00edodo de vigencia de la garant\u00eda y solamente al comprador original del producto.<\/li>\n<\/ol>\n<p>&nbsp;<\/p>\n<ol start=\"2\">\n<li>El comprador debe presentar una prueba de compra original (factura de compra).<\/li>\n<\/ol>\n<p>&nbsp;<\/p>\n<ol start=\"3\">\n<li>Para tener derecho a la garant\u00eda, el comprador debe ponerse en contacto con un asistente t\u00e9cnico autorizado EMBREEX tan pronto como se note cualquier no conformidad con el producto. El equipo debe estar disponible para inspecci\u00f3n por parte del asistente t\u00e9cnico autorizado.<\/li>\n<\/ol>\n<p>&nbsp;<\/p>\n<p>4.Para de tener derecho a la garant\u00eda especial, el comprador debe registrar su producto en el sitio web www.embreex.com.br\/garantiaonline. Si el registro NO SE EFECT\u00daA, S\u00d3LO ser\u00e1 v\u00e1lida la garant\u00eda legal del C\u00f3digo Brasile\u00f1o de Protecci\u00f3n al Consumidor (Art. 26, II) de 90 (90) d\u00edas.<\/p>\n<p>&nbsp;<\/p>\n<ol start=\"5\">\n<li>Los gastos efectuados en el transporte del producto a la asistencia t\u00e9cnica son de responsabilidad del comprador, sea o no el producto cubierto por esta garant\u00eda.<\/li>\n<\/ol>\n<p>&nbsp;<\/p>\n<ol start=\"6\">\n<li>La responsabilidad de esta garant\u00eda se limita \u00fanicamente a la reparaci\u00f3n, modificaci\u00f3n o sustituci\u00f3n del producto suministrado.<\/li>\n<\/ol>\n<p>&nbsp;<\/p>\n<ol start=\"7\">\n<li>Embreex Ind. e Com. Ltda. no se responsabiliza por da\u00f1os a personas, terceras partes, otros equipos e instalaciones, p\u00e9rdida de beneficios o cualquier da\u00f1o emergente.<\/li>\n<\/ol>\n<p>&nbsp;<\/p>\n<ol start=\"8\">\n<li>Embreex Ind. e Com. Ltda. no autoriza a ninguna persona o entidad a asumir en su nombre ninguna otra responsabilidad relacionada con la garant\u00eda de sus productos que no sean los contenidos en este plazo de garant\u00eda.<\/li>\n<\/ol>\n<p>&nbsp;<\/p>\n<ol start=\"9\">\n<li>Los gastos resultantes y consecuentes de instalaci\u00f3n de piezas no originales de Embreex u otros accesorios que no pertenezcan al producto son responsabilidad \u00fanica y exclusiva del comprador, y se excluyen de cualquier tipo de garant\u00eda proporcionada por Embreex.<\/li>\n<\/ol>\n<p>&nbsp;<\/p>\n<ol start=\"10\">\n<li>Embreex Ind. e Com. Ltda. se reserva el derecho de cambiar las caracter\u00edsticas generales, t\u00e9cnicas y est\u00e9ticas de sus productos sin previo aviso y sin la obligaci\u00f3n de realizar las mismas modificaciones a los productos ya comercializados.<\/li>\n<\/ol>\n<p>&nbsp;<\/p>\n<p><strong>Las garant\u00edas legales y\/o especiales no cubren:<\/strong><\/p>\n<p><strong>\u00a0<\/strong><\/p>\n<p><strong>\u2013 <\/strong><strong>Productos de la L\u00ednea Home instalados en cualquier ambiente que no sea estrictamente residencial;<\/strong><\/p>\n<p>&nbsp;<\/p>\n<p>\u2013 Reclamaciones realizadas fuera del per\u00edodo de garant\u00eda;<\/p>\n<p>&nbsp;<\/p>\n<p>\u2013 Productos sin n\u00famero de serie o n\u00famero de serie alterado o tachado;<\/p>\n<p>&nbsp;<\/p>\n<p>\u2013 Producto que ha sido objeto de accidentes, uso indebido o negligencia, operaci\u00f3n inadecuada, transporte y almacenamiento inadecuados, mantenimiento en desacuerdo con las especificaciones contenidas en el manual de instrucciones;<\/p>\n<p>&nbsp;<\/p>\n<p>\u2013 Productos reparados o modificados por terceras partes, sin autorizaci\u00f3n previa y expresa de Embreex Ind. e Com. Ltda.;<\/p>\n<p>&nbsp;<\/p>\n<p>\u2013 Gastos con la instalaci\u00f3n del producto, independiente si realizada por el Servicio Autorizado Embreex o por personas o entidades no acreditadas;<\/p>\n<p>&nbsp;<\/p>\n<p>\u2013 Transporte del producto al lugar de instalaci\u00f3n;<\/p>\n<p>&nbsp;<\/p>\n<p>\u2013 Gastos con mano de obra, materiales, piezas y adaptaciones necesarias para la preparaci\u00f3n del sitio para la instalaci\u00f3n del producto, comprendiendo, entre otros, la instalaci\u00f3n y\/o alteraci\u00f3n de la red el\u00e9ctrica, alba\u00f1iler\u00eda, puesta a tierra y sus adaptaciones;<\/p>\n<p>&nbsp;<\/p>\n<p>\u2013 Productos y piezas que hayan sido da\u00f1adas como consecuencia del transporte, manipulaci\u00f3n, riesgos, amasamientos o actos y siniestros derivados de cat\u00e1strofes de la naturaleza;<\/p>\n<p>&nbsp;<\/p>\n<p>\u2013 Fallas en el funcionamiento del producto resultantes de problemas en el suministro de electricidad.<\/p>\n<p>&nbsp;<\/p>\n<p><strong>\u00a1IMPORTANTE! Gane hasta 1 a\u00f1o de garant\u00eda especial registrando su equipo en la garant\u00eda en l\u00ednea. <\/strong>[\/vc_column_text][\/vc_column][\/vc_row][vc_row][vc_column][vc_empty_space height=\u00bb132px\u00bb][\/vc_column][\/vc_row]<\/p>\n<\/div>","protected":false},"excerpt":{"rendered":"<p>[vc_row content_width=\u00bbgrid\u00bb][vc_column][vc_column_text]L\u00cdNEA PREMIUM \u00a0 Su producto EMBREEX PREMIUM est\u00e1 garantizado contra cualquier defecto de material o fabricaci\u00f3n por los siguientes plazos, a partir de la fecha de la Factura Fiscal emitida por Embreex Ind. e Com. Ltda. o por distribuidores autorizados, siendo: &nbsp; \u2013 5&#8230;<\/p>\n","protected":false},"author":2,"featured_media":0,"parent":0,"menu_order":0,"comment_status":"closed","ping_status":"closed","template":"full-width.php","meta":{"footnotes":""},"class_list":["post-18283","page","type-page","status-publish","hentry"],"_links":{"self":[{"href":"https:\/\/embreex.com.br\/es\/wp-json\/wp\/v2\/pages\/18283","targetHints":{"allow":["GET"]}}],"collection":[{"href":"https:\/\/embreex.com.br\/es\/wp-json\/wp\/v2\/pages"}],"about":[{"href":"https:\/\/embreex.com.br\/es\/wp-json\/wp\/v2\/types\/page"}],"author":[{"embeddable":true,"href":"https:\/\/embreex.com.br\/es\/wp-json\/wp\/v2\/users\/2"}],"replies":[{"embeddable":true,"href":"https:\/\/embreex.com.br\/es\/wp-json\/wp\/v2\/comments?post=18283"}],"version-history":[{"count":0,"href":"https:\/\/embreex.com.br\/es\/wp-json\/wp\/v2\/pages\/18283\/revisions"}],"wp:attachment":[{"href":"https:\/\/embreex.com.br\/es\/wp-json\/wp\/v2\/media?parent=18283"}],"curies":[{"name":"wp","href":"https:\/\/api.w.org\/{rel}","templated":true}]}}