{"id":17108,"date":"2019-05-09T18:07:19","date_gmt":"2019-05-09T21:07:19","guid":{"rendered":"http:\/\/embreex.com.br\/?page_id=17108"},"modified":"2023-11-13T09:42:30","modified_gmt":"2023-11-13T12:42:30","slug":"lista-orcamentos","status":"publish","type":"page","link":"https:\/\/embreex.com.br\/es\/lista-orcamentos\/","title":{"rendered":"Solicitar un presupuesto"},"content":{"rendered":"<div class=\"wpb-content-wrapper\"><p>[vc_row content_aligment=\u00bbcenter\u00bb css=\u00bb.vc_custom_1557436572473{padding-top: 150px !important;padding-bottom: 50px !important;}\u00bb el_class=\u00bbmkd-vertical-align-containers\u00bb][vc_column][vc_column_text el_class=\u00bbtitle-gray\u00bb]<\/p>\n<h3 style=\"text-align: center;\">solicitar un presupuesto<\/h3>\n<p>[\/vc_column_text][vc_column_text el_class=\u00bbtitle-black\u00bb]<\/p>\n<h2 class=\"solicitar-mobile\" style=\"text-align: center;\">solicitar un presupuesto<\/h2>\n<p>[\/vc_column_text][\/vc_column][\/vc_row][vc_row css=\u00bb.vc_custom_1557447672484{margin-bottom: 130px !important;}\u00bb][vc_column][vc_column_text]\n<div class=\"woocommerce ywraq-wrapper ywraq-empty\">\n\t\t\t<div id=\"yith-ywraq-message\"><div class=\"ywraq-question-message\">\n\t<\/div>\n<\/div>\n\t\t\n\t\t\t\t<div class=\"ywraq-form-table-wrapper wide\">\n\t\t\t<div class=\"ywraq-before-form\">\n\t<p class=\"ywraq_list_empty_message\">Tu lista est\u00e1 vac\u00eda, a\u00f1ade productos a la lista para enviar una solicitud<p><p class=\"return-to-shop\"><a class=\"button wc-backward\" href=\"https:\/\/embreex.com.br\/es\/produtos\/\">Retornar para os produtos<\/a><\/p><\/div>\n\t\t\t\t\t<\/div>\n\t<\/div>\n[\/vc_column_text][\/vc_column][\/vc_row]<\/p>\n<\/div>","protected":false},"excerpt":{"rendered":"<p>[vc_row content_aligment=\u00bbcenter\u00bb css=\u00bb.vc_custom_1557436572473{padding-top: 150px !important;padding-bottom: 50px !important;}\u00bb el_class=\u00bbmkd-vertical-align-containers\u00bb][vc_column][vc_column_text el_class=\u00bbtitle-gray\u00bb] solicitar un presupuesto [\/vc_column_text][vc_column_text el_class=\u00bbtitle-black\u00bb] solicitar un presupuesto [\/vc_column_text][\/vc_column][\/vc_row][vc_row css=\u00bb.vc_custom_1557447672484{margin-bottom: 130px !important;}\u00bb][vc_column][vc_column_text][\/vc_column_text][\/vc_column][\/vc_row]<\/p>\n","protected":false},"author":2,"featured_media":0,"parent":0,"menu_order":0,"comment_status":"closed","ping_status":"closed","template":"","meta":{"footnotes":""},"class_list":["post-17108","page","type-page","status-publish","hentry"],"_links":{"self":[{"href":"https:\/\/embreex.com.br\/es\/wp-json\/wp\/v2\/pages\/17108","targetHints":{"allow":["GET"]}}],"collection":[{"href":"https:\/\/embreex.com.br\/es\/wp-json\/wp\/v2\/pages"}],"about":[{"href":"https:\/\/embreex.com.br\/es\/wp-json\/wp\/v2\/types\/page"}],"author":[{"embeddable":true,"href":"https:\/\/embreex.com.br\/es\/wp-json\/wp\/v2\/users\/2"}],"replies":[{"embeddable":true,"href":"https:\/\/embreex.com.br\/es\/wp-json\/wp\/v2\/comments?post=17108"}],"version-history":[{"count":4,"href":"https:\/\/embreex.com.br\/es\/wp-json\/wp\/v2\/pages\/17108\/revisions"}],"predecessor-version":[{"id":32725,"href":"https:\/\/embreex.com.br\/es\/wp-json\/wp\/v2\/pages\/17108\/revisions\/32725"}],"wp:attachment":[{"href":"https:\/\/embreex.com.br\/es\/wp-json\/wp\/v2\/media?parent=17108"}],"curies":[{"name":"wp","href":"https:\/\/api.w.org\/{rel}","templated":true}]}}