{"id":12729,"date":"2017-02-03T09:29:40","date_gmt":"2017-02-03T09:29:40","guid":{"rendered":"http:\/\/topfit.mikado-themes.com\/?page_id=12729"},"modified":"2020-02-21T13:11:13","modified_gmt":"2020-02-21T16:11:13","slug":"a-embreex","status":"publish","type":"page","link":"https:\/\/embreex.com.br\/es\/a-embreex\/","title":{"rendered":"Embreex"},"content":{"rendered":"<div class=\"wpb-content-wrapper\"><p>[vc_row content_width=\u00bbgrid\u00bb css=\u00bb.vc_custom_1487945520157{padding-top: 116px !important;padding-bottom: 71px !important;}\u00bb][vc_column]<div class=\"mkd-elements-holder mkd-responsive-mode-1024 mkd-one-column-alignment-left\" ><div class=\"mkd-elements-holder-item mkd-width-1-2 mkd-horizontal-alignment-left\"  >\n\t<div class=\"mkd-elements-holder-item-inner\">\n\t\t<div class=\"mkd-elements-holder-item-content mkd-elements-holder-custom-800074\" style=\"padding: 0 9% 0 0\">\n\t\t\t\t\t\t\t<style type=\"text\/css\" data-type=\"mkd-elements-custom-padding\" scoped>\n\t\t\t\t\t\t\t\t\t\t@media only screen and (min-width: 1280px) and (max-width: 1440px) {\n\t\t\t\t\t\t.mkd-elements-holder .mkd-elements-holder-item-content.mkd-elements-holder-custom-800074 {\n\t\t\t\t\t\t\tpadding: 0 7% 0 0 !important;\n\t\t\t\t\t\t}\n\t\t\t\t\t}\n\n\t\t\t\t\t\t\t\t\t\t\t\t\t\t\t@media only screen and (min-width: 1024px) and (max-width: 1280px) {\n\t\t\t\t\t\t.mkd-elements-holder .mkd-elements-holder-item-content.mkd-elements-holder-custom-800074 {\n\t\t\t\t\t\t\tpadding: 0 9% 0 0 !important;\n\t\t\t\t\t\t}\n\t\t\t\t\t}\n\n\t\t\t\t\t\t\t\t\t\t\t\t\t\t\t@media only screen and (min-width: 768px) and (max-width: 1024px) {\n\t\t\t\t\t\t.mkd-elements-holder .mkd-elements-holder-item-content.mkd-elements-holder-custom-800074 {\n\t\t\t\t\t\t\tpadding: 0 16% 0 0 !important;\n\t\t\t\t\t\t}\n\t\t\t\t\t}\n\n\t\t\t\t\t\t\t\t\t\t\t\t\t\t\t@media only screen and (min-width: 600px) and (max-width: 768px) {\n\t\t\t\t\t\t.mkd-elements-holder .mkd-elements-holder-item-content.mkd-elements-holder-custom-800074 {\n\t\t\t\t\t\t\tpadding: 0 4% 0 0 !important;\n\t\t\t\t\t\t}\n\t\t\t\t\t}\n\n\t\t\t\t\t\t\t\t\t\t\t\t\t\t\t@media only screen and (min-width: 480px) and (max-width: 600px) {\n\t\t\t\t\t\t.mkd-elements-holder .mkd-elements-holder-item-content.mkd-elements-holder-custom-800074 {\n\t\t\t\t\t\t\tpadding: 0 0% 0 0 !important;\n\t\t\t\t\t\t}\n\t\t\t\t\t}\n\n\t\t\t\t\t\t\t\t\t\t\t\t\t\t\t@media only screen and (max-width: 480px) {\n\t\t\t\t\t\t.mkd-elements-holder .mkd-elements-holder-item-content.mkd-elements-holder-custom-800074 {\n\t\t\t\t\t\t\tpadding: 0 6% 0 2% !important;\n\t\t\t\t\t\t}\n\t\t\t\t\t}\n\n\t\t\t\t\t\t\t\t\t<\/style>\n\t\t\t            \t\t\t    [vc_column_text]<\/p>\n<h3>EMBREEX, PIONERO<\/h3>\n<p>[\/vc_column_text][vc_empty_space height=\u00bb5px\u00bb][vc_column_text]Embreex \u2013 Empresa Brasileira de Equipamentos para Exerc\u00edcio (Empresa Brasile\u00f1a de Equipos para el Ejerc\u00edcio), fue fundada en abril de 1993, siendo pionera en el segmento de equipos cardiovasculares en Brasil.<\/p>\n<p>Desde entonces, Embreex evoluciona constantemente sus l\u00edneas de productos. Invierte ampliamente en investigaciones tecnol\u00f3gicas y utiliza las m\u00e1s avanzadas t\u00e9cnicas de automatizaci\u00f3n en los procesos de desarrollo y producci\u00f3n de sus equipos, innovando la industria fitness.[\/vc_column_text][vc_empty_space height=\u00bb50px\u00bb]            \t\t<\/div>\n\t<\/div>\n<\/div><div class=\"mkd-elements-holder-item mkd-width-1-2 mkd-horizontal-alignment-left\"  >\n\t<div class=\"mkd-elements-holder-item-inner\">\n\t\t<div class=\"mkd-elements-holder-item-content mkd-elements-holder-custom-447586\" style=\"padding: 0 0 0 0\">\n\t\t\t\t\t\t\t<style type=\"text\/css\" data-type=\"mkd-elements-custom-padding\" scoped>\n\t\t\t\t\t\t\t\t\t\t@media only screen and (min-width: 1280px) and (max-width: 1440px) {\n\t\t\t\t\t\t.mkd-elements-holder .mkd-elements-holder-item-content.mkd-elements-holder-custom-447586 {\n\t\t\t\t\t\t\tpadding: 0 0% 0 0 !important;\n\t\t\t\t\t\t}\n\t\t\t\t\t}\n\n\t\t\t\t\t\t\t\t\t\t\t\t\t\t\t@media only screen and (min-width: 1024px) and (max-width: 1280px) {\n\t\t\t\t\t\t.mkd-elements-holder .mkd-elements-holder-item-content.mkd-elements-holder-custom-447586 {\n\t\t\t\t\t\t\tpadding: 0 0% 0 0 !important;\n\t\t\t\t\t\t}\n\t\t\t\t\t}\n\n\t\t\t\t\t\t\t\t\t\t\t\t\t\t\t@media only screen and (min-width: 768px) and (max-width: 1024px) {\n\t\t\t\t\t\t.mkd-elements-holder .mkd-elements-holder-item-content.mkd-elements-holder-custom-447586 {\n\t\t\t\t\t\t\tpadding: 0 15% 0 0 !important;\n\t\t\t\t\t\t}\n\t\t\t\t\t}\n\n\t\t\t\t\t\t\t\t\t\t\t\t\t\t\t@media only screen and (min-width: 600px) and (max-width: 768px) {\n\t\t\t\t\t\t.mkd-elements-holder .mkd-elements-holder-item-content.mkd-elements-holder-custom-447586 {\n\t\t\t\t\t\t\tpadding: 0 5% 0 0 !important;\n\t\t\t\t\t\t}\n\t\t\t\t\t}\n\n\t\t\t\t\t\t\t\t\t\t\t\t\t\t\t@media only screen and (min-width: 480px) and (max-width: 600px) {\n\t\t\t\t\t\t.mkd-elements-holder .mkd-elements-holder-item-content.mkd-elements-holder-custom-447586 {\n\t\t\t\t\t\t\tpadding: 0 0% 0 0 !important;\n\t\t\t\t\t\t}\n\t\t\t\t\t}\n\n\t\t\t\t\t\t\t\t\t\t\t\t\t\t\t@media only screen and (max-width: 480px) {\n\t\t\t\t\t\t.mkd-elements-holder .mkd-elements-holder-item-content.mkd-elements-holder-custom-447586 {\n\t\t\t\t\t\t\tpadding: 0 0% 0 0 !important;\n\t\t\t\t\t\t}\n\t\t\t\t\t}\n\n\t\t\t\t\t\t\t\t\t<\/style>\n\t\t\t            \t\t\t    <div class=\"mkd-iwt clearfix mkd-iwt-icon-left mkd-iwt-icon-small\" >\n\t<div class=\"mkd-iwt-icon-holder\">\n\t\t\t\t\t\n\t<span class=\"mkd-icon-shortcode circle mkd-icon-small\" style=\"margin: 0 30px 40px 0;background-color: #eef1f4\" data-color=\"#2d2d2d\">\n        \n\t\t\t<i class=\"mkd-icon-linear-icon lnr lnr-apartment mkd-icon-element\" style=\"color: #2d2d2d\" ><\/i>\n\t\t\t    <\/span>\n\n\t\t\t\t<\/div>\n\t<div class=\"mkd-iwt-content-holder\" >\n\t\t\t\t<div class=\"mkd-iwt-title-holder\">\n\t\t\t<h5\t\t\tclass=\"mkd-iwt-title\" \t\t\t>Nuestra estructura<\/h5>\n\t<\/div>\n\t\t<div class=\"mkd-iwt-text-holder\">\n\t\t<p >El parque industrial Embreex est\u00e1 instalado en su propia \u00e1rea de 56,000 m2, en Santa Catarina, en la pr\u00f3spera regi\u00f3n del Vale do Itaja\u00ed, en la ciudad de Brusque, un lugar de alta calidad de vida y mayor longevidad del pa\u00eds.<\/p>\n\n\t\t\t<\/div>\n<\/div>\n<\/div><div class=\"mkd-separator-holder clearfix  mkd-separator-center\">\n\t<div class=\"mkd-separator\" style=\"border-color: #eef1f4;border-style: solid;width: 550px;border-bottom-width: 1px;margin-top: 35px;margin-bottom: 50px\"><\/div>\n<\/div>\n<div class=\"mkd-iwt clearfix mkd-iwt-icon-left mkd-iwt-icon-small\" >\n\t<div class=\"mkd-iwt-icon-holder\">\n\t\t\t\t\t\n\t<span class=\"mkd-icon-shortcode circle mkd-icon-small\" style=\"margin: 0 30px 40px 0;background-color: #eef1f4\" data-color=\"#2d2d2d\">\n        \n\t\t\t<i class=\"mkd-icon-linear-icon lnr lnr-phone-handset mkd-icon-element\" style=\"color: #2d2d2d\" ><\/i>\n\t\t\t    <\/span>\n\n\t\t\t\t<\/div>\n\t<div class=\"mkd-iwt-content-holder\" >\n\t\t\t\t<div class=\"mkd-iwt-title-holder\">\n\t\t\t<h5\t\t\tclass=\"mkd-iwt-title\" \t\t\t>El mejor servicio<\/h5>\n\t<\/div>\n\t\t<div class=\"mkd-iwt-text-holder\">\n\t\t<p >Embreex ofrece una atenci\u00f3n personalizada, productos para la entrega inmediata y Servicio de Asistencia T\u00e9cnica \u00e1gil y eficiente, superando las expectativas y cumpliendo con las m\u00e1s altas exigencias del mercado fitness nacional e internacional.<\/p>\n\n\t\t\t<\/div>\n<\/div>\n<\/div>[vc_empty_space height=\u00bb30px\u00bb]            \t\t<\/div>\n\t<\/div>\n<\/div><\/div>[\/vc_column][\/vc_row][vc_row][vc_column]<div class=\"mkd-elements-holder mkd-responsive-mode-1024 mkd-one-column-alignment-left\" ><div class=\"mkd-elements-holder-item mkd-width-1-2 mkd-horizontal-alignment-left\"  style=\"background-image: url(https:\/\/embreex.com.br\/wp-content\/uploads\/2019\/08\/A-Embreex-foto-esquerda.jpg)\">\n\t<div class=\"mkd-elements-holder-item-inner\">\n\t\t<div class=\"mkd-elements-holder-item-content mkd-elements-holder-custom-520690\" style=\"padding: 0 0 0 0\">\n\t\t\t\t\t\t\t<style type=\"text\/css\" data-type=\"mkd-elements-custom-padding\" scoped>\n\t\t\t\t\t\t\t\t\t\t\t\t\t\t\t\t\t\t\t\t@media only screen and (min-width: 768px) and (max-width: 1024px) {\n\t\t\t\t\t\t.mkd-elements-holder .mkd-elements-holder-item-content.mkd-elements-holder-custom-520690 {\n\t\t\t\t\t\t\tpadding: 29.5% 0 30% 0 !important;\n\t\t\t\t\t\t}\n\t\t\t\t\t}\n\n\t\t\t\t\t\t\t\t\t\t\t\t\t\t\t\t\t\t\t\t\t\t\t\t<\/style>\n\t\t\t            \t\t\t                \t\t<\/div>\n\t<\/div>\n<\/div><div class=\"mkd-elements-holder-item mkd-width-1-2 mkd-horizontal-alignment-left\"  style=\"background-color: #272727\">\n\t<div class=\"mkd-elements-holder-item-inner\">\n\t\t<div class=\"mkd-elements-holder-item-content mkd-elements-holder-custom-120358\" style=\"padding: 15% 22% 15% 15.7%\">\n\t\t\t\t\t\t\t<style type=\"text\/css\" data-type=\"mkd-elements-custom-padding\" scoped>\n\t\t\t\t\t\t\t\t\t\t@media only screen and (min-width: 1280px) and (max-width: 1440px) {\n\t\t\t\t\t\t.mkd-elements-holder .mkd-elements-holder-item-content.mkd-elements-holder-custom-120358 {\n\t\t\t\t\t\t\tpadding: 15% 15% 15% 15% !important;\n\t\t\t\t\t\t}\n\t\t\t\t\t}\n\n\t\t\t\t\t\t\t\t\t\t\t\t\t\t\t@media only screen and (min-width: 1024px) and (max-width: 1280px) {\n\t\t\t\t\t\t.mkd-elements-holder .mkd-elements-holder-item-content.mkd-elements-holder-custom-120358 {\n\t\t\t\t\t\t\tpadding: 15% 13% 15% 13% !important;\n\t\t\t\t\t\t}\n\t\t\t\t\t}\n\n\t\t\t\t\t\t\t\t\t\t\t\t\t\t\t@media only screen and (min-width: 768px) and (max-width: 1024px) {\n\t\t\t\t\t\t.mkd-elements-holder .mkd-elements-holder-item-content.mkd-elements-holder-custom-120358 {\n\t\t\t\t\t\t\tpadding: 15% 28% 15% 13% !important;\n\t\t\t\t\t\t}\n\t\t\t\t\t}\n\n\t\t\t\t\t\t\t\t\t\t\t\t\t\t\t@media only screen and (min-width: 600px) and (max-width: 768px) {\n\t\t\t\t\t\t.mkd-elements-holder .mkd-elements-holder-item-content.mkd-elements-holder-custom-120358 {\n\t\t\t\t\t\t\tpadding: 15% 11% 15% 11% !important;\n\t\t\t\t\t\t}\n\t\t\t\t\t}\n\n\t\t\t\t\t\t\t\t\t\t\t\t\t\t\t@media only screen and (min-width: 480px) and (max-width: 600px) {\n\t\t\t\t\t\t.mkd-elements-holder .mkd-elements-holder-item-content.mkd-elements-holder-custom-120358 {\n\t\t\t\t\t\t\tpadding: 15% 5% 15% 5% !important;\n\t\t\t\t\t\t}\n\t\t\t\t\t}\n\n\t\t\t\t\t\t\t\t\t\t\t\t\t\t\t@media only screen and (max-width: 480px) {\n\t\t\t\t\t\t.mkd-elements-holder .mkd-elements-holder-item-content.mkd-elements-holder-custom-120358 {\n\t\t\t\t\t\t\tpadding: 15% 4% 15% 3% !important;\n\t\t\t\t\t\t}\n\t\t\t\t\t}\n\n\t\t\t\t\t\t\t\t\t<\/style>\n\t\t\t            \t\t\t    [vc_column_text]<\/p>\n<h3 style=\"color: #ffffff;\">Estructura de alta tecnolog\u00eda<\/h3>\n<p>[\/vc_column_text][vc_empty_space height=\u00bb30px\u00bb]<div class=\"mkd-iwt clearfix mkd-iwt-icon-left mkd-iwt-icon-small\" >\n\t<div class=\"mkd-iwt-icon-holder\">\n\t\t\t\t\t\n\t<span class=\"mkd-icon-shortcode normal\" style=\"margin: 0 25px 60px 0\" data-color=\"#e61d39\">\n        \n\t\t\t<i class=\"mkd-icon-linear-icon lnr lnr-construction mkd-icon-element\" style=\"color: #e61d39;font-size:36px\" ><\/i>\n\t\t\t    <\/span>\n\n\t\t\t\t<\/div>\n\t<div class=\"mkd-iwt-content-holder\" >\n\t\t\t<div class=\"mkd-iwt-text-holder\">\n\t\t<p style=\"color: #ffffff\">El moderno parque fabril cuenta con impresoras 3D de creaci\u00f3n de prototipos, centros de mecanizado CNC de \u00faltima generaci\u00f3n, corte y torneado CNC de tubos con alta precisi\u00f3n, corte de acero con tecnolog\u00eda CNC de plasma y c\u00e9lulas robotizadas de soldadura.<\/p>\n\n\t\t\t<\/div>\n<\/div>\n<\/div>[vc_empty_space height=\u00bb35px\u00bb]<div class=\"mkd-iwt clearfix mkd-iwt-icon-left mkd-iwt-icon-small\" >\n\t<div class=\"mkd-iwt-icon-holder\">\n\t\t\t\t\t\n\t<span class=\"mkd-icon-shortcode normal\" style=\"margin: 0 25px 60px 0\" data-color=\"#e61d39\">\n        \n\t\t\t<i class=\"mkd-icon-linear-icon lnr lnr-users mkd-icon-element\" style=\"color: #e61d39;font-size:36px\" ><\/i>\n\t\t\t    <\/span>\n\n\t\t\t\t<\/div>\n\t<div class=\"mkd-iwt-content-holder\" >\n\t\t\t<div class=\"mkd-iwt-text-holder\">\n\t\t<p style=\"color: #ffffff\">Toda esta tecnolog\u00eda, aliada a un equipo profesional cualificado, asegura el alto nivel de calidad y resulta en equipos actuales, de alto rendimiento, que permiten a los deportistas profesionales y aficionados lograr el mejor rendimiento en sus entrenamientos f\u00edsico.<\/p>\n\n\t\t\t<\/div>\n<\/div>\n<\/div>            \t\t<\/div>\n\t<\/div>\n<\/div><\/div>[\/vc_column][\/vc_row][vc_row][vc_column][vc_empty_space height=\u00bb90px\u00bb][\/vc_column][\/vc_row]<\/p>\n<\/div>","protected":false},"excerpt":{"rendered":"<p>[vc_row content_width=\u00bbgrid\u00bb css=\u00bb.vc_custom_1487945520157{padding-top: 116px !important;padding-bottom: 71px !important;}\u00bb][vc_column][\/vc_column][\/vc_row][vc_row][vc_column][\/vc_column][\/vc_row][vc_row][vc_column][vc_empty_space height=\u00bb90px\u00bb][\/vc_column][\/vc_row]<\/p>\n","protected":false},"author":2,"featured_media":0,"parent":0,"menu_order":0,"comment_status":"closed","ping_status":"closed","template":"full-width.php","meta":{"footnotes":""},"class_list":["post-12729","page","type-page","status-publish","hentry"],"_links":{"self":[{"href":"https:\/\/embreex.com.br\/es\/wp-json\/wp\/v2\/pages\/12729","targetHints":{"allow":["GET"]}}],"collection":[{"href":"https:\/\/embreex.com.br\/es\/wp-json\/wp\/v2\/pages"}],"about":[{"href":"https:\/\/embreex.com.br\/es\/wp-json\/wp\/v2\/types\/page"}],"author":[{"embeddable":true,"href":"https:\/\/embreex.com.br\/es\/wp-json\/wp\/v2\/users\/2"}],"replies":[{"embeddable":true,"href":"https:\/\/embreex.com.br\/es\/wp-json\/wp\/v2\/comments?post=12729"}],"version-history":[{"count":0,"href":"https:\/\/embreex.com.br\/es\/wp-json\/wp\/v2\/pages\/12729\/revisions"}],"wp:attachment":[{"href":"https:\/\/embreex.com.br\/es\/wp-json\/wp\/v2\/media?parent=12729"}],"curies":[{"name":"wp","href":"https:\/\/api.w.org\/{rel}","templated":true}]}}