{"id":29418,"date":"2022-02-02T10:27:52","date_gmt":"2022-02-02T13:27:52","guid":{"rendered":"http:\/\/embreex.com.br\/?post_type=product&#038;p=29418"},"modified":"2025-02-24T11:14:38","modified_gmt":"2025-02-24T14:14:38","slug":"estacao-406","status":"publish","type":"product","link":"https:\/\/embreex.com.br\/en\/produto\/estacao-406\/","title":{"rendered":"STATION 406"},"content":{"rendered":"<p><\/p>\n<div class=\"mkd-grid-col-4\">\n<h5>QUANTITY OF EXERCISES<\/h5>\n<p>27 exerc\u00edcios<\/p>\n<\/div>\n<div class=\"mkd-grid-col-4\">\n<h5>STRUCTURE<\/h5>\n<p>a\u00e7o carbono<\/p>\n<\/div>\n<div class=\"mkd-grid-col-4\">\n<h5>FAIRING<\/h5>\n<p>&#8211;<\/p>\n<\/div>\n<div style=\"clear: both;\"><\/div>\n<div class=\"mkd-grid-col-4\">\n<h5>COATING<\/h5>\n<p>eletrost\u00e1tica<\/p>\n<\/div>\n<div class=\"mkd-grid-col-4\">\n<h5>WEIGHTS<\/h5>\n<p>com al\u00e7a e plastificadas para reduzir o som de impacto e impedir a oxida\u00e7\u00e3o<\/p>\n<\/div>\n<div class=\"mkd-grid-col-4\">\n<h5>TRANSMISSION SYSTEM<\/h5>\n<p>polias com rolamento interno para movimentos macios e silenciosos<\/p>\n<\/div>\n<div style=\"clear: both;\"><\/div>\n<div class=\"mkd-grid-col-4\">\n<h5>STEEL CABLE<\/h5>\n<p>5mm de espessura com revestimento em nylon<\/p>\n<\/div>\n<div class=\"mkd-grid-col-4\">\n<h5>LOAD<\/h5>\n<p>at\u00e9 75kg<\/p>\n<\/div>\n<div class=\"mkd-grid-col-4\">\n<h5>GUIDE TO WEIGHTS<\/h5>\n<p>em a\u00e7o carbono com buchas deslizantes em pol\u00edmero<\/p>\n<\/div>\n<div style=\"clear: both;\"><\/div>\n<div class=\"mkd-grid-col-4\">\n<h5>SELECTOR LOADING SHAFT<\/h5>\n<p>em a\u00e7o com revestimento antioxidante e manopla anat\u00f4mica<\/p>\n<\/div>\n<div class=\"mkd-grid-col-4\">\n<h5>LOAD SELECTION SYSTEM<\/h5>\n<p>de f\u00e1cil manuseio, com haste em a\u00e7o carbono e revestimento antioxidante<\/p>\n<\/div>\n<div class=\"mkd-grid-col-4\">\n<h5>SEAT<\/h5>\n<p>encosto e assento isentos de costura, em couro ecol\u00f3gico<\/p>\n<\/div>\n<div style=\"clear: both;\"><\/div>\n<div class=\"mkd-grid-col-4\">\n<h5>HAND GRIPS<\/h5>\n<p>com toque texturizado e acabamento imperme\u00e1vel<\/p>\n<\/div>\n<div class=\"mkd-grid-col-4\">\n<h5>HANDS AND FEET SUPPORT<\/h5>\n<p>&nbsp;<\/p>\n<\/div>\n<div class=\"mkd-grid-col-4\">\n<h5><\/h5>\n<\/div>\n<div style=\"clear: both;\"><\/div>\n<div class=\"mkd-grid-col-4\">\n<h5><\/h5>\n<\/div>\n<div class=\"mkd-grid-col-4\">\n<h5><\/h5>\n<\/div>\n<div class=\"mkd-grid-col-4\">\n<h5><\/h5>\n<\/div>\n<div style=\"clear: both;\"><\/div>\n<div class=\"mkd-grid-col-4\">\n<h5><\/h5>\n<\/div>\n<div class=\"mkd-grid-col-4\">\n<h5><\/h5>\n<\/div>\n<div class=\"mkd-grid-col-4\">\n<h5><\/h5>\n<\/div>\n<div style=\"clear: both;\"><\/div>\n<div class=\"mkd-grid-col-4\">\n<h5><\/h5>\n<\/div>\n<div class=\"mkd-grid-col-4\">\n<h5><\/h5>\n<\/div>\n<div class=\"mkd-grid-col-4\">\n<h5><\/h5>\n<\/div>\n<div style=\"clear: both;\"><\/div>\n<div class=\"mkd-grid-col-4\">\n<h5><\/h5>\n<\/div>\n<div class=\"mkd-grid-col-4\">\n<h5><\/h5>\n<\/div>\n<div class=\"mkd-grid-col-4\">\n<h5><\/h5>\n<\/div>\n<div style=\"clear: both;\"><\/div>\n<div class=\"mkd-grid-col-4\">\n<h5><\/h5>\n<\/div>\n<div class=\"mkd-grid-col-4\">\n<h5><\/h5>\n<\/div>\n<div style=\"clear: both;\"><\/div>\n<div class=\"mkd-grid-col-4 bt-pula idioma-portugues\"><a href=\"http:\/\/embreex.com.br\/wp-content\/uploads\/2022\/09\/406_09_2022.pdf\" class=\"bt-manut\">manual do produto<\/a><\/div>\n<div class=\"mkd-grid-col-4 bt-pula2 idioma-portugues\"><a href=\"\/forca\/\" class=\"bt-manut\">manuten\u00e7\u00e3o preventiva<\/a><\/div>\n<div class=\"mkd-grid-col-4 bt-pula2 idioma-espanhol\"><a href=\"\/forca\/\" class=\"bt-manut\">Mantenimiento preventivo<\/a><\/div>\n<div class=\"mkd-grid-col-4 bt-pula2 idioma-ingles\"><a href=\"\/forca\/\" class=\"bt-manut\">Preventive Maintenance<\/a><\/div>\n<div style=\"clear: both;\"><\/div>\n<p><\/p>","protected":false},"excerpt":{"rendered":"<p class=\"qtranxs-available-languages-message qtranxs-available-languages-message-en\">Sorry, this entry is only available in <a href=\"https:\/\/embreex.com.br\/pb\/wp-json\/wp\/v2\/product\/29418\" class=\"qtranxs-available-language-link qtranxs-available-language-link-pb\" title=\"PT\">PT<\/a>.<\/p>\n","protected":false},"featured_media":34617,"template":"","meta":[],"product_brand":[],"product_cat":[330],"product_tag":[],"class_list":{"0":"post-29418","1":"product","2":"type-product","3":"status-publish","4":"has-post-thumbnail","6":"product_cat-club","7":"pa_anilhas-plastificadas-para-reduzir-o-som-de-impacto-e-impedir-a-oxidacao","8":"pa_assento-encosto-e-assento-espumados-em-couro-ecologico","9":"pa_cabo-de-aco-revestimento-em-nylon","10":"pa_carga-ate-45kg","11":"pa_categoria-forca-multi-station","12":"pa_estrutura-aco-carbono","13":"pa_finalidade-residencial","14":"pa_finalidade-semiprofissional","15":"pa_garantia-ate-1-ano","16":"pa_guia-dos-pesos-guia-da-torre-de-peso-em-aco-carbono-com-buchas-deslizantes-em-polimero","17":"pa_haste-seletora-de-carga-barra-em-aco-com-revestimento-antioxidante","18":"pa_pega-maos-com-toque-texturizado-e-acabamento-impermeavel","19":"pa_pintura-eletrostatica","20":"pa_quantidade-de-exercicios-21-exercicios","21":"pa_sistema-de-transmissao-polias-com-rolamento-interno-para-movimentos-macios-e-agradaveis","22":"pa_tipo-de-treino-treino-de-forca","24":"first","25":"instock","26":"product-type-simple"},"_links":{"self":[{"href":"https:\/\/embreex.com.br\/en\/wp-json\/wp\/v2\/product\/29418","targetHints":{"allow":["GET"]}}],"collection":[{"href":"https:\/\/embreex.com.br\/en\/wp-json\/wp\/v2\/product"}],"about":[{"href":"https:\/\/embreex.com.br\/en\/wp-json\/wp\/v2\/types\/product"}],"wp:featuredmedia":[{"embeddable":true,"href":"https:\/\/embreex.com.br\/en\/wp-json\/wp\/v2\/media\/34617"}],"wp:attachment":[{"href":"https:\/\/embreex.com.br\/en\/wp-json\/wp\/v2\/media?parent=29418"}],"wp:term":[{"taxonomy":"product_brand","embeddable":true,"href":"https:\/\/embreex.com.br\/en\/wp-json\/wp\/v2\/product_brand?post=29418"},{"taxonomy":"product_cat","embeddable":true,"href":"https:\/\/embreex.com.br\/en\/wp-json\/wp\/v2\/product_cat?post=29418"},{"taxonomy":"product_tag","embeddable":true,"href":"https:\/\/embreex.com.br\/en\/wp-json\/wp\/v2\/product_tag?post=29418"}],"curies":[{"name":"wp","href":"https:\/\/api.w.org\/{rel}","templated":true}]}}