{"id":21545,"date":"2019-08-20T08:39:32","date_gmt":"2019-08-20T11:39:32","guid":{"rendered":"http:\/\/embreex.com.br\/?page_id=21545"},"modified":"2019-11-14T00:14:29","modified_gmt":"2019-11-14T02:14:29","slug":"assistencia-pre-e-pos-vendas","status":"publish","type":"page","link":"https:\/\/embreex.com.br\/en\/assistencia-pre-e-pos-vendas\/","title":{"rendered":"Assist\u00eancia pr\u00e9 e p\u00f3s-vendas"},"content":{"rendered":"<p class=\"qtranxs-available-languages-message qtranxs-available-languages-message-en\">Sorry, this entry is only available in <a href=\"https:\/\/embreex.com.br\/pb\/wp-json\/wp\/v2\/pages\/21545\" class=\"qtranxs-available-language-link qtranxs-available-language-link-pb\" title=\"PT\">PT<\/a>.<\/p>","protected":false},"excerpt":{"rendered":"<p>Sorry, this entry is only available in PT.<\/p>\n","protected":false},"author":2,"featured_media":0,"parent":0,"menu_order":0,"comment_status":"closed","ping_status":"closed","template":"full-width.php","meta":{"footnotes":""},"class_list":["post-21545","page","type-page","status-publish","hentry"],"_links":{"self":[{"href":"https:\/\/embreex.com.br\/en\/wp-json\/wp\/v2\/pages\/21545","targetHints":{"allow":["GET"]}}],"collection":[{"href":"https:\/\/embreex.com.br\/en\/wp-json\/wp\/v2\/pages"}],"about":[{"href":"https:\/\/embreex.com.br\/en\/wp-json\/wp\/v2\/types\/page"}],"author":[{"embeddable":true,"href":"https:\/\/embreex.com.br\/en\/wp-json\/wp\/v2\/users\/2"}],"replies":[{"embeddable":true,"href":"https:\/\/embreex.com.br\/en\/wp-json\/wp\/v2\/comments?post=21545"}],"version-history":[{"count":0,"href":"https:\/\/embreex.com.br\/en\/wp-json\/wp\/v2\/pages\/21545\/revisions"}],"wp:attachment":[{"href":"https:\/\/embreex.com.br\/en\/wp-json\/wp\/v2\/media?parent=21545"}],"curies":[{"name":"wp","href":"https:\/\/api.w.org\/{rel}","templated":true}]}}