{"id":18615,"date":"2019-06-12T09:50:57","date_gmt":"2019-06-12T12:50:57","guid":{"rendered":"http:\/\/embreex.com.br\/?page_id=18615"},"modified":"2022-08-29T09:24:15","modified_gmt":"2022-08-29T12:24:15","slug":"politica-de-privacidade","status":"publish","type":"page","link":"https:\/\/embreex.com.br\/en\/politica-de-privacidade\/","title":{"rendered":"Privacy policy"},"content":{"rendered":"<div class=\"wpb-content-wrapper\"><p>[vc_row content_width=&#8221;grid&#8221;][vc_column][vc_column_text]Embreex Ind. e Com. Ltda. informa a los usuarios de su sitio web de su pol\u00edtica de protecci\u00f3n de datos personales para que los usuarios determinen libre y voluntariamente si desean proporcionar sus datos personales a Embreex. Ind. e Com. Ltda.<\/p>\n<p>El embreex. Ind. e Com. Ltda. se reserva el derecho de modificar esta pol\u00edtica seg\u00fan lo considere necesario mediante la publicaci\u00f3n de la nueva pol\u00edtica en esta p\u00e1gina dentro de un aviso razonable de su aplicaci\u00f3n pr\u00e1ctica.<\/p>\n<p>Todos los datos personales informados por los usuarios al completar los formularios en l\u00ednea se procesar\u00e1n autom\u00e1ticamente y se incorporar\u00e1n a los registros electr\u00f3nicos correspondientes de datos personales, de los cuales Embreex Ind. e Com. Ltda. se convierte en titular y responsable.<\/p>\n<p>A trav\u00e9s de esto, Embreex Ind. e Com. Ltda. proporciona a los usuarios los recursos t\u00e9cnicos necesarios para que puedan definir de antemano si aceptar\u00e1n enviar sus datos personales a Embreex Ind. e Com. Ltda.<\/p>\n<p>Al registrarse, acepta recibir material informativo de Embreex Ind. e Com. Ltda y podemos enviarle mensajes de correo electr\u00f3nico sobre productos y servicios que creemos que pueden interesarle. Si ya no desea recibir estos materiales, puede cambiar su informaci\u00f3n de registro en cualquier momento seleccionando la opci\u00f3n de no recibir dichas comunicaciones.<\/p>\n<p>El usuario garantiza que todos los datos personales suministrados a Embreex Ind.e Com. Ltda. son verdaderas y se compromete a comunicarse con Embreex Ind. e Com. Ltda. cualquier modificaci\u00f3n a ellos.<\/p>\n<p>Para ser publicados, los comentarios se env\u00edan a Embreex Ind. E Com. Ltda. debe obedecer las siguientes reglas:<\/p>\n<p>* No contiene comentarios pol\u00edticos, religiosos, sociales, culturales que puedan generar ning\u00fan tipo de discriminaci\u00f3n o discusi\u00f3n ideol\u00f3gica;<\/p>\n<p>* No contiene errores gramaticales o lenguaje de chat;<\/p>\n<p>* No use palabras profanas o ofensivas;<\/p>\n<p>* No alude a la competencia;<\/p>\n<p>* No divulgue tel\u00e9fonos o direcciones de sitios web de terceros;<\/p>\n<p>Embreex Ind. E Com. Ltda. se reserva el derecho de no publicar todos los comentarios enviados por los internautas.<\/p>\n<p>Las opiniones publicadas no reflejan necesariamente la opini\u00f3n de Embreex Ind. E Com. Ltda.[\/vc_column_text][vc_empty_space height=&#8221;90px&#8221; el_class=&#8221;espaco-mobile&#8221;][\/vc_column][\/vc_row]<\/p>\n<\/div>","protected":false},"excerpt":{"rendered":"<p>[vc_row content_width=&#8221;grid&#8221;][vc_column][vc_column_text]Embreex Ind. e Com. Ltda. informa a los usuarios de su sitio web de su pol\u00edtica de protecci\u00f3n de datos personales para que los usuarios determinen libre y voluntariamente si desean proporcionar sus datos personales a Embreex. Ind. e Com. Ltda. El embreex. Ind&#8230;.<\/p>\n","protected":false},"author":2,"featured_media":0,"parent":0,"menu_order":0,"comment_status":"closed","ping_status":"closed","template":"full-width.php","meta":{"footnotes":""},"class_list":["post-18615","page","type-page","status-publish","hentry"],"_links":{"self":[{"href":"https:\/\/embreex.com.br\/en\/wp-json\/wp\/v2\/pages\/18615","targetHints":{"allow":["GET"]}}],"collection":[{"href":"https:\/\/embreex.com.br\/en\/wp-json\/wp\/v2\/pages"}],"about":[{"href":"https:\/\/embreex.com.br\/en\/wp-json\/wp\/v2\/types\/page"}],"author":[{"embeddable":true,"href":"https:\/\/embreex.com.br\/en\/wp-json\/wp\/v2\/users\/2"}],"replies":[{"embeddable":true,"href":"https:\/\/embreex.com.br\/en\/wp-json\/wp\/v2\/comments?post=18615"}],"version-history":[{"count":0,"href":"https:\/\/embreex.com.br\/en\/wp-json\/wp\/v2\/pages\/18615\/revisions"}],"wp:attachment":[{"href":"https:\/\/embreex.com.br\/en\/wp-json\/wp\/v2\/media?parent=18615"}],"curies":[{"name":"wp","href":"https:\/\/api.w.org\/{rel}","templated":true}]}}