{"id":18413,"date":"2019-06-06T17:21:32","date_gmt":"2019-06-06T20:21:32","guid":{"rendered":"http:\/\/embreex.com.br\/?page_id=18413"},"modified":"2023-09-05T09:27:35","modified_gmt":"2023-09-05T12:27:35","slug":"tecnologia","status":"publish","type":"page","link":"https:\/\/embreex.com.br\/en\/tecnologia\/","title":{"rendered":"Technology"},"content":{"rendered":"<div class=\"wpb-content-wrapper\"><p>[vc_row content_width=&#8221;grid&#8221;][vc_column][vc_column_text]Investindo amplamente em pesquisas tecnol\u00f3gicas, a Embreex segue inovando para oferecer aos seus clientes sempre a melhor experi\u00eancia:[\/vc_column_text][vc_empty_space height=&#8221;90px&#8221; el_class=&#8221;espaco-mobile&#8221;][\/vc_column][\/vc_row][vc_row content_width=&#8221;grid&#8221;][vc_column width=&#8221;1\/3&#8243;][vc_single_image image=&#8221;20277&#8243; img_size=&#8221;large&#8221;][vc_empty_space height=&#8221;30px&#8221; el_class=&#8221;espaco-mobile&#8221;][vc_column_text]O maior display Touch Screen da categoria. Tela colorida de 15 polegadas para reprodu\u00e7\u00e3o de filmes e gr\u00e1ficos eletr\u00f4nicos de monitoramento.<\/p>\n<p>Dispon\u00edvel na esteira 860TS.[\/vc_column_text][\/vc_column][vc_column width=&#8221;1\/3&#8243;][vc_single_image image=&#8221;20276&#8243; img_size=&#8221;large&#8221;][vc_empty_space height=&#8221;30px&#8221; el_class=&#8221;espaco-mobile&#8221;][vc_column_text]Soft Deck Shock Absorber System\u00ae: exclusivo sistema de amortecimento que proporciona maior conforto durante o treinamento e promove grande redu\u00e7\u00e3o de impacto nas articula\u00e7\u00f5es dos usu\u00e1rios.<\/p>\n<p>Dispon\u00edvel nas esteiras 820EX, 820EXi, 860, 860TS.<\/p>\n<p>Inclina\u00e7\u00e3o eletr\u00f4nica at\u00e9 20%. A maior inclina\u00e7\u00e3o da categoria. Dispon\u00edvel nas esteiras 860 e 860TS.[\/vc_column_text][\/vc_column][vc_column width=&#8221;1\/3&#8243;][vc_single_image image=&#8221;19869&#8243; img_size=&#8221;large&#8221;][vc_empty_space height=&#8221;30px&#8221; el_class=&#8221;espaco-mobile&#8221;][vc_column_text]A mais ampla gama de programas de treinamento da categoria. S\u00e3o 60 programas exclusivos, de f\u00e1cil utiliza\u00e7\u00e3o, todos com indicadores sonoros e gr\u00e1ficos eletr\u00f4nicos em display LCD de 7 polegadas.<\/p>\n<p>Dispon\u00edvel nas esteiras 820EX, 820EXi e nos equipamentos da Linha Premium GX.[\/vc_column_text][\/vc_column][\/vc_row][vc_row content_width=&#8221;grid&#8221;][vc_column][vc_empty_space height=&#8221;90px&#8221; el_class=&#8221;espaco-mobile&#8221;][\/vc_column][\/vc_row]<\/p>\n<\/div>","protected":false},"excerpt":{"rendered":"<p>[vc_row content_width=&#8221;grid&#8221;][vc_column][vc_column_text]Investindo amplamente em pesquisas tecnol\u00f3gicas, a Embreex segue inovando para oferecer aos seus clientes sempre a melhor experi\u00eancia:[\/vc_column_text][vc_empty_space height=&#8221;90px&#8221; el_class=&#8221;espaco-mobile&#8221;][\/vc_column][\/vc_row][vc_row content_width=&#8221;grid&#8221;][vc_column width=&#8221;1\/3&#8243;][vc_single_image image=&#8221;20277&#8243; img_size=&#8221;large&#8221;][vc_empty_space height=&#8221;30px&#8221; el_class=&#8221;espaco-mobile&#8221;][vc_column_text]O maior display Touch Screen da categoria. Tela colorida de 15 polegadas para reprodu\u00e7\u00e3o de filmes e gr\u00e1ficos eletr\u00f4nicos&#8230;<\/p>\n","protected":false},"author":2,"featured_media":0,"parent":0,"menu_order":0,"comment_status":"closed","ping_status":"closed","template":"full-width.php","meta":{"footnotes":""},"class_list":["post-18413","page","type-page","status-publish","hentry"],"_links":{"self":[{"href":"https:\/\/embreex.com.br\/en\/wp-json\/wp\/v2\/pages\/18413","targetHints":{"allow":["GET"]}}],"collection":[{"href":"https:\/\/embreex.com.br\/en\/wp-json\/wp\/v2\/pages"}],"about":[{"href":"https:\/\/embreex.com.br\/en\/wp-json\/wp\/v2\/types\/page"}],"author":[{"embeddable":true,"href":"https:\/\/embreex.com.br\/en\/wp-json\/wp\/v2\/users\/2"}],"replies":[{"embeddable":true,"href":"https:\/\/embreex.com.br\/en\/wp-json\/wp\/v2\/comments?post=18413"}],"version-history":[{"count":2,"href":"https:\/\/embreex.com.br\/en\/wp-json\/wp\/v2\/pages\/18413\/revisions"}],"predecessor-version":[{"id":32359,"href":"https:\/\/embreex.com.br\/en\/wp-json\/wp\/v2\/pages\/18413\/revisions\/32359"}],"wp:attachment":[{"href":"https:\/\/embreex.com.br\/en\/wp-json\/wp\/v2\/media?parent=18413"}],"curies":[{"name":"wp","href":"https:\/\/api.w.org\/{rel}","templated":true}]}}